{"id":202,"date":"2018-11-27T12:23:58","date_gmt":"2018-11-27T12:23:58","guid":{"rendered":"https:\/\/www.happy-brands.com\/?page_id=202"},"modified":"2021-04-08T14:18:03","modified_gmt":"2021-04-08T12:18:03","slug":"la-nostra-filosofia","status":"publish","type":"page","link":"https:\/\/www.happy-brands.com\/it\/come-panoramica\/la-nostra-filosofia\/","title":{"rendered":"Come lavoriamo \/ La nostra filosofia"},"content":{"rendered":"<div class=\"wpb-content-wrapper\"><div class=\"vc_row wpb_row vc_row-fluid wpex-relative\"><div class=\"wpb_column vc_column_container vc_col-sm-3\"><div class=\"vc_column-inner\"><div class=\"wpb_wrapper\"><h1 class=\"hb-heading\"><span class=\"vcex-heading-inner clr\">Come<br \/>\nNoi<br \/>\nlavoro<br \/>\n\/<br \/>\nNostro<br \/>\nfilosofia<\/span><\/h1><\/div><\/div><\/div><div class=\"wpb_column vc_column_container vc_col-sm-9\"><div class=\"vc_column-inner\"><div class=\"wpb_wrapper\"><div class=\"vcex-spacing wpex-w-100 wpex-clear\" style=\"height:50px;\"><\/div>\n\t<div class=\"wpb_text_column wpb_content_element vc_custom_1567069433134\" >\n\t\t<div class=\"wpb_wrapper\">\n\t\t\t<p>Creativo. Competentemente. Personale.<br \/>\nQuesto \u00e8 il modo in cui lavoriamo.<\/p>\n<p>Cerchiamo e inventiamo cose nuove e belle che fungano da mezzi pubblicitari accattivanti.<br \/>\nOppure migliorare quelli esistenti.<br \/>\nOltre al processo creativo, ne padroneggiamo un secondo, non meno importante:<br \/>\nProdurre.<\/p>\n<p>Se ti piace un nostro suggerimento, lo implementeremo e lo produrremo per te.<br \/>\nDiretto. Franco fabbrica. Senza intermediari.<\/p>\n<p>Quando si tratta di consulenza e produzione, attribuiamo particolare importanza agli aspetti di sostenibilit\u00e0, sicurezza (in relazione ai nostri impianti di produzione e ai prodotti fabbricati), benessere degli animali e correttezza etica ed economica globale.<\/p>\n<p>Perch\u00e9 lo stiamo facendo bene?<br \/>\nPerch\u00e9 ci piace farlo.<br \/>\nPerch\u00e9 lo facciamo da molto tempo.<br \/>\nPerch\u00e9 sappiamo come funziona e cosa \u00e8 importante.<\/p>\n<p>Chi\/come\/cosa pu\u00f2 dimostrarlo?<br \/>\n<a href=\"\/it\/chi-panoramica\/chi-sono-i-nostri-clienti-di-riferimento\/\">i nostri clienti<\/a>.<br \/>\n<a href=\"\/it\/chi-panoramica\/chi-sono-i-nostri-clienti-di-riferimento\/\">Le nostre referenze<\/a>.<br \/>\n<a href=\"\/it\/come-panoramica\/certificati\/\">I nostri certificati e risultati dei test<\/a>.<br \/>\nPresto tu.<\/p>\n\n\t\t<\/div>\n\t<\/div>\n<\/div><\/div><\/div><\/div><div class=\"vc_row wpb_row vc_row-fluid wpex-relative\"><div class=\"wpb_column vc_column_container vc_col-sm-3\"><div class=\"vc_column-inner\"><div class=\"wpb_wrapper\"><\/div><\/div><\/div><div class=\"wpb_column vc_column_container vc_col-sm-9\"><div class=\"vc_column-inner\"><div class=\"wpb_wrapper\"><div class=\"vc_separator wpb_content_element vc_separator_align_center vc_sep_width_100 vc_sep_pos_align_center vc_separator_no_text vc_sep_color_grey wpb_content_element  wpb_content_element\" ><span class=\"vc_sep_holder vc_sep_holder_l\"><span class=\"vc_sep_line\"><\/span><\/span><span class=\"vc_sep_holder vc_sep_holder_r\"><span class=\"vc_sep_line\"><\/span><\/span>\n<\/div><\/div><\/div><\/div><\/div><div class=\"vc_row wpb_row vc_row-fluid wpex-relative\"><div class=\"wpb_column vc_column_container vc_col-sm-3\"><div class=\"vc_column-inner\"><div class=\"wpb_wrapper\"><\/div><\/div><\/div><div class=\"wpb_column vc_column_container vc_col-sm-9\"><div class=\"vc_column-inner\"><div class=\"wpb_wrapper\"><h4 class=\"vcex-heading vcex-heading-plain vcex-module wpex-heading wpex-text-2xl wpex-h4\"><span class=\"vcex-heading-inner wpex-inline-block\">Caso studio 1 _ Cliente: SportScheck \/ Progetto: Medaglia con fiocco in raso<\/span><\/h4><figure class=\"vcex-image vcex-module  wpb_animate_when_almost_visible wpb_fadeIn fadeIn\"><div class=\"vcex-image-inner wpex-relative wpex-inline-block\"><img width=\"800\" height=\"524\" src=\"https:\/\/www.happy-brands.com\/wp-content\/uploads\/2019\/07\/Giveaway-Medaille.jpg\" class=\"vcex-image-img wpex-align-middle\" alt=\"Medaglia in omaggio\" loading=\"lazy\" decoding=\"async\" \/><\/div><\/figure><\/div><\/div><\/div><\/div><div class=\"vc_row wpb_row vc_row-fluid wpex-relative\"><div class=\"wpb_column vc_column_container vc_col-sm-3\"><div class=\"vc_column-inner\"><div class=\"wpb_wrapper\"><\/div><\/div><\/div><div class=\"wpb_column vc_column_container vc_col-sm-9\"><div class=\"vc_column-inner\"><div class=\"wpb_wrapper\"><div class=\"vc_separator wpb_content_element vc_separator_align_center vc_sep_width_100 vc_sep_pos_align_center vc_separator_no_text vc_sep_color_grey wpb_content_element  wpb_content_element\" ><span class=\"vc_sep_holder vc_sep_holder_l\"><span class=\"vc_sep_line\"><\/span><\/span><span class=\"vc_sep_holder vc_sep_holder_r\"><span class=\"vc_sep_line\"><\/span><\/span>\n<\/div><\/div><\/div><\/div><\/div><div class=\"vc_row wpb_row vc_row-fluid wpex-relative\"><div class=\"wpb_column vc_column_container vc_col-sm-3\"><div class=\"vc_column-inner\"><div class=\"wpb_wrapper\"><\/div><\/div><\/div><div class=\"wpb_column vc_column_container vc_col-sm-9\"><div class=\"vc_column-inner\"><div class=\"wpb_wrapper\"><h4 class=\"vcex-heading vcex-heading-plain vcex-module wpex-heading wpex-text-2xl wpex-h4\"><span class=\"vcex-heading-inner wpex-inline-block\">Caso studio 2 _ Cliente: TOM TAILOR \/ Progetto: Bracciale in pelle con emblema 3D dorato con motivo BAMBI<\/span><\/h4><figure class=\"vcex-image vcex-module  wpb_animate_when_almost_visible wpb_fadeIn fadeIn\"><div class=\"vcex-image-inner wpex-relative wpex-inline-block\"><img width=\"800\" height=\"590\" src=\"https:\/\/www.happy-brands.com\/wp-content\/uploads\/2019\/07\/Werbegeschenk-Lederarmband.jpg\" class=\"vcex-image-img wpex-align-middle\" alt=\"Bracciale in pelle regalo promozionale\" loading=\"lazy\" decoding=\"async\" \/><\/div><\/figure><\/div><\/div><\/div><\/div>\n<\/div>","protected":false},"excerpt":{"rendered":"Come lavoriamo\/la nostra filosofia Creativo. Competentemente. Personale. Questo \u00e8 il modo in cui lavoriamo. Cerchiamo e inventiamo cose nuove e belle che servano come mezzi pubblicitari accattivanti. Oppure migliorare quelli esistenti. Oltre al processo creativo, ne padroneggiamo un secondo, non meno importante: produrre. Se ti piace un nostro suggerimento, lo implementeremo e lo produrremo per te.\u2026","protected":false},"author":1,"featured_media":0,"parent":72,"menu_order":0,"comment_status":"closed","ping_status":"closed","template":"","meta":{"_seopress_robots_primary_cat":"","_seopress_titles_title":"\u1405 Unsere Philosophie | Produktions-Agentur f\u00fcr Kundengeschenke & Eventartikel - HAPPY BRANDS","_seopress_titles_desc":"\u1405 Unsere Philosophie: Kreativ, pers\u00f6nlich, kompetent, verl\u00e4sslich, nachhaltig | Produktions-Agentur f\u00fcr Kundengeschenke, Eventartikel, Bandmerch mit Logo Druck","_seopress_robots_index":"","_seopress_analysis_target_kw":"","footnotes":""},"class_list":["post-202","page","type-page","status-publish","hentry","entry","no-media"],"_links":{"self":[{"href":"https:\/\/www.happy-brands.com\/it\/wp-json\/wp\/v2\/pages\/202","targetHints":{"allow":["GET"]}}],"collection":[{"href":"https:\/\/www.happy-brands.com\/it\/wp-json\/wp\/v2\/pages"}],"about":[{"href":"https:\/\/www.happy-brands.com\/it\/wp-json\/wp\/v2\/types\/page"}],"author":[{"embeddable":true,"href":"https:\/\/www.happy-brands.com\/it\/wp-json\/wp\/v2\/users\/1"}],"replies":[{"embeddable":true,"href":"https:\/\/www.happy-brands.com\/it\/wp-json\/wp\/v2\/comments?post=202"}],"version-history":[{"count":0,"href":"https:\/\/www.happy-brands.com\/it\/wp-json\/wp\/v2\/pages\/202\/revisions"}],"up":[{"embeddable":true,"href":"https:\/\/www.happy-brands.com\/it\/wp-json\/wp\/v2\/pages\/72"}],"wp:attachment":[{"href":"https:\/\/www.happy-brands.com\/it\/wp-json\/wp\/v2\/media?parent=202"}],"curies":[{"name":"parola chiave","href":"https:\/\/api.w.org\/{rel}","templated":true}]}}