{"id":28699,"date":"2024-02-05T13:25:05","date_gmt":"2024-02-05T12:25:05","guid":{"rendered":"https:\/\/www.happy-brands.com\/cookies\/"},"modified":"2025-06-18T13:48:45","modified_gmt":"2025-06-18T11:48:45","slug":"biscotti","status":"publish","type":"page","link":"https:\/\/www.happy-brands.com\/it\/biscotti\/","title":{"rendered":"Biscotti"},"content":{"rendered":"<div class=\"wpb-content-wrapper\"><div class=\"vc_row wpb_row vc_row-fluid wpex-relative\"><div class=\"wpb_column vc_column_container vc_col-sm-3\"><div class=\"vc_column-inner\"><div class=\"wpb_wrapper\"><style>.vcex-heading.vcex_6a09829d3eee7{color:#cccccc;font-size:45px;font-family:Pavanam, sans-serif;font-weight:600;text-transform:uppercase;line-height:.8em;}<\/style><div class=\"vcex-heading vcex-heading-plain vcex-module wpex-heading wpex-text-2xl wpex-div wpex-text-right  wpb_animate_when_almost_visible wpb_fadeIn fadeIn vcex_6a09829d3eee7\"><span class=\"vcex-heading-inner wpex-inline-block\">Biscotti<\/span><\/div><\/div><\/div><\/div><div class=\"wpb_column vc_column_container vc_col-sm-9\"><div class=\"vc_column-inner\"><div class=\"wpb_wrapper\"><div class=\"vcex-spacing wpex-w-100 wpex-clear\" style=\"height:50px;\"><\/div><div class=\"vcex-shortcode wpex-clr\"><p>Il nostro sito web utilizza cookie e tecnologie simili (per comodit\u00e0, tutte le tecnologie sono definite &quot;cookie&quot;). I cookie vengono anche installati da terze parti per nostro conto. Nel documento sottostante, ti informiamo sull&#039;utilizzo dei cookie sul nostro sito web.<\/p>\n\t\t\t\t\t<p class=\"enym-abstract\"><strong>Riepilogo: Non amiamo i cookie e, proprio come te, non amiamo nemmeno i banner sui cookie. Ecco perch\u00e9 lavoriamo costantemente per rendere il nostro sito web il pi\u00f9 possibile privo di cookie. Ad eccezione delle funzioni firewall, login e carrello, abbiamo gi\u00e0 ampiamente implementato questo sistema. Anche il nostro tracciamento, gi\u00e0 anonimizzato, funziona parzialmente senza l&#039;uso di cookie.<\/strong><\/p>\n\n\t\t\t\t\t<h2 class=\"wp-block-heading\">Script<\/h2>\n\t\t\t\t\t<p>Uno script \u00e8 un frammento di codice che permette al nostro sito web di funzionare correttamente e in modo interattivo. Questo codice viene eseguito sul nostro server o sul tuo dispositivo. Gli script potrebbero dover impostare i cookie per funzionare correttamente.<\/p>\n\n\t\t\t\t\t<h2 class=\"wp-block-heading\">Web beacon<\/h2>\n\t\t\t\t\t<p>Un web beacon (chiamato anche pixel tag) \u00e8 un piccolo frammento invisibile di testo o immagine presente su un sito web, utilizzato per monitorare il traffico del sito. A tale scopo, diversi dati vengono recuperati e memorizzati tramite i web beacon. I web beacon vengono utilizzati, ad esempio, per misurare le prestazioni di una campagna pubblicitaria.<\/p>\n\n\t\t\t\t\t<h2 class=\"wp-block-heading\">Biscotti<\/h2>\n\t\t\t\t\t<p>Un cookie \u00e8 un piccolo file di testo semplice che viene inviato insieme alle pagine di questo sito web e memorizzato dal tuo browser sul disco rigido del tuo computer o altro dispositivo. Le informazioni memorizzate in questo file possono essere rispedite ai nostri server o ai server di terze parti in caso di visite successive. La protezione dei dati distingue tre tipi di cookie. Il banner sui cookie e la presente informativa sui cookie ti informano sui cookie utilizzati specificamente su questo sito web.<\/p>\n\t\t\t\t\t\n\t\t\t\t\t<ul class=\"wp-block-list enym-list\">\n\t\t\t\t\t<li><h3 class=\"wp-block-heading\">Cookie tecnicamente necessari e funzionali<\/h3>\n\t\t\t\t\t<p>Alcuni cookie garantiscono il corretto funzionamento di alcune parti del sito web e la memorizzazione delle tue preferenze utente. Impostando i cookie funzionali, rendiamo il nostro sito web pi\u00f9 semplice per te. In questo modo, non devi inserire ripetutamente le stesse informazioni quando visiti il nostro sito web; ad esempio, gli articoli rimangono nel carrello finch\u00e9 non paghi. Potremmo impostare questi cookie senza il tuo consenso.<\/p><\/li>\n\t\t\t\t\t<li><h3 class=\"wp-block-heading\">Cookie analitici<\/h3>\n\t\t\t\t\t<p>Utilizziamo cookie statistici per ottimizzare l&#039;esperienza dei nostri utenti sul sito web. Questi cookie statistici ci forniscono informazioni sull&#039;utilizzo del nostro sito web. Chiediamo il tuo consenso per impostare i cookie analitici.<\/p><\/li>\n\t\t\t\t\t<li><h3 class=\"wp-block-heading\">Cookie di marketing\/tracciamento<\/h3>\n\t\t\t\t\t<p>I cookie di marketing\/tracciamento sono cookie o altre forme di archiviazione locale utilizzati per creare profili utente al fine di visualizzare annunci pubblicitari o per tracciare l&#039;utente su siti web o su pi\u00f9 siti web per scopi di marketing simili.<\/p><\/li>\n\t\t\t\t\t<\/ul>\n\n\t\t\t\t\t<h2 class=\"wp-block-heading\">approvazione<\/h2>\n\t\t\t\t\t<p>Quando visiti per la prima volta il nostro sito web, ti mostreremo un banner con l&#039;opzione di acconsentire all&#039;utilizzo dei cookie. Cliccando su &quot;Accetta&quot;, acconsenti all&#039;utilizzo delle categorie di cookie identificate nella richiesta.<\/p>\n\t\t\t\t\t<p>Puoi modificare il tuo consenso in qualsiasi momento. Per farlo, \u00e8 sufficiente cliccare sull&#039;icona di modifica che appare in basso a sinistra in ogni pagina del browser.<\/p>\n\t\t\t\t\t<p>\u00c8 anche possibile disattivare l&#039;uso dei cookie tramite il browser, ma si prega di notare che in tal caso questo e altri siti web potrebbero non funzionare pi\u00f9 correttamente.<\/p>\n\n\t\t\t\t\t<h2 class=\"wp-block-heading\">Eliminazione dei cookie<\/h2>\n\t\t\t\t\t<p>Puoi utilizzare il tuo browser internet per eliminare i cookie automaticamente o manualmente. Puoi anche scegliere di non accettare affatto determinati cookie. Un&#039;altra opzione \u00e8 quella di modificare le impostazioni del browser internet in modo da ricevere un messaggio ogni volta che viene inserito un cookie. Per ulteriori informazioni su queste opzioni, consulta le istruzioni nella sezione della guida del tuo browser.<\/p>\n\t\t\t\t\t<p>Si prega di notare che il nostro sito web potrebbe non funzionare correttamente se tutti i cookie sono disabilitati. Se elimini i cookie dal tuo browser, verranno ripristinati dopo aver ottenuto il tuo consenso quando visiterai nuovamente il nostro sito web.<\/p>\n\t\t\t\t\t\n\t\t\t\t\t<h2>Servizi principali<\/h2><h3 class=\"wp-block-heading\">WordPress<\/h3>\n\t\t\t\t\t<p>Per gestire questo sito web utilizziamo WordPress come sistema di gestione dei contenuti (CMS). <a href=\"https:\/\/cookiedatabase.org\/service\/wordpress\/\">Per saperne di pi\u00f9<\/a>Per ulteriori informazioni, visitare il sito <a target=\"_blank\" rel=\"noopener\" href=\"https:\/\/de.wordpress.org\/about\/privacy\/\">Informativa sulla privacy di WordPress<\/a>&nbsp;leggere. Questi dati non saranno trasmessi a terzi.<\/p>\n\t\t\t\t\t<p><strong>Funzionale<\/strong><\/p>\n\t\t\t\t\t<figure class=\"wp-block-table\"><table class=\"has-fixed-layout\"><tbody>\n\t\t\t\t\t<tr><td>Cognome<\/td><td>Data di scadenza<\/td><td>funzione<\/td><\/tr>\n\t\t\t\t\t<tr><td><a href=\"https:\/\/cookiedatabase.org\/cookie\/wordpress\/wordpress_logged_in_\/\" target=\"_blank\" rel=\"noopener\">wordpress_loggato_in_*<\/a><\/td><td>sessione<\/td><td>Salva la sessione di accesso<\/td><\/tr>\n\t\t\t\t\t<tr><td><a href=\"https:\/\/cookiedatabase.org\/cookie\/wordpress\/wordpress_test_cookie\/\" target=\"_blank\" rel=\"noopener\">wordpress_test_cookie<\/a><\/td><td>sessione<\/td><td>Controlla se \u00e8 possibile impostare i cookie<\/td><\/tr>\n\t\t\t\t\t<tr><td><a href=\"https:\/\/cookiedatabase.org\/cookie\/wordpress\/wordpress_sec_\/\" target=\"_blank\" rel=\"noopener\">wordpress_sec_*<\/a><\/td><td>15 giorni<\/td><td>Protezione contro gli hacker<\/td><\/tr>\n\t\t\t\t\t<tr><td><a href=\"https:\/\/cookiedatabase.org\/cookie\/wordpress\/wpemojisettingssupports\/\" target=\"_blank\" rel=\"noopener\">wpEmojiSettingsSupports<\/a><\/td><td>sessione<\/td><td>Salva i dettagli del browser<\/td><\/tr>\n\t\t\t\t\t<tr><td><a href=\"https:\/\/cookiedatabase.org\/cookie\/wordpress\/wp_lang\/\" target=\"_blank\" rel=\"noopener\">wp_lang<\/a><\/td><td>sessione<\/td><td>Salva la versione linguistica<\/td><\/tr>\n\t\t\t\t\t<tr><td><a href=\"https:\/\/cookiedatabase.org\/cookie\/wordpress\/wp_data_user_1\/\" target=\"_blank\" rel=\"noopener\">WP_DATA_USER_1<\/a><\/td><td>sessione<\/td><td>Salva le impostazioni di amministrazione<\/td><\/tr>\n\t\t\t\t\t<tr><td><a href=\"https:\/\/cookiedatabase.org\/cookie\/wordpress\/comment_author_email_\/\" target=\"_blank\" rel=\"noopener\">commento_autore_email_*<\/a><\/td><td>1 anno<\/td><td>Salva il commento email<\/td><\/tr>\n\t\t\t\t\t<tr><td><a href=\"https:\/\/cookiedatabase.org\/cookie\/wordpress\/comment_author_url_\/\" target=\"_blank\" rel=\"noopener\">commento_autore_url_*<\/a><\/td><td>1 anno<\/td><td>Salva l&#039;URL del commento<\/td><\/tr>\n\t\t\t\t\t<tr><td><a href=\"https:\/\/cookiedatabase.org\/cookie\/wordpress\/comment_author_\/\" target=\"_blank\" rel=\"noopener\">autore_del_commento_*<\/a><\/td><td>1 anno<\/td><td>Salva il nome del commento<\/td><\/tr>\n\t\t\t\t\t<\/tbody><\/table><\/figure><h2>Monitoraggio<\/h2><h3 class=\"wp-block-heading\">Gestore del consenso (SEOPress)<\/h3>\n\t\t\t\t\t<p>Utilizziamo SEOPress come sistema di gestione della conformit\u00e0 dei cookie. <a href=\"https:\/\/cookiedatabase.org\/service\/wordpress\/\">Per saperne di pi\u00f9<\/a>Per ulteriori informazioni, visitare il sito <a target=\"_blank\" rel=\"noopener\" href=\"https:\/\/de.wordpress.org\/about\/privacy\/\">Informativa sulla privacy di WordPress<\/a>&nbsp;Leggere.<\/p>\n\t\t\t\t\t<p><strong>Funzionale<\/strong><\/p>\n\t\t\t\t\t<figure class=\"wp-block-table\"><table class=\"has-fixed-layout\"><tbody>\n\t\t\t\t\t<tr><td>Cognome<\/td><td>Data di scadenza<\/td><td>funzione<\/td><\/tr>\n\t\t\t\t\t<tr><td><a href=\"https:\/\/cookiedatabase.org\/cookie\/wordpress\/seopress-user-consent-accept\/\" target=\"_blank\" rel=\"noopener\">seopress-user-consent-accept<\/a><\/td><td>14 giorni<\/td><td>Salva la preferenza dei cookie<\/td><\/tr>\n\t\t\t\t\t<\/tbody><\/table><\/figure><h3 class=\"wp-block-heading\">Matomo<\/h3>\n\t\t\t\t\t<p>Utilizziamo Matomo per il monitoraggio anonimo dei visitatori. <a href=\"https:\/\/cookiedatabase.org\/service\/matomo\/\">Per saperne di pi\u00f9<\/a>Per ulteriori informazioni, visitare il sito <a target=\"_blank\" rel=\"noopener\" href=\"https:\/\/matomo.org\/privacy-policy\/\">Informativa sulla privacy di Matomo<\/a>&nbsp;Leggere.<\/p>\n\t\t\t\t\t<p><strong>Marketing\/Monitoraggio<\/strong><\/p>\n\t\t\t\t\t<figure class=\"wp-block-table\"><table class=\"has-fixed-layout\"><tbody>\n\t\t\t\t\t<tr><td>Cognome<\/td><td>Data di scadenza<\/td><td>funzione<\/td><\/tr>\n\t\t\t\t\t<tr><td><a href=\"https:\/\/cookiedatabase.org\/cookie\/matomo\/_pk_ses\/\" target=\"_blank\" rel=\"noopener\">_pk_ses*<\/a><\/td><td>sessione<\/td><td>Comportamento dei visitatori<\/td><\/tr>\n\t\t\t\t\t<tr><td><a href=\"https:\/\/cookiedatabase.org\/cookie\/matomo\/_pk_id\/\" target=\"_blank\" rel=\"noopener\">_pk_id*<\/a><\/td><td>13 mesi<\/td><td>ID visitatore anonimo<\/td><\/tr>\n\t\t\t\t\t<\/tbody><\/table><\/figure><h3 class=\"wp-block-heading\">Google Analytics con conversione tramite Google Tag Manager<\/h3>\n\t\t\t\t\t<p>Utilizziamo Google Analytics, un servizio di analisi web fornito da Google Ireland Limited (&quot;Google&quot;). Google Analytics utilizza i &quot;cookie&quot;, ovvero file di testo che vengono salvati sul tuo computer, per consentire al sito web di analizzare come gli utenti utilizzano il sito. Le informazioni generate dal cookie sull&#039;utilizzo del sito web (incluso il tuo indirizzo IP) vengono generalmente trasmesse a Google e da questa archiviate su server negli Stati Uniti. Utilizziamo Google Analytics per valutare l&#039;utilizzo del nostro sito web e per compilare report sulle attivit\u00e0 del sito. Queste informazioni ci aiutano a migliorare costantemente i nostri servizi. Puoi trovare ulteriori informazioni sul trattamento dei dati da parte di Google Analytics nel [link all&#039;informativa sulla privacy di Google Analytics]. <a href=\"https:\/\/policies.google.com\/privacy\">Informativa sulla privacy di Google<\/a>Utilizziamo anche Google Tag Manager, un sistema di gestione dei tag fornito da Google Ireland Limited. Google Tag Manager non imposta cookie n\u00e9 raccoglie dati personali. Tuttavia, attiva altri tag, che a loro volta potrebbero raccogliere dati. Google Tag Manager non accede a questi dati. Se la disattivazione \u00e8 stata eseguita a livello di dominio o cookie, rimarr\u00e0 attiva per tutti i tag di tracciamento implementati con Google Tag Manager.<\/p>\n\t\t\t\t\t<ul class=\"wp-block-list enym-list\">\n\t\t\t\t\t<li>Fornitore: Alphabet Inc., 1600 Amphitheatre Pkwy, Mountain View, CA 94043-1351, USA.<\/li>\t\t\t\t\n\t\t\t\t\t<li><a href=\"https:\/\/marketingplatform.google.com\/about\/tag-manager\/use-policy\/\">Informativa sulla privacy di Google Analytics \/ Tag Manager<\/a><\/li>\n\t\t\t\t\t<\/ul><h2>Plugin<\/h2><h3 class=\"wp-block-heading\">Modulo di contatto (Formatore)<\/h3>\n\t\t\t\t\t<p><\/p>\n\n\n\n\t\t\t\t\t<h2 class=\"wp-block-heading\">Contatto<\/h2>\n\t\t\t\t\t<p>Per domande o commenti riguardanti la nostra Politica sui cookie e questa dichiarazione, si prega di contattare l&#039;autorit\u00e0 responsabile ai sensi dell&#039;art. 4 (7) del Regolamento generale sulla protezione dei dati dell&#039;UE (GDPR) utilizzando i dettagli di contatto nel nostro <a href=\"\/it\/impronta\/\">impronta<\/a>.<\/p>\n\t\t\t\t\t\n\t\t\t\t\t<p><em>La presente Informativa sui Cookie si applica ai cittadini e ai residenti permanenti dello Spazio Economico Europeo e della Svizzera. Per garantire un funzionamento aggiornato, la presente Informativa sui Cookie \u00e8 stata sincronizzata con il Database dei Cookie. <a ref=\"https:\/\/cookiedatabase.org\/\"\"\">cookiedatabase.org<\/a> confrontato.<\/em><\/p>\n\t\t\t\t<p>Ultimo aggiornamento: 17 maggio 2026<\/p><\/div><\/div><\/div><\/div><\/div>\n<\/div>","protected":false},"excerpt":{"rendered":"CookieIl nostro sito web utilizza cookie e tecnologie simili (per comodit\u00e0, tutte le tecnologie sono definite &quot;cookie&quot;). I cookie vengono anche inseriti da terze parti per nostro conto. Nel documento sottostante, ti informiamo sull&#039;utilizzo dei cookie sul nostro sito web. In breve: non ci piacciono i cookie, e proprio come te, non ci piacciono...","protected":false},"author":1,"featured_media":0,"parent":0,"menu_order":0,"comment_status":"closed","ping_status":"closed","template":"","meta":{"_seopress_robots_primary_cat":"","_seopress_titles_title":"","_seopress_titles_desc":"","_seopress_robots_index":"","_seopress_analysis_target_kw":"","footnotes":""},"class_list":["post-28699","page","type-page","status-publish","hentry","entry","no-media"],"_links":{"self":[{"href":"https:\/\/www.happy-brands.com\/it\/wp-json\/wp\/v2\/pages\/28699","targetHints":{"allow":["GET"]}}],"collection":[{"href":"https:\/\/www.happy-brands.com\/it\/wp-json\/wp\/v2\/pages"}],"about":[{"href":"https:\/\/www.happy-brands.com\/it\/wp-json\/wp\/v2\/types\/page"}],"author":[{"embeddable":true,"href":"https:\/\/www.happy-brands.com\/it\/wp-json\/wp\/v2\/users\/1"}],"replies":[{"embeddable":true,"href":"https:\/\/www.happy-brands.com\/it\/wp-json\/wp\/v2\/comments?post=28699"}],"version-history":[{"count":3,"href":"https:\/\/www.happy-brands.com\/it\/wp-json\/wp\/v2\/pages\/28699\/revisions"}],"predecessor-version":[{"id":58370,"href":"https:\/\/www.happy-brands.com\/it\/wp-json\/wp\/v2\/pages\/28699\/revisions\/58370"}],"wp:attachment":[{"href":"https:\/\/www.happy-brands.com\/it\/wp-json\/wp\/v2\/media?parent=28699"}],"curies":[{"name":"parola chiave","href":"https:\/\/api.w.org\/{rel}","templated":true}]}}