{"id":925,"date":"2018-12-10T09:11:54","date_gmt":"2018-12-10T09:11:54","guid":{"rendered":"https:\/\/www.happy-brands.com\/?page_id=925"},"modified":"2025-02-13T10:31:11","modified_gmt":"2025-02-13T09:31:11","slug":"etica-della-sostenibilita","status":"publish","type":"page","link":"https:\/\/www.happy-brands.com\/it\/come-panoramica\/etica-della-sostenibilita\/","title":{"rendered":"Sostenibilit\u00e0 ed etica"},"content":{"rendered":"<div class=\"wpb-content-wrapper\"><div class=\"vc_row wpb_row vc_row-fluid wpex-relative\"><div class=\"wpb_column vc_column_container vc_col-sm-3\"><div class=\"vc_column-inner\"><div class=\"wpb_wrapper\"><h1 class=\"hb-heading translation-block\"><span class=\"vcex-heading-inner clr\">Dopo-<br> durabilit\u00e0<br> &amp;<br> etica<\/span><\/h1><\/div><\/div><\/div><div class=\"wpb_column vc_column_container vc_col-sm-9\"><div class=\"vc_column-inner\"><div class=\"wpb_wrapper\"><div class=\"vcex-spacing wpex-w-100 wpex-clear\" style=\"height:50px;\"><\/div>\n\t<div class=\"wpb_text_column wpb_content_element vc_custom_1569831618576\" >\n\t\t<div class=\"wpb_wrapper\">\n\t\t\t<p>Accanto al <a href=\"\/it\/come-panoramica\/sicurezza-del-prodotto-qualita-del-prodotto\/\">Sicurezza del prodotto e qualit\u00e0 del prodotto<\/a> Altri fattori che stanno diventando sempre pi\u00f9 importanti per la societ\u00e0 del nostro tempo giocano un ruolo significativo nell&#039;orientamento strategico di HAPPY BRANDS, nella selezione dei prodotti e degli impianti di produzione, nonch\u00e9 nella produzione e nella logistica dei nostri articoli promozionali: ecologici, economici e sociali.<\/p>\n<p>Agiamo e produciamo nel modo pi\u00f9 sostenibile, equo ed etico possibile.<\/p>\n<p>Pertanto lo stesso HAPPY BRANDS, cos\u00ec come i suoi partner e fornitori <a href=\"https:\/\/www.happy-brands.com\/it\/come-panoramica\/certificati\/\">costantemente testati secondo criteri ambientali, economici e sociali e sono ufficialmente certificati<\/a>. Le certificazioni differiscono a seconda del gruppo di prodotti e dell&#039;origine, ma confermano sempre la nostra ambizione di agire in modo ecologico ed equo e di fornire ai nostri clienti materiale pubblicitario sostenibile ed equo.<\/p>\n<p><strong>Criteri ambientali<\/strong> comprendono, tra le altre cose, il divieto di metalli dannosi per l\u2019ambiente, prodotti chimici, pesticidi e organismi geneticamente modificati. Tutti gli additivi devono essere biodegradabili. In generale, dovrebbe essere garantito un metodo di coltivazione e produzione rispettoso dell\u2019ambiente e rispettoso delle risorse, che utilizzi la minor quantit\u00e0 di acqua possibile e crei il minor numero di rifiuti possibile.<\/p>\n<p><strong>Criteri sociali ed etici<\/strong> garantire condizioni di lavoro sicure e salutari, un salario minimo equo e orari di lavoro umani. Naturalmente il lavoro minorile, il lavoro forzato e la discriminazione sono espressamente vietati.<\/p>\n<p>Nel <strong>zona economica<\/strong> si tratta principalmente di un commercio globale equo e di relazioni commerciali trasparenti. Nei luoghi di produzione vengono pagati prezzi adeguati ed equi e vi \u00e8 prova ufficiale del flusso di merci e denaro.<\/p>\n<p>Il pi\u00f9 importante <a href=\"\/it\/come-panoramica\/certificati\/\">Certificazioni<\/a>che controllano e confermano questi punti <a href=\"https:\/\/www.global-standard.org\/de\/\" target=\"_blank\" rel=\"noopener\">GOTS (standard globale per i tessili organici)<\/a>, <a href=\"https:\/\/www.fairtrade-deutschland.de\/produkte\/baumwolle-und-textilien\/hintergrund-fairtrade-baumwolle\" target=\"_blank\" rel=\"noopener\">Cotone del commercio equo e solidale<\/a>, BSCI, <a href=\"https:\/\/www.bureauveritas.de\/\" target=\"_blank\" rel=\"noopener\">Bureau Veritas<\/a> E <a href=\"https:\/\/www.oeko-tex.com\/de\/business\/certifications_and_services\/ots_100\/ots_100_start.xhtml\" target=\"_blank\" rel=\"noopener\">OEKO-TEX\u00ae<\/a>. Puoi trovare maggiori informazioni sulle singole organizzazioni e sulle loro linee guida sotto \u201c<a href=\"\/it\/come-panoramica\/certificati\/\">Certificati<\/a>\u201c.<\/p>\n<p>Ancora di pi\u00f9.<br \/>\nAnche il <strong>Protezione degli animali<\/strong> \u00e8 molto importante per noi. Pertanto evitiamo consapevolmente tutti i materiali di origine animale, come vera pelle, pelliccia o simili.<\/p>\n<p>Cerchiamo di operare nel modo pi\u00f9 sostenibile possibile, non solo nei nostri siti produttivi, che visitiamo regolarmente di persona.<br \/>\nIl nostro trasporto aereo con <a href=\"https:\/\/about.ups.com\/de\/de\/our-company\/governance\/carbon-neutral-credentials.html\" target=\"_blank\" rel=\"noopener\">UPS<\/a> Sono <a href=\"https:\/\/www.carbonneutral.com\/\" target=\"_blank\" rel=\"noopener\">a emissioni zero<\/a>, utilizziamo solo prodotti riciclati nell&#039;area di stampa e spedizione <a href=\"https:\/\/www.greenpeace-energy.de\/privatkunden.html\" target=\"_blank\" rel=\"noopener\">Elettricit\u00e0 verde (Greenpeace Energy)<\/a> e i nostri corrieri guidano veicoli elettrici o cargo bike.<\/p>\n<p>Come HAPPY BRANDS, siamo consapevoli della nostra responsabilit\u00e0 ecologica e sociale e facciamo del nostro meglio per commerciare e produrre in modo rispettoso dell&#039;ambiente ed equo. Siamo lontani dal raggiungere l&#039;obiettivo dei nostri sforzi; si tratta piuttosto di un processo costante, di un&#039;ottimizzazione costante. Ma lo \u201cspirito eco\u201d \u00e8 gi\u00e0 profondo dentro di noi e lo viviamo con passione, ogni giorno.<\/p>\n<p>Cerchiamo quindi di coinvolgere i nostri clienti e di motivarli a prestare maggiore attenzione e quindi di solito anche un po&#039; pi\u00f9 di budget per versioni sostenibili e prodotte in modo equo di regali e merci promozionali.<\/p>\n<p>Forse anche tu? Il nostro pianeta \u2013 e l\u2019accettazione e la reazione del tuo gruppo target \u2013 ti ringrazieranno.<br \/>\nCosti aggiuntivi molto ben investiti, a nostro avviso!<\/p>\n\n\t\t<\/div>\n\t<\/div>\n<\/div><\/div><\/div><\/div><div class=\"vc_row wpb_row vc_row-fluid wpex-relative\"><div class=\"wpb_column vc_column_container vc_col-sm-3\"><div class=\"vc_column-inner\"><div class=\"wpb_wrapper\"><\/div><\/div><\/div><div class=\"wpb_column vc_column_container vc_col-sm-9\"><div class=\"vc_column-inner\"><div class=\"wpb_wrapper\"><div class=\"vc_separator wpb_content_element vc_separator_align_center vc_sep_width_100 vc_sep_pos_align_center vc_separator_no_text vc_sep_color_grey wpb_content_element  wpb_content_element\" ><span class=\"vc_sep_holder vc_sep_holder_l\"><span class=\"vc_sep_line\"><\/span><\/span><span class=\"vc_sep_holder vc_sep_holder_r\"><span class=\"vc_sep_line\"><\/span><\/span>\n<\/div><\/div><\/div><\/div><\/div><div class=\"vc_row wpb_row vc_row-fluid wpex-relative\"><div class=\"wpb_column vc_column_container vc_col-sm-3\"><div class=\"vc_column-inner\"><div class=\"wpb_wrapper\"><\/div><\/div><\/div><div class=\"wpb_column vc_column_container vc_col-sm-9\"><div class=\"vc_column-inner\"><div class=\"wpb_wrapper\"><div class=\"vc_row wpb_row vc_inner vc_row-fluid wpex-relative\"><div class=\"wpb_column vc_column_container vc_col-sm-6\"><div class=\"vc_column-inner\"><div class=\"wpb_wrapper\"><h4 class=\"vcex-heading vcex-heading-plain vcex-module wpex-heading wpex-text-2xl wpex-h4 wpex-text-left\"><span class=\"vcex-heading-inner wpex-inline-block\">Caso studio 1 _ Borsa in cotone biologico con etichetta Fairtrade<\/span><\/h4><figure class=\"vcex-image vcex-module\"><div class=\"vcex-image-inner wpex-relative wpex-inline-block\"><img width=\"500\" height=\"375\" src=\"https:\/\/www.happy-brands.com\/wp-content\/uploads\/2019\/07\/Baumwolltasche-mit-FAIRTRADE-Label.jpg\" class=\"vcex-image-img wpex-align-middle\" alt=\"Borsa in cotone con etichetta FAIRTRADE\" loading=\"lazy\" decoding=\"async\" \/><\/div><\/figure><\/div><\/div><\/div><div class=\"wpb_column vc_column_container vc_col-sm-6\"><div class=\"vc_column-inner\"><div class=\"wpb_wrapper\"><h4 class=\"vcex-heading vcex-heading-plain vcex-module wpex-heading wpex-text-2xl wpex-h4 wpex-text-left\"><span class=\"vcex-heading-inner wpex-inline-block\">Caso studio 2 _ Borsa in cotone organico con etichetta GOTS<\/span><\/h4><figure class=\"vcex-image vcex-module\"><div class=\"vcex-image-inner wpex-relative wpex-inline-block\"><img width=\"800\" height=\"600\" src=\"https:\/\/www.happy-brands.com\/wp-content\/uploads\/2019\/07\/Jutebeutel-mit-GOTS-Label.jpg\" class=\"vcex-image-img wpex-align-middle\" alt=\"Borsa in juta con etichetta GOTS\" loading=\"lazy\" decoding=\"async\" \/><\/div><\/figure><\/div><\/div><\/div><\/div><\/div><\/div><\/div><\/div>\n<\/div>","protected":false},"excerpt":{"rendered":"Sostenibilit\u00e0 ed etica Oltre alla sicurezza e alla qualit\u00e0 dei prodotti, altri fattori che stanno diventando sempre pi\u00f9 importanti per la societ\u00e0 del nostro tempo giocano un ruolo significativo nell&#039;orientamento strategico di HAPPY BRANDS, nella selezione dei prodotti e dei siti di produzione, nonch\u00e9 nella produzione e nella logistica dei nostri prodotti promozionali. elementi: ecologici, economici e sociali. Agiamo e produciamo nel modo pi\u00f9 sostenibile, equo ed etico possibile. CONTENTO...","protected":false},"author":1,"featured_media":0,"parent":72,"menu_order":0,"comment_status":"closed","ping_status":"closed","template":"","meta":{"_seopress_robots_primary_cat":"","_seopress_titles_title":"\u1405 Nachhaltigkeit & Ethik | Fair & \u00f6kologisch produzierte Werbeartikel - HAPPY BRANDS","_seopress_titles_desc":"Als Hersteller von \"gr\u00fcnen\u201c, nachhaltig &amp; fair produzierten Werbeartikeln, Werbemittel &amp; Giveaways spielen Nachhaltigkeit, Ethik &amp; Fairness eine gewichtige Rolle","_seopress_robots_index":"","_seopress_analysis_target_kw":"","footnotes":""},"class_list":["post-925","page","type-page","status-publish","hentry","entry","no-media"],"_links":{"self":[{"href":"https:\/\/www.happy-brands.com\/it\/wp-json\/wp\/v2\/pages\/925","targetHints":{"allow":["GET"]}}],"collection":[{"href":"https:\/\/www.happy-brands.com\/it\/wp-json\/wp\/v2\/pages"}],"about":[{"href":"https:\/\/www.happy-brands.com\/it\/wp-json\/wp\/v2\/types\/page"}],"author":[{"embeddable":true,"href":"https:\/\/www.happy-brands.com\/it\/wp-json\/wp\/v2\/users\/1"}],"replies":[{"embeddable":true,"href":"https:\/\/www.happy-brands.com\/it\/wp-json\/wp\/v2\/comments?post=925"}],"version-history":[{"count":1,"href":"https:\/\/www.happy-brands.com\/it\/wp-json\/wp\/v2\/pages\/925\/revisions"}],"predecessor-version":[{"id":51858,"href":"https:\/\/www.happy-brands.com\/it\/wp-json\/wp\/v2\/pages\/925\/revisions\/51858"}],"up":[{"embeddable":true,"href":"https:\/\/www.happy-brands.com\/it\/wp-json\/wp\/v2\/pages\/72"}],"wp:attachment":[{"href":"https:\/\/www.happy-brands.com\/it\/wp-json\/wp\/v2\/media?parent=925"}],"curies":[{"name":"parola chiave","href":"https:\/\/api.w.org\/{rel}","templated":true}]}}