{"id":927,"date":"2018-12-10T09:12:15","date_gmt":"2018-12-10T09:12:15","guid":{"rendered":"https:\/\/www.happy-brands.com\/?page_id=927"},"modified":"2025-02-13T10:31:11","modified_gmt":"2025-02-13T09:31:11","slug":"sicurezza-del-prodotto-qualita-del-prodotto","status":"publish","type":"page","link":"https:\/\/www.happy-brands.com\/it\/come-panoramica\/sicurezza-del-prodotto-qualita-del-prodotto\/","title":{"rendered":"Sicurezza e qualit\u00e0 del prodotto"},"content":{"rendered":"<div class=\"wpb-content-wrapper\"><div class=\"vc_row wpb_row vc_row-fluid wpex-relative\"><div class=\"wpb_column vc_column_container vc_col-sm-3\"><div class=\"vc_column-inner\"><div class=\"wpb_wrapper\"><h1 class=\"hb-heading\"><span class=\"vcex-heading-inner clr\">Prodotto-<br \/>\nsicurezza<br \/>\n&amp;<br \/>\nProdotto-<br \/>\nQualit\u00e0<\/span><\/h1><\/div><\/div><\/div><div class=\"wpb_column vc_column_container vc_col-sm-9\"><div class=\"vc_column-inner\"><div class=\"wpb_wrapper\"><div class=\"vcex-spacing wpex-w-100 wpex-clear\" style=\"height:50px;\"><\/div>\n\t<div class=\"wpb_text_column wpb_content_element vc_custom_1566467823946\" >\n\t\t<div class=\"wpb_wrapper\">\n\t\t\t<p>Come produttori di materiale pubblicitario di alta qualit\u00e0, siamo consapevoli della nostra responsabilit\u00e0.<br \/>\nLavoriamo per <a href=\"\/it\/chi-panoramica\/chi-sono-i-nostri-clienti-di-riferimento\/\">marchi rinomati, aziende, istituzioni governative e grandi eventi<\/a>.<br \/>\nIn particolare, la nostra pluriennale esperienza nell&#039;ideazione e produzione di articoli promozionali per bambini, ha portato al massimo la nostra cura ed i nostri standard in termini di sicurezza produttiva e qualit\u00e0 del prodotto.<\/p>\n<p>Cos\u00ec come l&#039;espansione della nostra eco-divisione, con regali promozionali esclusivamente \u201cgreen\u201d che soddisfano tutte le esigenze contemporanee <a href=\"\/it\/come-panoramica\/etica-della-sostenibilita\/\">Sostenibilit\u00e0, compatibilit\u00e0 ambientale, etica e commercio globale equo<\/a> adempiere. Anche questo tipo di materiale pubblicitario richiede da parte nostra come produttori pi\u00f9 di quanto richiesto per la produzione di classici gadget. Ancora pi\u00f9 cura, pi\u00f9 impegno, pi\u00f9 controlli e questo si \u00e8 tradotto in trasparenza, pensiero e azione ancora pi\u00f9 meticolosi. Ma l&#039;insieme sta bene perch\u00e9 \u00e8 proprio cos\u00ec che ci piace lavorare con passione. Questo \u00e8 esattamente ci\u00f2 in cui siamo particolarmente bravi.<\/p>\n<p>In generale, consegniamo cosa\/come\/quando promettiamo!<\/p>\n<p>Ma non a qualsiasi prezzo.<br \/>\nPerch\u00e9 per noi \u00e8 altrettanto importante:<br \/>\nCome e in quali circostanze vengono prodotti i nostri articoli?<br \/>\nI prodotti realizzati soddisfano gli standard e le linee guida europee?<\/p>\n<p>Lo controlliamo costantemente.<br \/>\nPersonale, sul posto.<br \/>\nChiediamo regolarmente ad altri esperti di controllarlo ed esaminarlo.<br \/>\nDa istituti tedeschi e operanti a livello internazionale.<br \/>\n<a href=\"https:\/\/www.tuv.com\/germany\/de\/index.html\" target=\"_blank\" rel=\"noopener\">T\u00dcV Rheinland<\/a>. <a href=\"https:\/\/www.hermesworld.com\/de\/unsere-dienstleistungen\/sourcing-product\/produktpruefung\/pruefungen-im-ueberblick\/\" target=\"_blank\" rel=\"noopener\">Controllo anseatico di Hermes<\/a>. <a href=\"https:\/\/www.sgsgroup.de\/\" target=\"_blank\" rel=\"noopener\">SGS<\/a>. <a href=\"http:\/\/www.intertek.de\/\" target=\"_blank\" rel=\"noopener\">Intertek<\/a>. Istituto BSCI. <a href=\"https:\/\/www.bureauveritas.de\/\" target=\"_blank\" rel=\"noopener\">Bureau Veritas<\/a>.<br \/>\nPer citarne solo alcuni.<\/p>\n<p>Tutti i risultati dimostrano:<br \/>\nS\u00cc.<\/p>\n<p>Desideri dettagli?<br \/>\nContattaci.<br \/>\nSaremo felici di rispondere alle vostre domande o consigliarvi su tutti gli aspetti della sicurezza del prodotto.<\/p>\n\n\t\t<\/div>\n\t<\/div>\n<\/div><\/div><\/div><\/div><div class=\"vc_row wpb_row vc_row-fluid wpex-relative\"><div class=\"wpb_column vc_column_container vc_col-sm-3\"><div class=\"vc_column-inner\"><div class=\"wpb_wrapper\"><\/div><\/div><\/div><div class=\"wpb_column vc_column_container vc_col-sm-9\"><div class=\"vc_column-inner\"><div class=\"wpb_wrapper\"><div class=\"vc_separator wpb_content_element vc_separator_align_center vc_sep_width_100 vc_sep_pos_align_center vc_separator_no_text vc_sep_color_grey wpb_content_element  wpb_content_element\" ><span class=\"vc_sep_holder vc_sep_holder_l\"><span class=\"vc_sep_line\"><\/span><\/span><span class=\"vc_sep_holder vc_sep_holder_r\"><span class=\"vc_sep_line\"><\/span><\/span>\n<\/div><\/div><\/div><\/div><\/div><div class=\"vc_row wpb_row vc_row-fluid wpex-relative\"><div class=\"wpb_column vc_column_container vc_col-sm-3\"><div class=\"vc_column-inner\"><div class=\"wpb_wrapper\"><\/div><\/div><\/div><div class=\"wpb_column vc_column_container vc_col-sm-9\"><div class=\"vc_column-inner\"><div class=\"wpb_wrapper\"><h4 class=\"vcex-heading vcex-heading-plain vcex-module wpex-heading wpex-text-2xl wpex-h4\"><span class=\"vcex-heading-inner wpex-inline-block\">Casi di studio _ Test interni dei prodotti e controlli di qualit\u00e0<\/span><\/h4><div class=\"vcex-image-grid-wrap\"><div class=\"vcex-module vcex-image-grid grid-style-default wpex-row wpex-clr no-hover\"><div class=\"id-9541 vcex-image-grid-entry vcex-grid-item wpex-text-center span_1_of_2 span_1_of_2_tl span_1_of_2_tp span_1_of_2_pl span_1_of_2_pp col  wpb_animate_when_almost_visible wpb_fadeIn fadeIn col-1\"><figure class=\"vcex-image-grid-entry-figure wpex-last-mb-0 wpex-clr\"><div class=\"vcex-image-grid-entry-img entry-media wpex-relative wpex-mb-20\"><img width=\"800\" height=\"573\" src=\"https:\/\/www.happy-brands.com\/wp-content\/uploads\/2019\/07\/Werbeartikel-Schmuck.jpg\" class=\"wpex-align-middle\" alt=\"Gioielli promozionali\" loading=\"lazy\" decoding=\"async\" \/><\/div><\/figure><\/div><div class=\"id-9542 vcex-image-grid-entry vcex-grid-item wpex-text-center span_1_of_2 span_1_of_2_tl span_1_of_2_tp span_1_of_2_pl span_1_of_2_pp col  wpb_animate_when_almost_visible wpb_fadeIn fadeIn col-2\"><figure class=\"vcex-image-grid-entry-figure wpex-last-mb-0 wpex-clr\"><div class=\"vcex-image-grid-entry-img entry-media wpex-relative wpex-mb-20\"><img width=\"800\" height=\"573\" src=\"https:\/\/www.happy-brands.com\/wp-content\/uploads\/2019\/07\/Werbemittel-Schmuck.jpg\" class=\"wpex-align-middle\" alt=\"Gioielli promozionali\" loading=\"lazy\" decoding=\"async\" \/><\/div><\/figure><\/div><div class=\"id-9544 vcex-image-grid-entry vcex-grid-item wpex-text-center span_1_of_2 span_1_of_2_tl span_1_of_2_tp span_1_of_2_pl span_1_of_2_pp col  wpb_animate_when_almost_visible wpb_fadeIn fadeIn col-1\"><figure class=\"vcex-image-grid-entry-figure wpex-last-mb-0 wpex-clr\"><div class=\"vcex-image-grid-entry-img entry-media wpex-relative wpex-mb-20\"><img width=\"800\" height=\"533\" src=\"https:\/\/www.happy-brands.com\/wp-content\/uploads\/2019\/07\/Merchandising-Schlauchtuch.jpg\" class=\"wpex-align-middle\" alt=\"Sciarpa tubolare promozionale\" loading=\"lazy\" decoding=\"async\" \/><\/div><\/figure><\/div><div class=\"id-9543 vcex-image-grid-entry vcex-grid-item wpex-text-center span_1_of_2 span_1_of_2_tl span_1_of_2_tp span_1_of_2_pl span_1_of_2_pp col  wpb_animate_when_almost_visible wpb_fadeIn fadeIn col-2\"><figure class=\"vcex-image-grid-entry-figure wpex-last-mb-0 wpex-clr\"><div class=\"vcex-image-grid-entry-img entry-media wpex-relative wpex-mb-20\"><img width=\"800\" height=\"533\" src=\"https:\/\/www.happy-brands.com\/wp-content\/uploads\/2019\/07\/Fanartikel-Schweissband.jpg\" class=\"wpex-align-middle\" alt=\"Fascia antisudore per tifosi\" loading=\"lazy\" decoding=\"async\" \/><\/div><\/figure><\/div><\/div><\/div><\/div><\/div><\/div><\/div>\n<\/div>","protected":false},"excerpt":{"rendered":"","protected":false},"author":1,"featured_media":0,"parent":72,"menu_order":0,"comment_status":"closed","ping_status":"closed","template":"","meta":{"_seopress_robots_primary_cat":"","_seopress_titles_title":"\u1405 Produktsicherheit | Hersteller von Werbeartikel & Messe-Giveaways - HAPPY BRANDS","_seopress_titles_desc":"\u1405 Wie wir als Hersteller von Werbeartikeln, Messe-Giveaways &amp; Promotion-Artikeln mit Werbeaufdruck Produktsicherheit &amp; einwandfreie Qualit\u00e4t gew\u00e4hrleisten &amp; garantieren","_seopress_robots_index":"","footnotes":""},"class_list":["post-927","page","type-page","status-publish","hentry","entry","no-media"],"_links":{"self":[{"href":"https:\/\/www.happy-brands.com\/it\/wp-json\/wp\/v2\/pages\/927","targetHints":{"allow":["GET"]}}],"collection":[{"href":"https:\/\/www.happy-brands.com\/it\/wp-json\/wp\/v2\/pages"}],"about":[{"href":"https:\/\/www.happy-brands.com\/it\/wp-json\/wp\/v2\/types\/page"}],"author":[{"embeddable":true,"href":"https:\/\/www.happy-brands.com\/it\/wp-json\/wp\/v2\/users\/1"}],"replies":[{"embeddable":true,"href":"https:\/\/www.happy-brands.com\/it\/wp-json\/wp\/v2\/comments?post=927"}],"version-history":[{"count":1,"href":"https:\/\/www.happy-brands.com\/it\/wp-json\/wp\/v2\/pages\/927\/revisions"}],"predecessor-version":[{"id":51859,"href":"https:\/\/www.happy-brands.com\/it\/wp-json\/wp\/v2\/pages\/927\/revisions\/51859"}],"up":[{"embeddable":true,"href":"https:\/\/www.happy-brands.com\/it\/wp-json\/wp\/v2\/pages\/72"}],"wp:attachment":[{"href":"https:\/\/www.happy-brands.com\/it\/wp-json\/wp\/v2\/media?parent=927"}],"curies":[{"name":"parola chiave","href":"https:\/\/api.w.org\/{rel}","templated":true}]}}