{"id":11438,"date":"2020-01-23T10:37:26","date_gmt":"2020-01-23T09:37:26","guid":{"rendered":"https:\/\/www.happy-brands.com\/?page_id=11438"},"modified":"2026-04-17T13:35:59","modified_gmt":"2026-04-17T11:35:59","slug":"foerfragan-mottagen","status":"publish","type":"page","link":"https:\/\/www.happy-brands.com\/sv\/foerfragan-mottagen\/","title":{"rendered":"F\u00d6RFR\u00c5GAN G\u00c4LLD MED FRAMG\u00c5NG!"},"content":{"rendered":"<div class=\"wpb-content-wrapper\"><div class=\"vc_row wpb_row vc_row-fluid wpex-relative\"><div class=\"wpb_column vc_column_container vc_col-sm-12\"><div class=\"vc_column-inner\"><div class=\"wpb_wrapper\"><div class=\"vcex-spacing wpex-w-100 wpex-clear\" style=\"height:50px;\"><\/div><style>.vcex-heading.vcex_69f1855494d43{font-size:50px;}<\/style><h1 class=\"vcex-heading vcex-heading-plain vcex-module wpex-heading wpex-text-2xl wpex-h1 wpex-text-center vcex_69f1855494d43\"><span class=\"vcex-heading-inner wpex-inline-block\">F\u00f6rfr\u00e5gan har skickats!<\/span><\/h1><style>.vcex-icon.vcex_69f1855495f3a .vcex-icon-wrap{color:#5bb033;}<\/style><div class=\"vcex-icon vcex-module vcex-icon-large wpex-float-none wpex-m-auto wpex-text-center vcex_69f1855495f3a\"><div class=\"vcex-icon-wrap wpex-inline-flex wpex-items-center wpex-justify-center wpex-leading-none\"><span class=\"wpex-icon\" aria-hidden=\"true\"><svg xmlns=\"http:\/\/www.w3.org\/2000\/svg\" viewbox=\"0 0 448 512\"><path d=\"M438.6 105.4c12.5 12.5 12.5 32.8 0 45.3l-256 256c-12.5 12.5-32.8 12.5-45.3 0l-128-128c-12.5-12.5-12.5-32.8 0-45.3s32.8-12.5 45.3 0L160 338.7 393.4 105.4c12.5-12.5 32.8-12.5 45.3 0z\"\/><\/svg><\/span><\/div><\/div><div class=\"vc_row wpb_row vc_inner vc_row-fluid wpex-relative\"><div class=\"wpb_column vc_column_container vc_col-sm-3\"><div class=\"vc_column-inner\"><div class=\"wpb_wrapper\"><\/div><\/div><\/div><div class=\"wpb_column vc_column_container vc_col-sm-6\"><div class=\"vc_column-inner\"><div class=\"wpb_wrapper\">\n\t<div style=\"font-size:16px;\" class=\"wpb_text_column wpb_content_element\" >\n\t\t<div class=\"wpb_wrapper\">\n\t\t\t<p style=\"text-align: center;\">Vi har tagit emot din f\u00f6rfr\u00e5gan, tack s\u00e5 mycket!<br \/>\nDu kommer att f\u00e5 ditt personliga erbjudande inom de n\u00e4rmaste 24 timmarna.<\/p>\n<p style=\"text-align: center;\"><em><strong>(Du borde <u>ingen feedback<\/u> mottas inom 24 timmar ber vi dig att fr\u00e5ga. D\u00e5 verkar ett spamfilter ha svalt din beg\u00e4ran.)<\/strong><\/em><\/p>\n<p style=\"text-align: center;\">\u2013 Ditt HAPPY BRANDS-team<\/p>\n\n\t\t<\/div>\n\t<\/div>\n<\/div><\/div><\/div><div class=\"wpb_column vc_column_container vc_col-sm-3\"><div class=\"vc_column-inner\"><div class=\"wpb_wrapper\"><\/div><\/div><\/div><\/div><\/div><\/div><\/div><\/div><div class=\"vc_row wpb_row vc_row-fluid wpex-relative\"><div class=\"wpb_column vc_column_container vc_col-sm-12\"><div class=\"vc_column-inner\"><div class=\"wpb_wrapper\"><div class=\"vcex-spacing wpex-w-100 wpex-clear\" style=\"height:50px;\"><\/div><div class=\"vc_separator wpb_content_element vc_separator_align_center vc_sep_width_100 vc_sep_pos_align_center vc_separator_no_text vc_sep_color_grey wpb_content_element  wpb_content_element\" ><span class=\"vc_sep_holder vc_sep_holder_l\"><span class=\"vc_sep_line\"><\/span><\/span><span class=\"vc_sep_holder vc_sep_holder_r\"><span class=\"vc_sep_line\"><\/span><\/span>\n<\/div><\/div><\/div><\/div><\/div><div class=\"vc_row wpb_row vc_row-fluid wpex-relative no-bottom-margins\"><div class=\"wpb_column vc_column_container vc_col-sm-12\"><div class=\"vc_column-inner\"><div class=\"wpb_wrapper\"><style>.vcex-heading.vcex_69f185549928b{text-transform:none;}<\/style><h2 class=\"vcex-heading vcex-heading-plain vcex-module wpex-heading wpex-text-2xl wpex-h2 wpex-text-left vcex_69f185549928b\"><span class=\"vcex-heading-inner wpex-inline-block\">Detta kan ocks\u00e5 intressera dig - v\u00e5ra nuvarande stors\u00e4ljare:<\/span><\/h2><div class=\"vcex-spacing wpex-w-100 wpex-clear\" style=\"height:25px;\"><\/div><div class=\"vc_row wpb_row vc_inner vc_row-fluid vc_custom_1564059082271 wpex-relative\"><div class=\"wpb_column vc_column_container vc_col-sm-4\"><div class=\"vc_column-inner\"><div class=\"wpb_wrapper\"><figure class=\"vcex-image vcex-module\"><div class=\"vcex-image-inner wpex-relative wpex-inline-block\"><a href=\"\/sv\/produkt\/raettvisemaerkt-bomullsvaeska-reklamvaeska\/\"><img width=\"330\" height=\"235\" src=\"https:\/\/www.happy-brands.com\/wp-content\/uploads\/2019\/07\/Fairtrade-Baumwolltaschen-GOTS-Biobaumwolle-Werbeartikel-330.jpg\" class=\"vcex-image-img wpex-align-middle\" alt=\"Kampanjp\u00e5sar i Fairtrade bomull gjorda av GOTS ekologisk bomull\" loading=\"lazy\" decoding=\"async\" \/><\/a><\/div><\/figure><div class=\"hb-link\"><span class=\"vcex-heading-inner clr\"><a href=\"\/sv\/produkt\/raettvisemaerkt-bomullsvaeska-reklamvaeska\/\">Ekologisk r\u00e4ttvisem\u00e4rkt bomullsv\u00e4ska<\/a><a href=\"\/sv\/produkt\/raettvisemaerkt-bomullsvaeska-reklamvaeska\/\"><\/a><\/span><\/div><\/div><\/div><\/div><div class=\"wpb_column vc_column_container vc_col-sm-4\"><div class=\"vc_column-inner\"><div class=\"wpb_wrapper\"><figure class=\"vcex-image vcex-module\"><div class=\"vcex-image-inner wpex-relative wpex-inline-block\"><a href=\"\/sv\/produkt\/reklamsolglasoegon-oeversikt\/spegelreklamglasoegon\/\"><img width=\"330\" height=\"235\" src=\"https:\/\/www.happy-brands.com\/wp-content\/uploads\/2019\/07\/Sonnenbrille-mit-eigenem-Logo-Giveaway-330.jpg\" class=\"vcex-image-img wpex-align-middle\" alt=\"Giveaway solglas\u00f6gon tryckta med din egen logotyp\" loading=\"lazy\" decoding=\"async\" \/><\/a><\/div><\/figure><div class=\"hb-link\"><span class=\"vcex-heading-inner clr\"><a href=\"\/sv\/produkt\/reklamsolglasoegon-oeversikt\/spegelreklamglasoegon\/\">Spegelglas\u00f6gon<\/a><a href=\"\/sv\/produkt\/reklamsolglasoegon-oeversikt\/spegelreklamglasoegon\/\"><\/a><\/span><\/div><\/div><\/div><\/div><div class=\"wpb_column vc_column_container vc_col-sm-4\"><div class=\"vc_column-inner\"><div class=\"wpb_wrapper\"><figure class=\"vcex-image vcex-module\"><div class=\"vcex-image-inner wpex-relative wpex-inline-block\"><a href=\"\/sv\/produkt\/tryckta-multifunktionella-dukar-varianter-oeversikt\/\"><img width=\"330\" height=\"235\" src=\"https:\/\/www.happy-brands.com\/wp-content\/uploads\/2019\/07\/Multifunktionstuch-Buff-Schlauchtuch-bedrucken-lassen-330.jpg\" class=\"vcex-image-img wpex-align-middle\" alt=\"F\u00e5 den multifunktionella duken, \u00f6gleduken, tubsjalen tryckt\" loading=\"lazy\" decoding=\"async\" \/><\/a><\/div><\/figure><div class=\"hb-link\"><span class=\"vcex-heading-inner clr\"><a href=\"\/sv\/produkt\/tryckta-multifunktionella-dukar-varianter-oeversikt\/\">Multifunktionell halsduk\/r\u00f6rscarf<\/a><a href=\"\/sv\/produkt\/tryckta-multifunktionella-dukar-varianter-oeversikt\/\"><\/a><\/span><\/div><\/div><\/div><\/div><\/div><\/div><\/div><\/div><\/div><div class=\"vc_row wpb_row vc_row-fluid wpex-vc-full-width-row wpex-vc-full-width-row--no-padding wpex-relative no-bottom-margins\"><div class=\"wpb_column vc_column_container vc_col-sm-12\"><div class=\"vc_column-inner\"><div class=\"wpb_wrapper\"><div class=\"vc_separator wpb_content_element vc_separator_align_center vc_sep_width_100 vc_sep_pos_align_center vc_separator_no_text vc_sep_color_grey wpb_content_element  wpb_content_element\" ><span class=\"vc_sep_holder vc_sep_holder_l\"><span class=\"vc_sep_line\"><\/span><\/span><span class=\"vc_sep_holder vc_sep_holder_r\"><span class=\"vc_sep_line\"><\/span><\/span>\n<\/div><\/div><\/div><\/div><\/div><div class=\"vc_row wpb_row vc_row-fluid vc_custom_1558176579301 wpex-relative\"><div class=\"wpb_column vc_column_container vc_col-sm-6\"><div class=\"vc_column-inner\"><div class=\"wpb_wrapper\">\n\t<div class=\"wpb_raw_code wpb_raw_html wpb_content_element\" >\n\t\t<div class=\"wpb_wrapper\">\n\t\t\t<a href=\"javascript:history.back()\" class=\"vcex-button theme-button align-center expanded animate-on-hover expanded\"><span class=\"theme-button-inner\"><span class=\"vcex-icon-wrap theme-button-icon-left\"><span class=\"ticon ticon-angle-right\"><\/span><\/span>Tillbaka till artikeln<\/span><\/a>\n\t\t<\/div>\n\t<\/div>\n<\/div><\/div><\/div><div class=\"wpb_column vc_column_container vc_col-sm-6\"><div class=\"vc_column-inner\"><div class=\"wpb_wrapper\">\n\t<div class=\"wpb_raw_code wpb_raw_html wpb_content_element\" >\n\t\t<div class=\"wpb_wrapper\">\n\t\t\t<a href=\"\/sv\/was\/vara-specialistomraden-produktoeversikt\/\" class=\"vcex-button theme-button align-center expanded animate-on-hover expanded\"><span class=\"theme-button-inner\"><span class=\"vcex-icon-wrap theme-button-icon-left\"><span class=\"ticon ticon-angle-right\"><\/span><\/span>Till produkt\u00f6versikten<\/span><\/a>\n\t\t<\/div>\n\t<\/div>\n<\/div><\/div><\/div><\/div><div class=\"vc_row wpb_row vc_row-fluid footer-icons vc_custom_1563722171799 vc_row-o-content-middle vc_row-flex wpex-vc-full-width-row wpex-vc-full-width-row--centered wpex-relative wpex-vc_row-has-fill hide-at-mm-breakpoint no-bottom-margins wpex-vc-reset-negative-margin\" style=\"min-height:200px;\"><div class=\"wpb_column vc_column_container vc_col-sm-12\"><div class=\"vc_column-inner\"><div class=\"wpb_wrapper\"><div class=\"vc_row wpb_row vc_inner vc_row-fluid vc_custom_1580127678953 wpex-relative wpex-vc_row-has-fill wpex-vc-reset-negative-margin\"><div class=\"wpb_column vc_column_container vc_col-sm-12\"><div class=\"vc_column-inner\"><div class=\"wpb_wrapper\"><div class=\"vcex-image-grid-wrap\"><div class=\"vcex-module vcex-image-grid grid-style-default wpex-row wpex-clr no-border no-hover\"><div class=\"id-10001 vcex-image-grid-entry vcex-grid-item wpex-text-center span_1_of_7 span_1_of_7_tl span_1_of_7_tp span_1_of_4_pl span_1_of_4_pp col col-1\"><figure class=\"vcex-image-grid-entry-figure wpex-last-mb-0 wpex-clr\"><div class=\"vcex-image-grid-entry-img entry-media wpex-relative wpex-mb-20\"><img width=\"400\" height=\"300\" src=\"https:\/\/www.happy-brands.com\/wp-content\/uploads\/2019\/07\/GOTS-zertifiziert-Logo-oekologisch-nachhaltig-400.png\" class=\"wpex-align-middle\" alt=\"\" loading=\"lazy\" decoding=\"async\" \/><\/div><\/figure><\/div><div class=\"id-9995 vcex-image-grid-entry vcex-grid-item wpex-text-center span_1_of_7 span_1_of_7_tl span_1_of_7_tp span_1_of_4_pl span_1_of_4_pp col col-2\"><figure class=\"vcex-image-grid-entry-figure wpex-last-mb-0 wpex-clr\"><div class=\"vcex-image-grid-entry-img entry-media wpex-relative wpex-mb-20\"><img width=\"400\" height=\"300\" src=\"https:\/\/www.happy-brands.com\/wp-content\/uploads\/2019\/07\/Fairtrade-zertifiziert-Logo-nachhaltig-fair-400.png\" class=\"wpex-align-middle\" alt=\"\" loading=\"lazy\" decoding=\"async\" \/><\/div><\/figure><\/div><div class=\"id-9998 vcex-image-grid-entry vcex-grid-item wpex-text-center span_1_of_7 span_1_of_7_tl span_1_of_7_tp span_1_of_4_pl span_1_of_4_pp col col-3\"><figure class=\"vcex-image-grid-entry-figure wpex-last-mb-0 wpex-clr\"><div class=\"vcex-image-grid-entry-img entry-media wpex-relative wpex-mb-20\"><img width=\"400\" height=\"300\" src=\"https:\/\/www.happy-brands.com\/wp-content\/uploads\/2019\/07\/OEKO-TEX-Standard-100-zertifiziert-Produktsicherheit-400.png\" class=\"wpex-align-middle\" alt=\"\" loading=\"lazy\" decoding=\"async\" \/><\/div><\/figure><\/div><div class=\"id-9999 vcex-image-grid-entry vcex-grid-item wpex-text-center span_1_of_7 span_1_of_7_tl span_1_of_7_tp span_1_of_4_pl span_1_of_4_pp col col-4\"><figure class=\"vcex-image-grid-entry-figure wpex-last-mb-0 wpex-clr\"><div class=\"vcex-image-grid-entry-img entry-media wpex-relative wpex-mb-20\"><img width=\"400\" height=\"300\" src=\"https:\/\/www.happy-brands.com\/wp-content\/uploads\/2019\/07\/BSCI-zertifiziert-Logo-sozial-sicher-400.png\" class=\"wpex-align-middle\" alt=\"\" loading=\"lazy\" decoding=\"async\" \/><\/div><\/figure><\/div><div class=\"id-10000 vcex-image-grid-entry vcex-grid-item wpex-text-center span_1_of_7 span_1_of_7_tl span_1_of_7_tp span_1_of_4_pl span_1_of_4_pp col col-5\"><figure class=\"vcex-image-grid-entry-figure wpex-last-mb-0 wpex-clr\"><div class=\"vcex-image-grid-entry-img entry-media wpex-relative wpex-mb-20\"><img width=\"400\" height=\"300\" src=\"https:\/\/www.happy-brands.com\/wp-content\/uploads\/2019\/07\/Bureau-Veritas-zertifiziert-Logo-ethisch-sozial-400.png\" class=\"wpex-align-middle\" alt=\"\" loading=\"lazy\" decoding=\"async\" \/><\/div><\/figure><\/div><div class=\"id-9996 vcex-image-grid-entry vcex-grid-item wpex-text-center span_1_of_7 span_1_of_7_tl span_1_of_7_tp span_1_of_4_pl span_1_of_4_pp col col-6\"><figure class=\"vcex-image-grid-entry-figure wpex-last-mb-0 wpex-clr\"><div class=\"vcex-image-grid-entry-img entry-media wpex-relative wpex-mb-20\"><img width=\"400\" height=\"300\" src=\"https:\/\/www.happy-brands.com\/wp-content\/uploads\/2019\/07\/UPS-Carbon-neutral-klimaneutral-Logo-umweltschonend-400.png\" class=\"wpex-align-middle\" alt=\"\" loading=\"lazy\" decoding=\"async\" \/><\/div><\/figure><\/div><div class=\"id-9997 vcex-image-grid-entry vcex-grid-item wpex-text-center span_1_of_7 span_1_of_7_tl span_1_of_7_tp span_1_of_4_pl span_1_of_4_pp col col-7\"><figure class=\"vcex-image-grid-entry-figure wpex-last-mb-0 wpex-clr\"><div class=\"vcex-image-grid-entry-img entry-media wpex-relative wpex-mb-20\"><img width=\"400\" height=\"300\" src=\"https:\/\/www.happy-brands.com\/wp-content\/uploads\/2019\/07\/PSI-Werbeartikel-Verband-Member-Logo-400.png\" class=\"wpex-align-middle\" alt=\"\" loading=\"lazy\" decoding=\"async\" \/><\/div><\/figure><\/div><\/div><\/div><\/div><\/div><\/div><\/div><\/div><\/div><\/div><\/div><div class=\"vc_row wpb_row vc_row-fluid vc_custom_1563922296514 wpex-vc-full-width-row wpex-vc-full-width-row--no-padding wpex-relative wpex-vc_row-has-fill wpex-vc-reset-negative-margin\"><div class=\"wpb_column vc_column_container vc_col-sm-12\"><div class=\"vc_column-inner\"><div class=\"wpb_wrapper\">\n\t<div class=\"wpb_raw_code wpb_raw_html wpb_content_element\" >\n\t\t<div class=\"wpb_wrapper\">\n\t\t\t<div id=\"footer-bottom\" class=\"clr\">\n\t\t<div id=\"footer-bottom-inner\" class=\"container clr\">\n\t\t<div class=\"footer-bottom-flex clr\">\n<div id=\"copyright\" class=\"clr\">\n\t\u00a9 2026 <a href=\"\/sv\/daer-du-kan-hitta-oss-kontakt\/\">Happy Brands<\/a> <div class=\"hide-at-mm\"><span class=\"ticon ticon-phone\" style=\"margin-left:20px;\"><\/span> <a href=\"tel:004940707076990\">+49 (0)40 \u2013 70 70 76 \u2013 990<\/a><\/div><\/div><!-- #copyright -->\n<div id=\"footer-bottom-menu\" class=\"clr\" aria-label=\"Sidfotsmeny\"><div class=\"menu-meta-container\"><ul id=\"menu-meta\" class=\"menu\"><li id=\"menu-item-6185\" class=\"menu-item menu-item-type-post_type menu-item-object-page menu-item-6185\"><a href=\"\/sv\/avtryck\/\">avtryck<\/a><\/li>\n<li id=\"menu-item-6186\" class=\"menu-item menu-item-type-post_type menu-item-object-page menu-item-6186\"><a href=\"\/sv\/dataskydd\/\">Dataskydd<\/a><\/li>\n<li id=\"menu-item-6187\" class=\"menu-item menu-item-type-post_type menu-item-object-page menu-item-6187\"><a href=\"\/sv\/betingelser\/\">Betingelser<\/a><\/li>\n<li id=\"menu-item-6326\" class=\"menu-item menu-item-type-post_type menu-item-object-page menu-item-6326\"><a href=\"\/sv\/daer-du-kan-hitta-oss-kontakt\/\">Kontakt<\/a><\/li>\n<\/ul><\/div><\/div><!-- #footer-bottom-menu --><\/div><!-- .footer-bottom-flex -->\t<\/div><!-- #footer-bottom-inner -->\n\t<\/div>\n\t\t<\/div>\n\t<\/div>\n<\/div><\/div><\/div><\/div>\n<\/div>","protected":false},"excerpt":{"rendered":"","protected":false},"author":1,"featured_media":0,"parent":0,"menu_order":0,"comment_status":"closed","ping_status":"closed","template":"","meta":{"_seopress_robots_primary_cat":"","_seopress_titles_title":"","_seopress_titles_desc":"","_seopress_robots_index":"yes","footnotes":""},"class_list":["post-11438","page","type-page","status-publish","hentry","entry","no-media"],"_links":{"self":[{"href":"https:\/\/www.happy-brands.com\/sv\/wp-json\/wp\/v2\/pages\/11438","targetHints":{"allow":["GET"]}}],"collection":[{"href":"https:\/\/www.happy-brands.com\/sv\/wp-json\/wp\/v2\/pages"}],"about":[{"href":"https:\/\/www.happy-brands.com\/sv\/wp-json\/wp\/v2\/types\/page"}],"author":[{"embeddable":true,"href":"https:\/\/www.happy-brands.com\/sv\/wp-json\/wp\/v2\/users\/1"}],"replies":[{"embeddable":true,"href":"https:\/\/www.happy-brands.com\/sv\/wp-json\/wp\/v2\/comments?post=11438"}],"version-history":[{"count":3,"href":"https:\/\/www.happy-brands.com\/sv\/wp-json\/wp\/v2\/pages\/11438\/revisions"}],"predecessor-version":[{"id":49136,"href":"https:\/\/www.happy-brands.com\/sv\/wp-json\/wp\/v2\/pages\/11438\/revisions\/49136"}],"wp:attachment":[{"href":"https:\/\/www.happy-brands.com\/sv\/wp-json\/wp\/v2\/media?parent=11438"}],"curies":[{"name":"wp","href":"https:\/\/api.w.org\/{rel}","templated":true}]}}