{"id":186,"date":"2018-11-27T11:57:34","date_gmt":"2018-11-27T11:57:34","guid":{"rendered":"https:\/\/www.happy-brands.com\/?page_id=186"},"modified":"2021-04-08T14:11:49","modified_gmt":"2021-04-08T12:11:49","slug":"betingelser","status":"publish","type":"page","link":"https:\/\/www.happy-brands.com\/sv\/betingelser\/","title":{"rendered":"Betingelser"},"content":{"rendered":"<div class=\"wpb-content-wrapper\"><div class=\"vc_row wpb_row vc_row-fluid wpex-relative\"><div class=\"wpb_column vc_column_container vc_col-sm-3\"><div class=\"vc_column-inner\"><div class=\"wpb_wrapper\"><h1 class=\"hb-heading\"><span class=\"vcex-heading-inner clr\">A<br \/>\nG<br \/>\nb<\/span><\/h1><\/div><\/div><\/div><div class=\"wpb_column vc_column_container vc_col-sm-9\"><div class=\"vc_column-inner\"><div class=\"wpb_wrapper\"><div class=\"vcex-spacing wpex-w-100 wpex-clear\" style=\"height:50px;\"><\/div>\n\t<div class=\"wpb_text_column wpb_content_element\" >\n\t\t<div class=\"wpb_wrapper\">\n\t\t\t<p><strong>Allm\u00e4nna aff\u00e4rsvillkor<br \/>\nde\u00a0<\/strong><strong>HAPPY BRANDS GbR<\/strong><br \/>\n<strong>f\u00f6r f\u00f6retagare<\/strong><\/p>\n<p><strong>1 \u00a7 Allm\u00e4nt och omfattning<\/strong><\/p>\n<ol>\n<li>F\u00f6ljande allm\u00e4nna villkor reglerar f\u00f6rh\u00e5llandet mellan f\u00f6retaget Happy Brands GbR och kunder som \u00e4r f\u00f6retagare i den mening som avses i 14 \u00a7 BGB och k\u00f6per varor fr\u00e5n f\u00f6retaget Happy Brands GbR, t.ex. B. via webbplatsen www.happy-brands.com. Motstrider eller avviker fr\u00e5n de allm\u00e4nna villkoren f\u00f6r Happy Brands GbR<br \/>\nK\u00f6parens villkor erk\u00e4nns inte.<\/li>\n<li>Den relevanta versionen \u00e4r den version av de allm\u00e4nna villkoren f\u00f6r Happy Brands GbR som \u00e4r giltig vid avtalets ing\u00e5ende och som \u00e4ven g\u00e4ller f\u00f6r alla framtida transaktioner med kunden.<\/li>\n<\/ol>\n<p><strong>\u00a7 2 Ing\u00e5ende av kontrakt<\/strong><\/p>\n<ol>\n<li>Kunden kan ta reda p\u00e5 mer om HAPPY BRANDS GbR:s produkter p\u00e5 hemsidan www.happy-brands.com och skicka en icke bindande f\u00f6rfr\u00e5gan till HAPPY BRANDS GbR via e-post, kontaktformul\u00e4r, telefon eller fax. Kunden f\u00e5r d\u00e5 ett erbjudande fr\u00e5n HAPPY BRANDS GbR i enlighet med paragraf 145 i den tyska civillagen (BGB) med specifika leveransvillkor f\u00f6r den efterfr\u00e5gade produkten och till\u00e4mpliga allm\u00e4nna villkor.<\/li>\n<li>Kunden kan acceptera detta erbjudande genom att skriva under p\u00e5 de tv\u00e5 markerade platserna p\u00e5 erbjudandeformul\u00e4ret och faxa det undertecknade formul\u00e4ret till HAPPY BRANDS GbR p\u00e5 f\u00f6ljande nummer: 040 \/ 70 70 76 98-0<\/li>\n<li>Kunden f\u00e5r sedan en orderbekr\u00e4ftelse via e-post fr\u00e5n HAPPY BRANDS GbR samt en faktura p\u00e5 de best\u00e4llda varorna.<\/li>\n<li>Vid uppenbara skriv- och r\u00e4knefel som uttryckligen varit f\u00f6rem\u00e5l f\u00f6r avtalsf\u00f6rhandlingarna (s.k. \u00f6ppna r\u00e4knefel) har HAPPY BRANDS GbR r\u00e4tt att bestrida erbjudandet - om felet inte kan r\u00e4ttas till p\u00e5 annat s\u00e4tt, t.ex. tolka avsiktsf\u00f6rklaringarna.<\/li>\n<\/ol>\n<p><strong>\u00a7 3 Priser och betalningsvillkor<\/strong><\/p>\n<ol>\n<li>Endast den prisinformation som l\u00e4mnats av HAPPY BRANDS GbR vid best\u00e4llningstillf\u00e4llet - det vill s\u00e4ga accepterandet av erbjudandet genom att skicka orderbrevet fr\u00e5n kunden till HAPPY BRANDS GbR per fax - \u00e4r avg\u00f6rande f\u00f6r best\u00e4llningar.<\/li>\n<li>Alla priser \u00e4r exklusive moms. Den kommer att visas separat p\u00e5 fakturan till den lagstadgade kursen den dag fakturan utf\u00e4rdas.<\/li>\n<li>F\u00f6rpacknings- och fraktkostnader f\u00f6r leverans till den adress som kunden angett ber\u00e4knas och visas separat.<\/li>\n<li>Betalning av k\u00f6peskillingen ska endast ske till f\u00f6ljande konto:<br \/>\nKontoinnehavare: HAPPY BRANDS<br \/>\nBank: Commerzbank AG<br \/>\nBanksorteringskod: 2040000<br \/>\nKontonummer: xxx<\/li>\n<li>N\u00e4r det g\u00e4ller betalning av k\u00f6peskillingen erbjuder HAPPY BRANDS GbR i princip kunden tv\u00e5 alternativ:<br \/>\n(a) Kunden betalar 50 % av det \u00f6verenskomna ink\u00f6pspriset omedelbart efter mottagandet av orderbekr\u00e4ftelsen och fakturan. De \u00e5terst\u00e5ende 50 % av k\u00f6peskillingen f\u00f6rfaller vid mottagandet av de best\u00e4llda varorna.<br \/>\n(b) Alternativt har kunden m\u00f6jlighet att betala hela k\u00f6peskillingen omedelbart efter att ha mottagit orderbekr\u00e4ftelsen och fakturan fr\u00e5n HAPPY BRANDS GbR. I detta fall har han r\u00e4tt att dra av 2 % rabatt fr\u00e5n fakturabeloppet.<br \/>\n(c) Giltigheten av andra betalningss\u00e4tt kr\u00e4ver ett skriftligt avtal med HAPPY BRANDS GbR i f\u00f6rv\u00e4g.<\/li>\n<li>Vid f\u00f6rsenad betalning har HAPPY BRANDS GbR r\u00e4tt att ta ut dr\u00f6jsm\u00e5lsr\u00e4nta med 8 procentenheter \u00f6ver basr\u00e4ntan.<\/li>\n<\/ol>\n<p><strong>\u00a7 4 Leveransdatum<\/strong><\/p>\n<ol>\n<li>Leveransdatum eller tidsfrister, som kan avtalas bindande eller icke-bindande, ska i allm\u00e4nhet vara skriftliga.<\/li>\n<li>GLAD VARUM\u00c4RKEN | HAMBURG HAPPY BRANDS GbR ansvarar inte ens f\u00f6r bindande \u00f6verenskomna tidsfrister och datum.<\/li>\n<li>HAPPY BRANDS GbR har r\u00e4tt att g\u00f6ra delleveranser och deltj\u00e4nster n\u00e4r som helst.<\/li>\n<\/ol>\n<p><strong>5 \u00a7 Risk\u00f6verg\u00e5ng vid postorderk\u00f6p<\/strong><\/p>\n<ol>\n<li>N\u00e4r de best\u00e4llda varorna skickas till kunden \u00f6verg\u00e5r risken f\u00f6r oavsiktlig f\u00f6rlust eller oavsiktlig f\u00f6rs\u00e4mring av varan p\u00e5 kunden.<\/li>\n<li>Detta g\u00e4ller oavsett vem som st\u00e5r f\u00f6r leveranskostnaderna.<\/li>\n<\/ol>\n<p><strong>6 \u00a7 Avr\u00e4knings- och retentionsr\u00e4tt<\/strong><\/p>\n<ol>\n<li>Kunden har endast r\u00e4tt till kvittning om hans<br \/>\nMotkrav har fastst\u00e4llts eller \u00e4r ostridiga.<\/li>\n<li>Kunden har endast r\u00e4tt att ut\u00f6va retentionsr\u00e4tt i den m\u00e5n hans motfordran grundar sig p\u00e5 samma avtalsf\u00f6rh\u00e5llande.<\/li>\n<\/ol>\n<p><strong>7 \u00a7 \u00c4gander\u00e4ttsf\u00f6rbeh\u00e5ll<\/strong><\/p>\n<ol>\n<li>Leveranserna fr\u00e5n HAPPY BRANDS GbR f\u00f6rblir HAPPY BRANDS GbR:s egendom tills k\u00f6peskillingen har betalats i sin helhet.<\/li>\n<li>K\u00f6paren f\u00e5r varken pants\u00e4tta det k\u00f6pta f\u00f6rem\u00e5let eller \u00f6verl\u00e5ta det till tredje man som s\u00e4kerhet.<\/li>\n<\/ol>\n<p><strong>\u00a7 8 Tredje mans r\u00e4ttigheter<\/strong><\/p>\n<ol>\n<li>Genom att l\u00e4mna best\u00e4llningen bekr\u00e4ftar kunden att han har alla n\u00f6dv\u00e4ndiga upphovsr\u00e4tts-, anv\u00e4ndnings- och varum\u00e4rkesr\u00e4ttigheter samt andra r\u00e4ttigheter relaterade till de best\u00e4llda varorna. Det finns ingen inspektion av HAPPY BRANDS GbR.<\/li>\n<li>I detta sammanhang kommer kunden att h\u00e5lla HAPPY BRANDS GbR skadesl\u00f6s mot anspr\u00e5k fr\u00e5n tredje part p\u00e5 f\u00f6rsta beg\u00e4ran.<\/li>\n<\/ol>\n<p><strong>\u00a7 9 Garanti<\/strong><\/p>\n<ol>\n<li>Defektfria specialtillverkade produkter tillverkade specifikt efter kundens specifikationer \u00e4r i allm\u00e4nhet undantagna fr\u00e5n byte.<br \/>\nGLAD VARUM\u00c4RKEN | HAMBURG<\/li>\n<li>Kunden ska omedelbart vid ankomst inspektera mottagna varor f\u00f6r defekter, kvalitet och eventuella garanterade egenskaper. Reklamationer kan endast beaktas om de rapporteras till HAPPY BRANDS GbR omedelbart efter mottagandet av de best\u00e4llda varorna.<\/li>\n<li>Dolda defekter ska ocks\u00e5 rapporteras till HAPPY BRANDS GbR omedelbart efter uppt\u00e4ckt.<\/li>\n<li>Garantin t\u00e4cker inte skador som orsakats av k\u00f6paren p\u00e5 grund av felaktig f\u00f6rvaring eller hantering.<\/li>\n<li>I h\u00e4ndelse av ber\u00e4ttigade reklamationer kommer HAPPY BRANDS GbR att v\u00e4lja att reparera varan eller leverera en ers\u00e4ttning.<\/li>\n<li>Kundens garantianspr\u00e5k upph\u00f6r att g\u00e4lla inom ett \u00e5r efter leverans av de best\u00e4llda varorna.<\/li>\n<\/ol>\n<p><strong>10 \u00a7 Ansvar<\/strong><\/p>\n<ol>\n<li>Skadest\u00e5ndsanspr\u00e5k mot HAPPY BRANDS GbR p\u00e5 grund av ers\u00e4ttning f\u00f6r ekonomiska f\u00f6rluster \u00e4r begr\u00e4nsade till fall av upps\u00e5tligt eller grovt oaktsamt agerande. HAPPY BRANDS GbR ansvarar dock f\u00f6r enkel v\u00e5rdsl\u00f6shet om det f\u00f6religger ett brott mot en f\u00f6rpliktelse, vars korrekta fullg\u00f6rande \u00e4r v\u00e4sentligt f\u00f6r att uppn\u00e5 syftet med avtalet (kardinal skyldighet). I detta fall \u00e4r ansvaret f\u00f6r ekonomisk skada begr\u00e4nsat till omfattningen av den omedelbara ekonomiska skadan och beloppet till den f\u00f6rutsebara skadan.<\/li>\n<li>I den m\u00e5n HAPPY BRANDS GbR:s ansvar \u00e4r uteslutet eller begr\u00e4nsat, g\u00e4ller detta \u00e4ven det personliga ansvaret f\u00f6r anst\u00e4llda, representanter och st\u00e4llf\u00f6retr\u00e4dare.<\/li>\n<li>Ansvar som h\u00e4rr\u00f6r fr\u00e5n en garanti eller p\u00e5 grund av krav p\u00e5 ers\u00e4ttning f\u00f6r fysisk skada f\u00f6rblir op\u00e5verkat av dessa best\u00e4mmelser.<\/li>\n<li>HAPPY BRANDS GbR:s webbplatser inneh\u00e5ller l\u00e4nkar till webbplatser som drivs av tredje part. HAPPY BRANDS GbR tar inte \u00e4gander\u00e4tten till tredje parts webbplatser som \u00e4r tillg\u00e4ngliga via l\u00e4nkar och ansvarar inte f\u00f6r deras inneh\u00e5ll. De \u00e4r f\u00f6rem\u00e5l f\u00f6r respektive leverant\u00f6rs ansvar.<\/li>\n<\/ol>\n<p><strong>11 \u00a7 Dataskydd<\/strong><\/p>\n<ol>\n<li>Kunden \u00e4r medveten om och samtycker till att hans personuppgifter som \u00e4r n\u00f6dv\u00e4ndiga f\u00f6r best\u00e4llningen och best\u00e4llningsprocessen kommer att lagras av HAPPY BRANDS GbR. K\u00f6paren samtycker till insamling, bearbetning och HAPPY BRANDS | HAMBURG<br \/>\nuttryckligen samtycker till anv\u00e4ndningen av hans uppgifter. Uppgifterna kommer inte att vidarebefordras till tredje part.<\/li>\n<li>Detta samtycke kan \u00e5terkallas av kunden n\u00e4r som helst. Detta kommer att resultera i att dina uppgifter raderas omedelbart. N\u00e5got annat g\u00e4ller endast om best\u00e4llningsprocessen \u00e4nnu inte \u00e4r avslutad.<\/li>\n<\/ol>\n<p><strong>12 \u00a7 Upphovsr\u00e4tt<\/strong><\/p>\n<ol>\n<li>Alla artiklar, bilder och data som publiceras p\u00e5 HAPPY BRANDS GbR-webbplatsen \u00e4r skyddade av upphovsr\u00e4tt.<\/li>\n<li>Detsamma g\u00e4ller alla designs och koncept utvecklade av HAPPY BRANDS GbR. All anv\u00e4ndning som inte \u00e4r till\u00e5ten enligt upphovsr\u00e4ttslagstiftningen kr\u00e4ver skriftligt f\u00f6rhandsgodk\u00e4nnande fr\u00e5n HAPPY BRANDS GbR.<\/li>\n<\/ol>\n<p><strong>\u00a7 13 Till\u00e4mplig lag, domsort, partiell ogiltighet<\/strong><\/p>\n<ol>\n<li>Lagen i F\u00f6rbundsrepubliken Tyskland \u00e4r till\u00e4mplig p\u00e5 dessa allm\u00e4nna aff\u00e4rsrelationer och hela r\u00e4ttsf\u00f6rh\u00e5llandet mellan kunden och HAPPY BRANDS GbR.<\/li>\n<li>Jurisdiktionen f\u00f6r b\u00e5da delarna av avtalet \u00e4r Hamburg. F\u00f6retaget HAPPY BRANDS GbR har ocks\u00e5 r\u00e4tt att st\u00e4mma kunden vid dennes allm\u00e4nna jurisdiktion.<\/li>\n<li>Skulle en best\u00e4mmelse i dessa Allm\u00e4nna Villkor eller en best\u00e4mmelse inom ramen f\u00f6r ett annat avtal vara eller bli ogiltig p\u00e5verkas inte verkan av alla andra best\u00e4mmelser eller avtal.<\/li>\n<\/ol>\n\n\t\t<\/div>\n\t<\/div>\n<\/div><\/div><\/div><\/div>\n<\/div>","protected":false},"excerpt":{"rendered":"Allm\u00e4nna villkor i HAPPY BRANDS GbR f\u00f6r f\u00f6retagare 1 \u00a7 Allm\u00e4nt och omfattning F\u00f6ljande allm\u00e4nna villkor reglerar f\u00f6rh\u00e5llandet mellan f\u00f6retaget Happy Brands GbR och kunder som \u00e4r f\u00f6retagare i den mening som avses i 14 \u00a7 BGB och k\u00f6per varor fr\u00e5n f\u00f6retaget Happy Brands GbR, t.ex. B. via webbplatsen www.happy-brands.com. Motsatt\u2026","protected":false},"author":1,"featured_media":0,"parent":0,"menu_order":0,"comment_status":"closed","ping_status":"closed","template":"","meta":{"_seopress_robots_primary_cat":"","_seopress_titles_title":"\u1405 AGB - HAPPY BRANDS - Werbegeschenke & Promotion Artikel Agentur aus Hamburg","_seopress_titles_desc":"\u1405 AGB - Allgemeine Gesch\u00e4ftsbedingungen von HAPPY BRANDS - Werbegeschenke &amp; Promotion Artikel Agentur aus Hamburg","_seopress_robots_index":"","footnotes":""},"class_list":["post-186","page","type-page","status-publish","hentry","entry","no-media"],"_links":{"self":[{"href":"https:\/\/www.happy-brands.com\/sv\/wp-json\/wp\/v2\/pages\/186","targetHints":{"allow":["GET"]}}],"collection":[{"href":"https:\/\/www.happy-brands.com\/sv\/wp-json\/wp\/v2\/pages"}],"about":[{"href":"https:\/\/www.happy-brands.com\/sv\/wp-json\/wp\/v2\/types\/page"}],"author":[{"embeddable":true,"href":"https:\/\/www.happy-brands.com\/sv\/wp-json\/wp\/v2\/users\/1"}],"replies":[{"embeddable":true,"href":"https:\/\/www.happy-brands.com\/sv\/wp-json\/wp\/v2\/comments?post=186"}],"version-history":[{"count":0,"href":"https:\/\/www.happy-brands.com\/sv\/wp-json\/wp\/v2\/pages\/186\/revisions"}],"wp:attachment":[{"href":"https:\/\/www.happy-brands.com\/sv\/wp-json\/wp\/v2\/media?parent=186"}],"curies":[{"name":"wp","href":"https:\/\/api.w.org\/{rel}","templated":true}]}}