{"id":190,"date":"2018-11-27T11:57:56","date_gmt":"2018-11-27T11:57:56","guid":{"rendered":"https:\/\/www.happy-brands.com\/?page_id=190"},"modified":"2026-04-07T16:40:07","modified_gmt":"2026-04-07T14:40:07","slug":"avtryck","status":"publish","type":"page","link":"https:\/\/www.happy-brands.com\/sv\/avtryck\/","title":{"rendered":"avtryck"},"content":{"rendered":"<div class=\"wpb-content-wrapper\"><div class=\"vc_row wpb_row vc_row-fluid wpex-relative\"><div class=\"wpb_column vc_column_container vc_col-sm-3\"><div class=\"vc_column-inner\"><div class=\"wpb_wrapper\"><style>.vcex-heading.vcex_69f18b47a71d0{color:#cccccc;font-size:45px;font-family:Pavanam, sans-serif;font-weight:600;text-transform:uppercase;line-height:.8em;}<\/style><div class=\"vcex-heading vcex-heading-plain vcex-module wpex-heading wpex-text-2xl wpex-div wpex-text-right  wpb_animate_when_almost_visible wpb_fadeIn fadeIn vcex_69f18b47a71d0\"><span class=\"vcex-heading-inner wpex-inline-block\">sm\u00e5<br \/>\ntryck-<br \/>\ntes<\/span><\/div><\/div><\/div><\/div><div class=\"wpb_column vc_column_container vc_col-sm-9\"><div class=\"vc_column-inner\"><div class=\"wpb_wrapper\"><div class=\"vcex-spacing wpex-w-100 wpex-clear\" style=\"height:50px;\"><\/div>\n\t<div class=\"wpb_text_column wpb_content_element\" >\n\t\t<div class=\"wpb_wrapper\">\n\t\t\t<p><strong>avtryck<\/strong><\/p>\n<p>HAPPY BRANDS GbR<br \/>\nBaakenallee 21<br \/>\n20457 Hamburg<\/p>\n<p>Telefon: +49 (0)40 \u2013 70 70 76 \u2013 990<br \/>\nFax: +49 (0)40 \u2013 70 70 76 \u2013 980<br \/>\nE-post: smile@happy-brands.com<\/p>\n<p>St.nr: 41\/642\/03129<br \/>\nVAT ID-nummer: DE270455399<\/p>\n<p><strong>Befullm\u00e4ktigat ombud<\/strong><br \/>\nMartin Wedekind<\/p>\n<p><strong>\u00d6vriga aktie\u00e4gare<\/strong><br \/>\nDejan Bojcic<\/p>\n<p><strong>Ansvarig f\u00f6r inneh\u00e5llet enligt <em>Avsnitt 18 (2) MStV<\/em><\/strong><br \/>\nMarek Lackorzynski<\/p>\n<p><strong>Tekniskt genomf\u00f6rande<\/strong><br \/>\nKonstantin Schultes \u2013 <a href=\"https:\/\/www.enym.com\">www.enym.com<\/a><\/p>\n<p><strong>Befruktning | Design | Layout | Fotografi | Inneh\u00e5ll<\/strong><br \/>\nMarek Lackorzynski<\/p>\n\n\t\t<\/div>\n\t<\/div>\n<div class=\"vcex-spacing wpex-w-100 wpex-clear\"><\/div><h2 class=\"vcex-heading vcex-heading-plain vcex-module wpex-heading wpex-text-2xl wpex-h2\"><span class=\"vcex-heading-inner wpex-inline-block\">Copyright - Copyright<\/span><\/h2>\n\t<div class=\"wpb_text_column wpb_content_element\" >\n\t\t<div class=\"wpb_wrapper\">\n\t\t\t<p>Inneh\u00e5llet och verken p\u00e5 dessa sidor som skapats av webbplatsens operat\u00f6rer omfattas av tysk upphovsr\u00e4ttslagstiftning. Reproduktion, bearbetning, distribution och all form av utnyttjande utanf\u00f6r upphovsr\u00e4ttslagens gr\u00e4nser kr\u00e4ver skriftligt medgivande fr\u00e5n respektive f\u00f6rfattare eller skapare. Nedladdningar och kopior av denna webbplats f\u00f6r kommersiellt bruk \u00e4r inte till\u00e5tna.<\/p>\n<p>\u00a9 HAPPY BRANDS 2024 \u2013 alla r\u00e4ttigheter reserverade.<\/p>\n\n\t\t<\/div>\n\t<\/div>\n<div class=\"vcex-spacing wpex-w-100 wpex-clear\"><\/div><h2 class=\"vcex-heading vcex-heading-plain vcex-module wpex-heading wpex-text-2xl wpex-h2\"><span class=\"vcex-heading-inner wpex-inline-block\">varning<\/span><\/h2>\n\t<div class=\"wpb_text_column wpb_content_element\" >\n\t\t<div class=\"wpb_wrapper\">\n\t\t\t<p>Inneh\u00e5llet p\u00e5 v\u00e5ra sidor skapades med stor omsorg. Vi kan dock inte garantera att inneh\u00e5llet \u00e4r korrekt, fullst\u00e4ndigt eller uppdaterat. Operat\u00f6rerna av externa l\u00e4nkar \u00e4r ensamma ansvariga f\u00f6r inneh\u00e5llet och vi tar inget ansvar f\u00f6r dem.<\/p>\n\n\t\t<\/div>\n\t<\/div>\n<\/div><\/div><\/div><\/div>\n<\/div>","protected":false},"excerpt":{"rendered":"Sm\u00e5tryck Impressum HAPPY BRANDS GbR Baakenallee 21 20457 Hamburg Telefon: +49 (0)40 - 70 70 76 - 990 Fax: +49 (0)40 - 70 70 76 - 980 E-post: smile@happy-brands.com Skatte-ID: 41\/642\/03129 Momsregistreringsnummer: DE270455399 Auktoriserad representant: Martin Wedekind Annan partner: Dejan Bojcic Ansvarig f\u00f6r inneh\u00e5llet enligt \u00a7 18 paragraf 2 MStV: Marek Lackorzynski Teknisk implementering\u2026","protected":false},"author":1,"featured_media":0,"parent":0,"menu_order":0,"comment_status":"closed","ping_status":"closed","template":"","meta":{"_seopress_robots_primary_cat":"","_seopress_titles_title":"\u1405 Impressum - HAPPY BRANDS - Werbemittel Agentur in Hamburg","_seopress_titles_desc":"\u1405 Impressum von HAPPY BRANDS - Werbemittel Agentur in Hamburg","_seopress_robots_index":"","footnotes":""},"class_list":["post-190","page","type-page","status-publish","hentry","entry","no-media"],"_links":{"self":[{"href":"https:\/\/www.happy-brands.com\/sv\/wp-json\/wp\/v2\/pages\/190","targetHints":{"allow":["GET"]}}],"collection":[{"href":"https:\/\/www.happy-brands.com\/sv\/wp-json\/wp\/v2\/pages"}],"about":[{"href":"https:\/\/www.happy-brands.com\/sv\/wp-json\/wp\/v2\/types\/page"}],"author":[{"embeddable":true,"href":"https:\/\/www.happy-brands.com\/sv\/wp-json\/wp\/v2\/users\/1"}],"replies":[{"embeddable":true,"href":"https:\/\/www.happy-brands.com\/sv\/wp-json\/wp\/v2\/comments?post=190"}],"version-history":[{"count":5,"href":"https:\/\/www.happy-brands.com\/sv\/wp-json\/wp\/v2\/pages\/190\/revisions"}],"predecessor-version":[{"id":70175,"href":"https:\/\/www.happy-brands.com\/sv\/wp-json\/wp\/v2\/pages\/190\/revisions\/70175"}],"wp:attachment":[{"href":"https:\/\/www.happy-brands.com\/sv\/wp-json\/wp\/v2\/media?parent=190"}],"curies":[{"name":"wp","href":"https:\/\/api.w.org\/{rel}","templated":true}]}}