{"id":202,"date":"2018-11-27T12:23:58","date_gmt":"2018-11-27T12:23:58","guid":{"rendered":"https:\/\/www.happy-brands.com\/?page_id=202"},"modified":"2021-04-08T14:18:03","modified_gmt":"2021-04-08T12:18:03","slug":"var-filosofi","status":"publish","type":"page","link":"https:\/\/www.happy-brands.com\/sv\/som-oeversikt\/var-filosofi\/","title":{"rendered":"Hur vi arbetar \/ V\u00e5r filosofi"},"content":{"rendered":"<div class=\"wpb-content-wrapper\"><div class=\"vc_row wpb_row vc_row-fluid wpex-relative\"><div class=\"wpb_column vc_column_container vc_col-sm-3\"><div class=\"vc_column-inner\"><div class=\"wpb_wrapper\"><h1 class=\"hb-heading\"><span class=\"vcex-heading-inner clr\">Hur<br \/>\nvi<br \/>\narbete<br \/>\n\/<br \/>\nv\u00e5r<br \/>\nfilosofi<\/span><\/h1><\/div><\/div><\/div><div class=\"wpb_column vc_column_container vc_col-sm-9\"><div class=\"vc_column-inner\"><div class=\"wpb_wrapper\"><div class=\"vcex-spacing wpex-w-100 wpex-clear\" style=\"height:50px;\"><\/div>\n\t<div class=\"wpb_text_column wpb_content_element vc_custom_1567069433134\" >\n\t\t<div class=\"wpb_wrapper\">\n\t\t\t<p>Kreativ. Kompetent. Personlig.<br \/>\nS\u00e5 h\u00e4r jobbar vi.<\/p>\n<p>Vi letar efter och uppfinner vackra nya saker som fungerar som i\u00f6gonfallande reklammedia.<br \/>\nEller f\u00f6rb\u00e4ttra befintliga.<br \/>\nF\u00f6rutom den kreativa processen beh\u00e4rskar vi en andra, inte mindre viktig:<br \/>\nAtt producera.<\/p>\n<p>Om du gillar ett f\u00f6rslag fr\u00e5n oss kommer vi att implementera det och ta fram det \u00e5t dig.<br \/>\nDirekt. Fritt fabrik. Utan mellanh\u00e4nder.<\/p>\n<p>N\u00e4r det kommer till r\u00e5dgivning och produktion l\u00e4gger vi s\u00e4rskild vikt vid aspekter av h\u00e5llbarhet, s\u00e4kerhet (i relation till v\u00e5ra produktionsanl\u00e4ggningar och de produkter som tillverkas), djurskydd och global etisk och ekonomisk r\u00e4ttvisa.<\/p>\n<p>Varf\u00f6r g\u00f6r vi det h\u00e4r bra?<br \/>\nF\u00f6r att vi gillar att g\u00f6ra det.<br \/>\nF\u00f6r vi har gjort det l\u00e4nge.<br \/>\nF\u00f6r vi vet hur det fungerar och vad som \u00e4r viktigt.<\/p>\n<p>Vem\/Hur\/Vad kan bevisa detta?<br \/>\n<a href=\"\/sv\/vem-oeverblick\/vilka-vara-kunder-aer-referenser\/\">v\u00e5ra kunder<\/a>.<br \/>\n<a href=\"\/sv\/vem-oeverblick\/vilka-vara-kunder-aer-referenser\/\">V\u00e5ra referenser<\/a>.<br \/>\n<a href=\"\/sv\/som-oeversikt\/certifikat\/\">V\u00e5ra certifikat och testresultat<\/a>.<br \/>\nSnart du.<\/p>\n\n\t\t<\/div>\n\t<\/div>\n<\/div><\/div><\/div><\/div><div class=\"vc_row wpb_row vc_row-fluid wpex-relative\"><div class=\"wpb_column vc_column_container vc_col-sm-3\"><div class=\"vc_column-inner\"><div class=\"wpb_wrapper\"><\/div><\/div><\/div><div class=\"wpb_column vc_column_container vc_col-sm-9\"><div class=\"vc_column-inner\"><div class=\"wpb_wrapper\"><div class=\"vc_separator wpb_content_element vc_separator_align_center vc_sep_width_100 vc_sep_pos_align_center vc_separator_no_text vc_sep_color_grey wpb_content_element  wpb_content_element\" ><span class=\"vc_sep_holder vc_sep_holder_l\"><span class=\"vc_sep_line\"><\/span><\/span><span class=\"vc_sep_holder vc_sep_holder_r\"><span class=\"vc_sep_line\"><\/span><\/span>\n<\/div><\/div><\/div><\/div><\/div><div class=\"vc_row wpb_row vc_row-fluid wpex-relative\"><div class=\"wpb_column vc_column_container vc_col-sm-3\"><div class=\"vc_column-inner\"><div class=\"wpb_wrapper\"><\/div><\/div><\/div><div class=\"wpb_column vc_column_container vc_col-sm-9\"><div class=\"vc_column-inner\"><div class=\"wpb_wrapper\"><h4 class=\"vcex-heading vcex-heading-plain vcex-module wpex-heading wpex-text-2xl wpex-h4\"><span class=\"vcex-heading-inner wpex-inline-block\">Fallstudie 1 _ Kund: SportScheck \/ Projekt: Medalj med satinrosett<\/span><\/h4><figure class=\"vcex-image vcex-module  wpb_animate_when_almost_visible wpb_fadeIn fadeIn\"><div class=\"vcex-image-inner wpex-relative wpex-inline-block\"><img width=\"800\" height=\"524\" src=\"https:\/\/www.happy-brands.com\/wp-content\/uploads\/2019\/07\/Giveaway-Medaille.jpg\" class=\"vcex-image-img wpex-align-middle\" alt=\"Giveaway-medalj\" loading=\"lazy\" decoding=\"async\" \/><\/div><\/figure><\/div><\/div><\/div><\/div><div class=\"vc_row wpb_row vc_row-fluid wpex-relative\"><div class=\"wpb_column vc_column_container vc_col-sm-3\"><div class=\"vc_column-inner\"><div class=\"wpb_wrapper\"><\/div><\/div><\/div><div class=\"wpb_column vc_column_container vc_col-sm-9\"><div class=\"vc_column-inner\"><div class=\"wpb_wrapper\"><div class=\"vc_separator wpb_content_element vc_separator_align_center vc_sep_width_100 vc_sep_pos_align_center vc_separator_no_text vc_sep_color_grey wpb_content_element  wpb_content_element\" ><span class=\"vc_sep_holder vc_sep_holder_l\"><span class=\"vc_sep_line\"><\/span><\/span><span class=\"vc_sep_holder vc_sep_holder_r\"><span class=\"vc_sep_line\"><\/span><\/span>\n<\/div><\/div><\/div><\/div><\/div><div class=\"vc_row wpb_row vc_row-fluid wpex-relative\"><div class=\"wpb_column vc_column_container vc_col-sm-3\"><div class=\"vc_column-inner\"><div class=\"wpb_wrapper\"><\/div><\/div><\/div><div class=\"wpb_column vc_column_container vc_col-sm-9\"><div class=\"vc_column-inner\"><div class=\"wpb_wrapper\"><h4 class=\"vcex-heading vcex-heading-plain vcex-module wpex-heading wpex-text-2xl wpex-h4\"><span class=\"vcex-heading-inner wpex-inline-block\">Fallstudie 2 _ Kund: TOM TAILOR \/ Projekt: L\u00e4derarmband med gyllene 3D-emblem med BAMBI-motiv<\/span><\/h4><figure class=\"vcex-image vcex-module  wpb_animate_when_almost_visible wpb_fadeIn fadeIn\"><div class=\"vcex-image-inner wpex-relative wpex-inline-block\"><img width=\"800\" height=\"590\" src=\"https:\/\/www.happy-brands.com\/wp-content\/uploads\/2019\/07\/Werbegeschenk-Lederarmband.jpg\" class=\"vcex-image-img wpex-align-middle\" alt=\"Reklampresent l\u00e4derarmband\" loading=\"lazy\" decoding=\"async\" \/><\/div><\/figure><\/div><\/div><\/div><\/div>\n<\/div>","protected":false},"excerpt":{"rendered":"Hur vi arbetar \/ v\u00e5r filosofi Kreativt. Kompetent. Personlig. S\u00e5 h\u00e4r jobbar vi. Vi letar efter och uppfinner vackra nya saker som fungerar som i\u00f6gonfallande reklammedia. Eller f\u00f6rb\u00e4ttra befintliga. F\u00f6rutom den kreativa processen beh\u00e4rskar vi en andra, inte mindre viktig s\u00e5dan: att producera. Om du gillar ett f\u00f6rslag fr\u00e5n oss kommer vi att implementera det och ta fram det \u00e5t dig.\u2026","protected":false},"author":1,"featured_media":0,"parent":72,"menu_order":0,"comment_status":"closed","ping_status":"closed","template":"","meta":{"_seopress_robots_primary_cat":"","_seopress_titles_title":"\u1405 Unsere Philosophie | Produktions-Agentur f\u00fcr Kundengeschenke & Eventartikel - HAPPY BRANDS","_seopress_titles_desc":"\u1405 Unsere Philosophie: Kreativ, pers\u00f6nlich, kompetent, verl\u00e4sslich, nachhaltig | Produktions-Agentur f\u00fcr Kundengeschenke, Eventartikel, Bandmerch mit Logo Druck","_seopress_robots_index":"","footnotes":""},"class_list":["post-202","page","type-page","status-publish","hentry","entry","no-media"],"_links":{"self":[{"href":"https:\/\/www.happy-brands.com\/sv\/wp-json\/wp\/v2\/pages\/202","targetHints":{"allow":["GET"]}}],"collection":[{"href":"https:\/\/www.happy-brands.com\/sv\/wp-json\/wp\/v2\/pages"}],"about":[{"href":"https:\/\/www.happy-brands.com\/sv\/wp-json\/wp\/v2\/types\/page"}],"author":[{"embeddable":true,"href":"https:\/\/www.happy-brands.com\/sv\/wp-json\/wp\/v2\/users\/1"}],"replies":[{"embeddable":true,"href":"https:\/\/www.happy-brands.com\/sv\/wp-json\/wp\/v2\/comments?post=202"}],"version-history":[{"count":0,"href":"https:\/\/www.happy-brands.com\/sv\/wp-json\/wp\/v2\/pages\/202\/revisions"}],"up":[{"embeddable":true,"href":"https:\/\/www.happy-brands.com\/sv\/wp-json\/wp\/v2\/pages\/72"}],"wp:attachment":[{"href":"https:\/\/www.happy-brands.com\/sv\/wp-json\/wp\/v2\/media?parent=202"}],"curies":[{"name":"wp","href":"https:\/\/api.w.org\/{rel}","templated":true}]}}