{"id":28699,"date":"2024-02-05T13:25:05","date_gmt":"2024-02-05T12:25:05","guid":{"rendered":"https:\/\/www.happy-brands.com\/cookies\/"},"modified":"2025-06-18T13:48:45","modified_gmt":"2025-06-18T11:48:45","slug":"smakakor","status":"publish","type":"page","link":"https:\/\/www.happy-brands.com\/sv\/smakakor\/","title":{"rendered":"Sm\u00e5kakor"},"content":{"rendered":"<div class=\"wpb-content-wrapper\"><div class=\"vc_row wpb_row vc_row-fluid wpex-relative\"><div class=\"wpb_column vc_column_container vc_col-sm-3\"><div class=\"vc_column-inner\"><div class=\"wpb_wrapper\"><style>.vcex-heading.vcex_69f4a9aec74db{color:#cccccc;font-size:45px;font-family:Pavanam, sans-serif;font-weight:600;text-transform:uppercase;line-height:.8em;}<\/style><div class=\"vcex-heading vcex-heading-plain vcex-module wpex-heading wpex-text-2xl wpex-div wpex-text-right  wpb_animate_when_almost_visible wpb_fadeIn fadeIn vcex_69f4a9aec74db\"><span class=\"vcex-heading-inner wpex-inline-block\">Sm\u00e5kakor<\/span><\/div><\/div><\/div><\/div><div class=\"wpb_column vc_column_container vc_col-sm-9\"><div class=\"vc_column-inner\"><div class=\"wpb_wrapper\"><div class=\"vcex-spacing wpex-w-100 wpex-clear\" style=\"height:50px;\"><\/div><div class=\"vcex-shortcode wpex-clr\"><p>V\u00e5r webbplats anv\u00e4nder cookies och liknande tekniker (f\u00f6r enkelhetens skull kallas alla tekniker f\u00f6r &quot;cookies&quot;). Cookies placeras ocks\u00e5 av tredje part \u00e5 v\u00e5ra v\u00e4gnar. I dokumentet nedan informerar vi dig om anv\u00e4ndningen av cookies p\u00e5 v\u00e5r webbplats.<\/p>\n\t\t\t\t\t<p class=\"enym-abstract\"><strong>Sammanfattning: Vi ogillar cookies, och precis som du gillar vi inte heller cookiebanners. D\u00e4rf\u00f6r arbetar vi kontinuerligt med att g\u00f6ra v\u00e5r webbplats s\u00e5 cookiefri som m\u00f6jligt. Med undantag f\u00f6r brandv\u00e4gg, inloggning och varukorgsfunktioner har vi till stor del implementerat detta. V\u00e5r redan anonymiserade sp\u00e5rning fungerar ocks\u00e5 delvis helt utan anv\u00e4ndning av cookies.<\/strong><\/p>\n\n\t\t\t\t\t<h2 class=\"wp-block-heading\">Skript<\/h2>\n\t\t\t\t\t<p>Ett skript \u00e4r en kodbit som g\u00f6r att v\u00e5r webbplats fungerar korrekt och interaktivt. Denna kod k\u00f6rs p\u00e5 v\u00e5r server eller p\u00e5 din enhet. Skript kan beh\u00f6va st\u00e4lla in cookies f\u00f6r att fungera korrekt.<\/p>\n\n\t\t\t\t\t<h2 class=\"wp-block-heading\">Webbfyr<\/h2>\n\t\t\t\t\t<p>En web beacon (\u00e4ven kallad pixeltagg) \u00e4r en liten, osynlig text- eller bildbit p\u00e5 en webbplats som anv\u00e4nds f\u00f6r att \u00f6vervaka webbplatstrafik. F\u00f6r att g\u00f6ra detta h\u00e4mtas och lagras olika data fr\u00e5n dig med hj\u00e4lp av web beacons. Web beacons anv\u00e4nds till exempel f\u00f6r att m\u00e4ta resultatet av en reklamkampanj.<\/p>\n\n\t\t\t\t\t<h2 class=\"wp-block-heading\">Sm\u00e5kakor<\/h2>\n\t\t\t\t\t<p>En cookie \u00e4r en liten, enkel textfil som skickas tillsammans med sidor p\u00e5 denna webbplats och lagras av din webbl\u00e4sare p\u00e5 h\u00e5rddisken p\u00e5 din dator eller annan enhet. Informationen som lagras i denna fil kan returneras till v\u00e5ra servrar eller till relevanta tredje parters servrar vid ett senare bes\u00f6k. Dataskyddsmyndigheten skiljer mellan tre typer av cookies. Cookiebannern och denna cookiepolicy informerar dig om vilka cookies som specifikt anv\u00e4nds p\u00e5 denna webbplats.<\/p>\n\t\t\t\t\t\n\t\t\t\t\t<ul class=\"wp-block-list enym-list\">\n\t\t\t\t\t<li><h3 class=\"wp-block-heading\">Tekniskt n\u00f6dv\u00e4ndiga och funktionella cookies<\/h3>\n\t\t\t\t\t<p>Vissa cookies s\u00e4kerst\u00e4ller att vissa delar av webbplatsen fungerar korrekt och att dina anv\u00e4ndarinst\u00e4llningar sparas. Genom att st\u00e4lla in funktionella cookies g\u00f6r vi v\u00e5r webbplats enklare f\u00f6r dig. P\u00e5 s\u00e5 s\u00e4tt beh\u00f6ver du inte ange samma information upprepade g\u00e5nger n\u00e4r du bes\u00f6ker v\u00e5r webbplats; till exempel finns varor kvar i din varukorg tills du betalar. Vi kan komma att st\u00e4lla in dessa cookies utan ditt samtycke.<\/p><\/li>\n\t\t\t\t\t<li><h3 class=\"wp-block-heading\">Analytiska cookies<\/h3>\n\t\t\t\t\t<p>Vi anv\u00e4nder statistiska cookies f\u00f6r att optimera webbplatsupplevelsen f\u00f6r v\u00e5ra anv\u00e4ndare. Dessa statistiska cookies ger oss insikter i anv\u00e4ndningen av v\u00e5r webbplats. Vi ber om ditt tillst\u00e5nd att placera analytiska cookies.<\/p><\/li>\n\t\t\t\t\t<li><h3 class=\"wp-block-heading\">Marknadsf\u00f6rings-\/sp\u00e5rningscookies<\/h3>\n\t\t\t\t\t<p>Marknadsf\u00f6rings-\/sp\u00e5rningscookies \u00e4r cookies eller andra former av lokal lagring som anv\u00e4nds f\u00f6r att skapa anv\u00e4ndarprofiler i syfte att visa annonser eller f\u00f6r att sp\u00e5ra anv\u00e4ndaren \u00f6ver webbplatser eller \u00f6ver flera webbplatser f\u00f6r liknande marknadsf\u00f6ringssyften.<\/p><\/li>\n\t\t\t\t\t<\/ul>\n\n\t\t\t\t\t<h2 class=\"wp-block-heading\">godk\u00e4nnande<\/h2>\n\t\t\t\t\t<p>N\u00e4r du bes\u00f6ker v\u00e5r webbplats f\u00f6r f\u00f6rsta g\u00e5ngen visar vi en cookie-banner med ett alternativ f\u00f6r att godk\u00e4nna cookies. Genom att klicka p\u00e5 &quot;Godk\u00e4nn&quot; samtycker du till att vi anv\u00e4nder de kategorier av cookies som anges i beg\u00e4ran.<\/p>\n\t\t\t\t\t<p>Du kan n\u00e4r som helst justera ditt samtycke. F\u00f6r att g\u00f6ra det klickar du bara p\u00e5 v\u00e4xlingsikonen som visas l\u00e4ngst ner till v\u00e4nster p\u00e5 varje webbl\u00e4sarsida.<\/p>\n\t\t\t\t\t<p>Du kan ocks\u00e5 inaktivera anv\u00e4ndningen av cookies via din webbl\u00e4sare, men observera att denna och andra webbplatser d\u00e5 kanske inte l\u00e4ngre fungerar korrekt.<\/p>\n\n\t\t\t\t\t<h2 class=\"wp-block-heading\">Ta bort cookies<\/h2>\n\t\t\t\t\t<p>Du kan anv\u00e4nda din webbl\u00e4sare f\u00f6r att radera cookies automatiskt eller manuellt. Du kan ocks\u00e5 v\u00e4lja att inte acceptera vissa cookies alls. Ett annat alternativ \u00e4r att \u00e4ndra dina webbl\u00e4sarinst\u00e4llningar s\u00e5 att du f\u00e5r ett meddelande varje g\u00e5ng en cookie placeras. F\u00f6r mer information om dessa alternativ, se instruktionerna i din webbl\u00e4sares hj\u00e4lpavsnitt.<\/p>\n\t\t\t\t\t<p>Observera att v\u00e5r webbplats eventuellt inte fungerar korrekt om alla cookies \u00e4r inaktiverade. Om du tar bort cookies fr\u00e5n din webbl\u00e4sare kommer de att \u00e5terst\u00e4llas efter ditt samtycke n\u00e4r du bes\u00f6ker v\u00e5ra webbplatser igen.<\/p>\n\t\t\t\t\t\n\t\t\t\t\t<h2>K\u00e4rntj\u00e4nster<\/h2><h3 class=\"wp-block-heading\">WordPress<\/h3>\n\t\t\t\t\t<p>Vi anv\u00e4nder WordPress som inneh\u00e5llshanteringssystem (CMS) f\u00f6r att driva denna webbplats. <a href=\"https:\/\/cookiedatabase.org\/service\/wordpress\/\">L\u00e4s mer<\/a>F\u00f6r mer information, bes\u00f6k <a target=\"_blank\" rel=\"noopener\" href=\"https:\/\/de.wordpress.org\/about\/privacy\/\">WordPress integritetspolicy<\/a>&nbsp;l\u00e4sa. Dessa uppgifter kommer inte att vidarebefordras till tredje part.<\/p>\n\t\t\t\t\t<p><strong>Funktionell<\/strong><\/p>\n\t\t\t\t\t<figure class=\"wp-block-table\"><table class=\"has-fixed-layout\"><tbody>\n\t\t\t\t\t<tr><td>Efternamn<\/td><td>Utg\u00e5ngsdatum<\/td><td>fungera<\/td><\/tr>\n\t\t\t\t\t<tr><td><a href=\"https:\/\/cookiedatabase.org\/cookie\/wordpress\/wordpress_logged_in_\/\" target=\"_blank\" rel=\"noopener\">wordpress_inloggad_*<\/a><\/td><td>session<\/td><td>Sparar inloggningssessionen<\/td><\/tr>\n\t\t\t\t\t<tr><td><a href=\"https:\/\/cookiedatabase.org\/cookie\/wordpress\/wordpress_test_cookie\/\" target=\"_blank\" rel=\"noopener\">wordpress_test_cookie<\/a><\/td><td>session<\/td><td>Kontrollerar om cookies kan st\u00e4llas in<\/td><\/tr>\n\t\t\t\t\t<tr><td><a href=\"https:\/\/cookiedatabase.org\/cookie\/wordpress\/wordpress_sec_\/\" target=\"_blank\" rel=\"noopener\">wordpress_sec_*<\/a><\/td><td>15 dagar<\/td><td>Skydd mot hackare<\/td><\/tr>\n\t\t\t\t\t<tr><td><a href=\"https:\/\/cookiedatabase.org\/cookie\/wordpress\/wpemojisettingssupports\/\" target=\"_blank\" rel=\"noopener\">wpEmojiSettingsSupports<\/a><\/td><td>session<\/td><td>Sparar webbl\u00e4sarinformation<\/td><\/tr>\n\t\t\t\t\t<tr><td><a href=\"https:\/\/cookiedatabase.org\/cookie\/wordpress\/wp_lang\/\" target=\"_blank\" rel=\"noopener\">wp_lang<\/a><\/td><td>session<\/td><td>Sparar spr\u00e5kversionen<\/td><\/tr>\n\t\t\t\t\t<tr><td><a href=\"https:\/\/cookiedatabase.org\/cookie\/wordpress\/wp_data_user_1\/\" target=\"_blank\" rel=\"noopener\">WP_DATA_USER_1<\/a><\/td><td>session<\/td><td>Sparar administrat\u00f6rsinst\u00e4llningar<\/td><\/tr>\n\t\t\t\t\t<tr><td><a href=\"https:\/\/cookiedatabase.org\/cookie\/wordpress\/comment_author_email_\/\" target=\"_blank\" rel=\"noopener\">kommentar_f\u00f6rfattare_e-postadress_*<\/a><\/td><td>1 \u00e5r<\/td><td>Sparar kommentarsmejlet<\/td><\/tr>\n\t\t\t\t\t<tr><td><a href=\"https:\/\/cookiedatabase.org\/cookie\/wordpress\/comment_author_url_\/\" target=\"_blank\" rel=\"noopener\">kommentar_f\u00f6rfattarens_url_*<\/a><\/td><td>1 \u00e5r<\/td><td>Sparar kommentarens URL<\/td><\/tr>\n\t\t\t\t\t<tr><td><a href=\"https:\/\/cookiedatabase.org\/cookie\/wordpress\/comment_author_\/\" target=\"_blank\" rel=\"noopener\">kommentar_f\u00f6rfattare_*<\/a><\/td><td>1 \u00e5r<\/td><td>Sparar kommentarnamn<\/td><\/tr>\n\t\t\t\t\t<\/tbody><\/table><\/figure><h2>Sp\u00e5rning<\/h2><h3 class=\"wp-block-heading\">Samtyckeshanterare (SEOPress)<\/h3>\n\t\t\t\t\t<p>Vi anv\u00e4nder SEOPress som v\u00e5rt system f\u00f6r hantering av cookieefterlevnad. <a href=\"https:\/\/cookiedatabase.org\/service\/wordpress\/\">L\u00e4s mer<\/a>F\u00f6r mer information, bes\u00f6k <a target=\"_blank\" rel=\"noopener\" href=\"https:\/\/de.wordpress.org\/about\/privacy\/\">WordPress integritetspolicy<\/a>&nbsp;l\u00e4sa.<\/p>\n\t\t\t\t\t<p><strong>Funktionell<\/strong><\/p>\n\t\t\t\t\t<figure class=\"wp-block-table\"><table class=\"has-fixed-layout\"><tbody>\n\t\t\t\t\t<tr><td>Efternamn<\/td><td>Utg\u00e5ngsdatum<\/td><td>fungera<\/td><\/tr>\n\t\t\t\t\t<tr><td><a href=\"https:\/\/cookiedatabase.org\/cookie\/wordpress\/seopress-user-consent-accept\/\" target=\"_blank\" rel=\"noopener\">seopress-anv\u00e4ndarens samtycke-acceptera<\/a><\/td><td>14 dagar<\/td><td>Sparar cookie-inst\u00e4llningar<\/td><\/tr>\n\t\t\t\t\t<\/tbody><\/table><\/figure><h3 class=\"wp-block-heading\">Matomo<\/h3>\n\t\t\t\t\t<p>Vi anv\u00e4nder Matomo f\u00f6r anonym bes\u00f6kssp\u00e5rning. <a href=\"https:\/\/cookiedatabase.org\/service\/matomo\/\">L\u00e4s mer<\/a>F\u00f6r mer information, bes\u00f6k <a target=\"_blank\" rel=\"noopener\" href=\"https:\/\/matomo.org\/privacy-policy\/\">Matomos integritetspolicy<\/a>&nbsp;l\u00e4sa.<\/p>\n\t\t\t\t\t<p><strong>Marknadsf\u00f6ring\/Sp\u00e5rning<\/strong><\/p>\n\t\t\t\t\t<figure class=\"wp-block-table\"><table class=\"has-fixed-layout\"><tbody>\n\t\t\t\t\t<tr><td>Efternamn<\/td><td>Utg\u00e5ngsdatum<\/td><td>fungera<\/td><\/tr>\n\t\t\t\t\t<tr><td><a href=\"https:\/\/cookiedatabase.org\/cookie\/matomo\/_pk_ses\/\" target=\"_blank\" rel=\"noopener\">_pk_ses*<\/a><\/td><td>session<\/td><td>Bes\u00f6karnas beteende<\/td><\/tr>\n\t\t\t\t\t<tr><td><a href=\"https:\/\/cookiedatabase.org\/cookie\/matomo\/_pk_id\/\" target=\"_blank\" rel=\"noopener\">_pk_id*<\/a><\/td><td>13 m\u00e5nader<\/td><td>Anonym bes\u00f6kar-ID<\/td><\/tr>\n\t\t\t\t\t<\/tbody><\/table><\/figure><h3 class=\"wp-block-heading\">Google Analytics med konvertering via Google Tag Manager<\/h3>\n\t\t\t\t\t<p>Vi anv\u00e4nder Google Analytics, en webbanalystj\u00e4nst som tillhandah\u00e5lls av Google Ireland Limited (\u201dGoogle\u201d). Google Analytics anv\u00e4nder \u201dcookies\u201d, textfiler som placeras p\u00e5 din dator f\u00f6r att hj\u00e4lpa webbplatsen att analysera hur anv\u00e4ndare anv\u00e4nder webbplatsen. Informationen som genereras av cookien om din anv\u00e4ndning av webbplatsen (inklusive din IP-adress) kommer vanligtvis att \u00f6verf\u00f6ras till och lagras av Google p\u00e5 servrar i USA. Vi anv\u00e4nder Google Analytics f\u00f6r att utv\u00e4rdera anv\u00e4ndningen av v\u00e5r webbplats och f\u00f6r att sammanst\u00e4lla rapporter om webbplatsaktivitet. Denna information hj\u00e4lper oss att kontinuerligt f\u00f6rb\u00e4ttra v\u00e5ra tj\u00e4nster. Du hittar mer information om databehandling av Google Analytics i [l\u00e4nk till Google Analytics integritetspolicy]. <a href=\"https:\/\/policies.google.com\/privacy\">Googles integritetspolicy<\/a>Vi anv\u00e4nder \u00e4ven Google Tag Manager, ett tagghanteringssystem som tillhandah\u00e5lls av Google Ireland Limited. Google Tag Manager i sig st\u00e4ller inte in cookies eller samlar in n\u00e5gra personuppgifter. D\u00e4remot utl\u00f6ser det andra taggar, som i sin tur kan samla in data. Google Tag Manager har inte \u00e5tkomst till dessa uppgifter. Om inaktivering har utf\u00f6rts p\u00e5 dom\u00e4n- eller cookieniv\u00e5 kommer den att forts\u00e4tta g\u00e4lla f\u00f6r alla sp\u00e5rningstaggar som implementerats med Google Tag Manager.<\/p>\n\t\t\t\t\t<ul class=\"wp-block-list enym-list\">\n\t\t\t\t\t<li>Leverant\u00f6r: Alphabet Inc., 1600 Amphitheatre Pkwy, Mountain View, CA 94043-1351, USA.<\/li>\t\t\t\t\n\t\t\t\t\t<li><a href=\"https:\/\/marketingplatform.google.com\/about\/tag-manager\/use-policy\/\">Integritetspolicy Google Analytics \/ Tagghantering<\/a><\/li>\n\t\t\t\t\t<\/ul><h2>Plugins<\/h2><h3 class=\"wp-block-heading\">Kontaktformul\u00e4r (Forminator)<\/h3>\n\t\t\t\t\t<p><\/p>\n\n\n\n\t\t\t\t\t<h2 class=\"wp-block-heading\">Kontakt<\/h2>\n\t\t\t\t\t<p>F\u00f6r fr\u00e5gor eller kommentarer g\u00e4llande v\u00e5r cookiepolicy och detta uttalande, v\u00e4nligen kontakta den ansvariga myndigheten i enlighet med artikel 4 (7) i EU:s allm\u00e4nna dataskyddsf\u00f6rordning (GDPR) med hj\u00e4lp av kontaktuppgifterna i v\u00e5r <a href=\"\/sv\/avtryck\/\">avtryck<\/a>.<\/p>\n\t\t\t\t\t\n\t\t\t\t\t<p><em>Denna cookiepolicy g\u00e4ller f\u00f6r medborgare och personer som \u00e4r permanent bosatta i Europeiska ekonomiska samarbetsomr\u00e5det och Schweiz. F\u00f6r att s\u00e4kerst\u00e4lla aktuell funktionalitet har denna cookiepolicy synkroniserats med cookiedatabasen. <a ref=\"https:\/\/cookiedatabase.org\/\"\"\">cookiedatabase.org<\/a> j\u00e4mf\u00f6rt.<\/em><\/p>\n\t\t\t\t<p>Senast uppdaterad: 1 maj 2026<\/p><\/div><\/div><\/div><\/div><\/div>\n<\/div>","protected":false},"excerpt":{"rendered":"KakorV\u00e5r webbplats anv\u00e4nder kakor och liknande tekniker (f\u00f6r enkelhetens skull kallas alla tekniker f\u00f6r &quot;kakor&quot;). Kakor placeras ocks\u00e5 av tredje part \u00e5 v\u00e5ra v\u00e4gnar. I dokumentet nedan informerar vi dig om anv\u00e4ndningen av kakor p\u00e5 v\u00e5r webbplats. Kort sagt: Vi gillar inte kakor, och precis som du gillar vi inte...","protected":false},"author":1,"featured_media":0,"parent":0,"menu_order":0,"comment_status":"closed","ping_status":"closed","template":"","meta":{"_seopress_robots_primary_cat":"","_seopress_titles_title":"","_seopress_titles_desc":"","_seopress_robots_index":"","footnotes":""},"class_list":["post-28699","page","type-page","status-publish","hentry","entry","no-media"],"_links":{"self":[{"href":"https:\/\/www.happy-brands.com\/sv\/wp-json\/wp\/v2\/pages\/28699","targetHints":{"allow":["GET"]}}],"collection":[{"href":"https:\/\/www.happy-brands.com\/sv\/wp-json\/wp\/v2\/pages"}],"about":[{"href":"https:\/\/www.happy-brands.com\/sv\/wp-json\/wp\/v2\/types\/page"}],"author":[{"embeddable":true,"href":"https:\/\/www.happy-brands.com\/sv\/wp-json\/wp\/v2\/users\/1"}],"replies":[{"embeddable":true,"href":"https:\/\/www.happy-brands.com\/sv\/wp-json\/wp\/v2\/comments?post=28699"}],"version-history":[{"count":3,"href":"https:\/\/www.happy-brands.com\/sv\/wp-json\/wp\/v2\/pages\/28699\/revisions"}],"predecessor-version":[{"id":58370,"href":"https:\/\/www.happy-brands.com\/sv\/wp-json\/wp\/v2\/pages\/28699\/revisions\/58370"}],"wp:attachment":[{"href":"https:\/\/www.happy-brands.com\/sv\/wp-json\/wp\/v2\/media?parent=28699"}],"curies":[{"name":"wp","href":"https:\/\/api.w.org\/{rel}","templated":true}]}}