{"id":34,"date":"2018-11-27T07:51:23","date_gmt":"2018-11-27T07:51:23","guid":{"rendered":"https:\/\/www.happy-brands.com\/?page_id=34"},"modified":"2021-04-08T14:10:28","modified_gmt":"2021-04-08T12:10:28","slug":"direkt-foerfragan","status":"publish","type":"page","link":"https:\/\/www.happy-brands.com\/sv\/direkt-foerfragan\/","title":{"rendered":"Direkt f\u00f6rfr\u00e5gan"},"content":{"rendered":"<div class=\"wpb-content-wrapper\"><div class=\"vc_row wpb_row vc_row-fluid wpex-relative\"><div class=\"wpb_column vc_column_container vc_col-sm-3\"><div class=\"vc_column-inner\"><div class=\"wpb_wrapper\"><h1 class=\"hb-heading\"><span class=\"vcex-heading-inner clr\">Direkt<br \/>\nf\u00f6rfr\u00e5gan<\/span><\/h1><\/div><\/div><\/div><div class=\"wpb_column vc_column_container vc_col-sm-9\"><div class=\"vc_column-inner\"><div class=\"wpb_wrapper\"><div class=\"vcex-spacing wpex-w-100 wpex-clear\"><\/div><style>.vcex-heading.vcex_69f3c5a80ce8d{color:#9b9a99;font-size:18px;font-weight:600;}<\/style><div class=\"vcex-heading vcex-heading-plain vcex-module wpex-heading wpex-text-2xl wpex-div vcex_69f3c5a80ce8d\"><span class=\"vcex-heading-inner wpex-inline-block\">Letar du efter ett specifikt reklamobjekt?<br \/>\nFr\u00e5ga direkt om din \u00f6nskade produkt!<\/span><\/div><div class=\"vcex-spacing wpex-w-100 wpex-clear\"><\/div><div class=\"vcex-form-shortcode vcex-module wpex-form wpex-m-auto wpex-max-w-100\"><div class=\"forminator-ui forminator-custom-form forminator-custom-form-9211 forminator-design--flat  forminator_ajax\" data-forminator-render=\"0\" data-form=\"forminator-module-9211\" data-uid=\"69f3c5a80e489\"><br\/><\/div><form\n\t\t\t\tid=\"forminator-module-9211\"\n\t\t\t\tclass=\"forminator-ui forminator-custom-form forminator-custom-form-9211 forminator-design--flat  forminator_ajax\"\n\t\t\t\tmethod=\"post\"\n\t\t\t\tdata-forminator-render=\"0\"\n\t\t\t\tdata-form-id=\"9211\"\n\t\t\t\tenctype=\"multipart\/form-data\" data-color-option=\"default\" data-design=\"flat\" data-grid=\"open\" style=\"display: none;\"\n\t\t\t\tdata-uid=\"69f3c5a80e489\" action=\"\"\n\t\t\t><div role=\"alert\" aria-live=\"polite\" class=\"forminator-response-message forminator-error\" aria-hidden=\"true\"><\/div><div class=\"forminator-row\"><div id=\"name-1\" class=\"forminator-field-name forminator-col forminator-col-6  nolabel\"><div class=\"forminator-field\"><label for=\"forminator-field-name-1_69f3c5a80e489\" id=\"forminator-field-name-1_69f3c5a80e489-label\" class=\"forminator-label\">F\u00f6rnamn <span class=\"forminator-required\">*<\/span><\/label><input type=\"text\" name=\"name-1\" value=\"\" placeholder=\"F\u00f6rnamn\" id=\"forminator-field-name-1_69f3c5a80e489\" class=\"forminator-input forminator-name--field\" aria-required=\"true\" autocomplete=\"name\" \/><\/div><\/div><div id=\"name-2\" class=\"forminator-field-name forminator-col forminator-col-6  nolabel\"><div class=\"forminator-field\"><label for=\"forminator-field-name-2_69f3c5a80e489\" id=\"forminator-field-name-2_69f3c5a80e489-label\" class=\"forminator-label\">Efternamn <span class=\"forminator-required\">*<\/span><\/label><input type=\"text\" name=\"name-2\" value=\"\" placeholder=\"Efternamn\" id=\"forminator-field-name-2_69f3c5a80e489\" class=\"forminator-input forminator-name--field\" aria-required=\"true\" autocomplete=\"name\" \/><\/div><\/div><\/div><div class=\"forminator-row\"><div id=\"phone-2\" class=\"forminator-field-phone forminator-col forminator-col-4  nolabel\"><div class=\"forminator-field\"><label for=\"forminator-field-phone-2_69f3c5a80e489\" id=\"forminator-field-phone-2_69f3c5a80e489-label\" class=\"forminator-label\">Telefon <span class=\"forminator-required\">*<\/span><\/label><input type=\"text\" name=\"phone-2\" value=\"\" placeholder=\"Telefon\" id=\"forminator-field-phone-2_69f3c5a80e489\" class=\"forminator-input forminator-field--phone\" data-required=\"1\" aria-required=\"true\" autocomplete=\"off\" \/><\/div><\/div><div id=\"email-1\" class=\"forminator-field-email forminator-col forminator-col-4  nolabel\"><div class=\"forminator-field\"><label for=\"forminator-field-email-1_69f3c5a80e489\" id=\"forminator-field-email-1_69f3c5a80e489-label\" class=\"forminator-label\">E-Mail <span class=\"forminator-required\">*<\/span><\/label><input type=\"email\" name=\"email-1\" value=\"\" placeholder=\"E-Mail\" id=\"forminator-field-email-1_69f3c5a80e489\" class=\"forminator-input forminator-email--field\" data-required=\"true\" aria-required=\"true\" autocomplete=\"email\" \/><\/div><\/div><div id=\"text-1\" class=\"forminator-field-text forminator-col forminator-col-4  nolabel\"><div class=\"forminator-field\"><label for=\"forminator-field-text-1_69f3c5a80e489\" id=\"forminator-field-text-1_69f3c5a80e489-label\" class=\"forminator-label\">Bedriva <span class=\"forminator-required\">*<\/span><\/label><input type=\"text\" name=\"text-1\" value=\"\" placeholder=\"Bedriva\" id=\"forminator-field-text-1_69f3c5a80e489\" class=\"forminator-input forminator-name--field\" data-required=\"1\" \/><\/div><\/div><\/div><div class=\"forminator-row\"><div id=\"text-4\" class=\"forminator-field-text forminator-col forminator-col-3  nolabel\"><div class=\"forminator-field\"><label for=\"forminator-field-text-4_69f3c5a80e489\" id=\"forminator-field-text-4_69f3c5a80e489-label\" class=\"forminator-label\">Gata och husnummer <span class=\"forminator-required\">*<\/span><\/label><input type=\"text\" name=\"text-4\" value=\"\" placeholder=\"Gata och husnummer\" id=\"forminator-field-text-4_69f3c5a80e489\" class=\"forminator-input forminator-name--field\" data-required=\"1\" \/><\/div><\/div><div id=\"text-6\" class=\"forminator-field-text forminator-col forminator-col-3  nolabel\"><div class=\"forminator-field\"><label for=\"forminator-field-text-6_69f3c5a80e489\" id=\"forminator-field-text-6_69f3c5a80e489-label\" class=\"forminator-label\">Postnummer <span class=\"forminator-required\">*<\/span><\/label><input type=\"text\" name=\"text-6\" value=\"\" placeholder=\"Postnummer\" id=\"forminator-field-text-6_69f3c5a80e489\" class=\"forminator-input forminator-name--field\" data-required=\"1\" \/><\/div><\/div><div id=\"text-2\" class=\"forminator-field-text forminator-col forminator-col-3  nolabel\"><div class=\"forminator-field\"><label for=\"forminator-field-text-2_69f3c5a80e489\" id=\"forminator-field-text-2_69f3c5a80e489-label\" class=\"forminator-label\">Stad <span class=\"forminator-required\">*<\/span><\/label><input type=\"text\" name=\"text-2\" value=\"\" placeholder=\"Stad\" id=\"forminator-field-text-2_69f3c5a80e489\" class=\"forminator-input forminator-name--field\" data-required=\"1\" \/><\/div><\/div><div id=\"text-7\" class=\"forminator-field-text forminator-col forminator-col-3  nolabel\"><div class=\"forminator-field\"><label for=\"forminator-field-text-7_69f3c5a80e489\" id=\"forminator-field-text-7_69f3c5a80e489-label\" class=\"forminator-label\">Land<\/label><input type=\"text\" name=\"text-7\" value=\"\" placeholder=\"Land\" id=\"forminator-field-text-7_69f3c5a80e489\" class=\"forminator-input forminator-name--field\" data-required=\"\" \/><\/div><\/div><\/div><div class=\"forminator-row\"><div id=\"text-10\" class=\"forminator-field-text forminator-col forminator-col-6\"><div class=\"forminator-field\"><label for=\"forminator-field-text-10_69f3c5a80e489\" id=\"forminator-field-text-10_69f3c5a80e489-label\" class=\"forminator-label\">produkt<\/label><input type=\"text\" name=\"text-10\" value=\"\" placeholder=\"Vilken reklamartikel \u00e4r du intresserad av?\" id=\"forminator-field-text-10_69f3c5a80e489\" class=\"forminator-input forminator-name--field\" data-required=\"\" \/><\/div><\/div><div id=\"text-8\" class=\"forminator-field-text forminator-col forminator-col-6\"><div class=\"forminator-field\"><label for=\"forminator-field-text-8_69f3c5a80e489\" id=\"forminator-field-text-8_69f3c5a80e489-label\" class=\"forminator-label\">\u00d6nskad f\u00e4rg<\/label><input type=\"text\" name=\"text-8\" value=\"\" placeholder=\"F\u00e4rgnamn eller Pantone\" id=\"forminator-field-text-8_69f3c5a80e489\" class=\"forminator-input forminator-name--field\" data-required=\"\" \/><\/div><\/div><\/div><div class=\"forminator-row\"><div id=\"html-1\" class=\"forminator-field-html forminator-col forminator-col-6\"><div class=\"forminator-field forminator-merge-tags\" data-field=\"html-1\"><label class=\"forminator-label\">Din logotyp\/motiv<\/label>Din logotyp eller \u00f6nskade motiv hj\u00e4lper oss att anpassa erbjudandet mer exakt efter dina behov. Skicka oss din mall i ett vanligt grafiskt format (JPG, GIF, PNG) eller som en vektorfil (EPS, AI, PDF).<\/div><\/div><div id=\"upload-1\" class=\"forminator-field-upload forminator-col forminator-col-6\"><div class=\"forminator-field\"><label for=\"forminator-field-upload-1_69f3c5a80e489\" id=\"forminator-field-upload-1_69f3c5a80e489-label\" class=\"forminator-label\">Uppladdning av logotyp\/motiv<\/label><div class=\"forminator-file-upload\" data-element=\"upload-1_69f3c5a80e489\"><input type=\"file\" name=\"upload-1\" id=\"forminator-field-upload-1_69f3c5a80e489\" class=\"forminator-input-file\" accept=\".jpg,.jpeg,.jpe,.gif,.png,.bmp,.tiff,.tif,.ico,.asf,.asx,.wmv,.wmx,.wm,.avi,.divx,.flv,.mov,.qt,.mpeg,.mpg,.mpe,.mp4,.m4v,.ogv,.webm,.mkv,.3gp,.3gpp,.3g2,.3gp2,.txt,.asc,.c,.cc,.h,.srt,.csv,.tsv,.ics,.rtx,.vtt,.mp3,.m4a,.m4b,.aac,.ra,.ram,.wav,.ogg,.oga,.flac,.mid,.midi,.wma,.wax,.mka,.rtf,.pdf,.class,.tar,.zip,.gz,.gzip,.7z,.psd,.xcf,.doc,.pot,.pps,.ppt,.wri,.xla,.xls,.xlt,.xlw,.mdb,.mpp,.docx,.docm,.dotx,.dotm,.xlsx,.xlsm,.xlsb,.xltx,.xltm,.xlam,.pptx,.pptm,.ppsx,.ppsm,.potx,.potm,.ppam,.sldx,.sldm,.onetoc,.onetoc2,.onetmp,.onepkg,.oxps,.xps,.odt,.odp,.ods,.odg,.odc,.odb,.odf,.wp,.wpd,.key,.numbers,.pages\" tabindex=\"-1\"><button id=\"forminator-field-upload-1_69f3c5a80e489_button\" class=\"forminator-button forminator-button-upload\" data-id=\"forminator-field-upload-1_69f3c5a80e489\">Ladda upp fil<\/button><span data-empty-text=\"\"><\/span><button class=\"forminator-button-delete\" style=\"display: none;\"><i class=\"forminator-icon-close\" aria-hidden=\"true\"><\/i><span class=\"forminator-screen-reader-only\">Ta bort uppladdad fil<\/span><\/button><\/div><\/div><\/div><\/div><div class=\"forminator-row\"><div id=\"text-9\" class=\"forminator-field-text forminator-col forminator-col-6\"><div class=\"forminator-field\"><label for=\"forminator-field-text-9_69f3c5a80e489\" id=\"forminator-field-text-9_69f3c5a80e489-label\" class=\"forminator-label\">Folkmassan<\/label><input type=\"text\" name=\"text-9\" value=\"\" placeholder=\"Minsta orderkvantitet: 100 stycken \/ eventuellt h\u00f6gre\" id=\"forminator-field-text-9_69f3c5a80e489\" class=\"forminator-input forminator-name--field\" data-required=\"\" \/><\/div><\/div><div id=\"date-1\" class=\"forminator-field-date forminator-col forminator-col-6\"><div class=\"forminator-field\"><label for=\"forminator-field-date-1-picker_69f3c5a80e489\" id=\"forminator-field-date-1-picker_69f3c5a80e489-label\" class=\"forminator-label\">\u00d6nskat leveransdatum<\/label><div class=\"forminator-input-with-icon\"><span class=\"forminator-icon-calendar\" aria-hidden=\"true\"><\/span><input autocomplete=\"off\" type=\"text\" size=\"1\" name=\"date-1\" value=\"\" placeholder=\"leveransdatum\" id=\"forminator-field-date-1-picker_69f3c5a80e489\" class=\"forminator-input forminator-datepicker\" data-required=\"\" data-format=\"dd\/mm\/yy\" data-restrict-type=\"\" data-restrict=\"\" data-start-year=\"1926\" data-end-year=\"2126\" data-past-dates=\"enable\" data-start-of-week=\"1\" data-start-date=\"\" data-end-date=\"\" data-start-field=\"\" data-end-field=\"\" data-start-offset=\"\" data-end-offset=\"\" data-disable-date=\"\" data-disable-range=\"\" \/><\/div><\/div><\/div><\/div><div class=\"forminator-row\"><div id=\"textarea-1\" class=\"forminator-field-textarea forminator-col forminator-col-12\"><div class=\"forminator-field\"><label for=\"forminator-field-textarea-1_69f3c5a80e489\" id=\"forminator-field-textarea-1_69f3c5a80e489-label\" class=\"forminator-label\">ditt meddelande<\/label><textarea name=\"textarea-1\" placeholder=\"Allt annat du vill ber\u00e4tta f\u00f6r oss\" id=\"forminator-field-textarea-1_69f3c5a80e489\" class=\"forminator-textarea\" rows=\"6\" style=\"min-height:140px;\" maxlength=\"180\" ><\/textarea><span id=\"forminator-field-textarea-1_69f3c5a80e489-description\" class=\"forminator-description\"><span data-limit=\"180\" data-type=\"characters\" data-editor=\"\">0 \/ 180<\/span><\/span><\/div><\/div><\/div><div class=\"forminator-row\"><div id=\"gdprcheckbox-1\" class=\"forminator-field-gdprcheckbox forminator-col forminator-col-12\"><div class=\"forminator-field\"><label for=\"forminator-field-gdprcheckbox-1_69f3c5a80e489\" id=\"forminator-field-gdprcheckbox-1_69f3c5a80e489-label\" class=\"forminator-label\">Dataskydd <span class=\"forminator-required\">*<\/span><\/label><label for=\"forminator-field-gdprcheckbox-1_69f3c5a80e489\" class=\"forminator-checkbox\"><input type=\"checkbox\" name=\"gdprcheckbox-1\" value=\"true\" id=\"forminator-field-gdprcheckbox-1_69f3c5a80e489\" data-required=\"true\" aria-required=\"true\" \/><span class=\"forminator-checkbox-box\" aria-hidden=\"true\"><\/span><span class=\"forminator-checkbox-label\">Jag samtycker till att de inmatade uppgifterna tillf\u00e4lligt lagras och behandlas elektroniskt i syfte att kontakta mig. Ytterligare information om behandlingen av dina uppgifter finns i v\u00e5ra dataskyddsbest\u00e4mmelser.<\/span><\/label><\/div><\/div><\/div><input type=\"hidden\" name=\"referer_url\" value=\"\" \/><div class=\"forminator-row forminator-row-last\"><div class=\"forminator-col\"><div class=\"forminator-field\"><button class=\"forminator-button forminator-button-submit\">Skicka en f\u00f6rfr\u00e5gan<\/button><\/div><\/div><\/div><input type=\"hidden\" id=\"forminator_nonce\" name=\"forminator_nonce\" value=\"10c91269a0\" \/><input type=\"hidden\" name=\"_wp_http_referer\" value=\"\/sv\/wp-json\/wp\/v2\/pages\/34\" \/><input type=\"hidden\" name=\"form_id\" value=\"9211\"><input type=\"hidden\" name=\"page_id\" value=\"34\"><input type=\"hidden\" name=\"form_type\" value=\"\"><input type=\"hidden\" name=\"current_url\" value=\"https:\/\/www.happy-brands.com\/sv\/direkt-foerfragan\/\"><input type=\"hidden\" name=\"render_id\" value=\"0\"><input type=\"hidden\" name=\"action\" value=\"forminator_submit_form_custom-forms\"><label for=\"input_17\" class=\"forminator-hidden\" aria-hidden=\"true\">V\u00e4nligen fyll inte i detta f\u00e4lt. <input id=\"input_17\" type=\"text\" name=\"input_17\" value=\"\" autocomplete=\"off\"><\/label><input type=\"hidden\" name=\"trp-form-language\" value=\"sv\"\/><\/form><\/div><\/div><\/div><\/div><\/div>\n<\/div>","protected":false},"excerpt":{"rendered":"Direktf\u00f6rfr\u00e5gan Letar du efter en specifik reklamartikel? Fr\u00e5ga direkt om din \u00f6nskade produkt!F\u00f6rnamn *Efternamn *Telefon *E-post *F\u00f6retag *Gata och husnummer *Postnummer *Stad *LandProdukt \u00d6nskad f\u00e4rgDin logotyp\/motivDin logotyp eller \u00f6nskat motiv hj\u00e4lper oss att anpassa erbjudandet mer exakt till ditt behov. Skicka oss din mall i ett vanligt grafiskt format (JPG, GIF, PNG)...","protected":false},"author":1,"featured_media":0,"parent":0,"menu_order":0,"comment_status":"closed","ping_status":"closed","template":"","meta":{"_seopress_robots_primary_cat":"","_seopress_titles_title":"Direkt-Anfrage - HAPPY BRANDS - the promotional item creators","_seopress_titles_desc":"Sie sind auf der Suche nach einem bestimmten Werbeartikel? Oder haben allgemeine Fragen zu der Herstellung von Werbemitteln oder \u00fcber unsere Agentur? Schreiben Sie uns!","_seopress_robots_index":"","footnotes":""},"class_list":["post-34","page","type-page","status-publish","hentry","entry","no-media"],"_links":{"self":[{"href":"https:\/\/www.happy-brands.com\/sv\/wp-json\/wp\/v2\/pages\/34","targetHints":{"allow":["GET"]}}],"collection":[{"href":"https:\/\/www.happy-brands.com\/sv\/wp-json\/wp\/v2\/pages"}],"about":[{"href":"https:\/\/www.happy-brands.com\/sv\/wp-json\/wp\/v2\/types\/page"}],"author":[{"embeddable":true,"href":"https:\/\/www.happy-brands.com\/sv\/wp-json\/wp\/v2\/users\/1"}],"replies":[{"embeddable":true,"href":"https:\/\/www.happy-brands.com\/sv\/wp-json\/wp\/v2\/comments?post=34"}],"version-history":[{"count":0,"href":"https:\/\/www.happy-brands.com\/sv\/wp-json\/wp\/v2\/pages\/34\/revisions"}],"wp:attachment":[{"href":"https:\/\/www.happy-brands.com\/sv\/wp-json\/wp\/v2\/media?parent=34"}],"curies":[{"name":"wp","href":"https:\/\/api.w.org\/{rel}","templated":true}]}}