{"id":68,"date":"2018-11-27T08:55:29","date_gmt":"2018-11-27T08:55:29","guid":{"rendered":"https:\/\/www.happy-brands.com\/?page_id=68"},"modified":"2023-03-27T16:59:21","modified_gmt":"2023-03-27T14:59:21","slug":"vem-oeverblick","status":"publish","type":"page","link":"https:\/\/www.happy-brands.com\/sv\/vem-oeverblick\/","title":{"rendered":"WHO"},"content":{"rendered":"<div class=\"wpb-content-wrapper\"><div class=\"vc_row wpb_row vc_row-fluid vc_row-o-full-height vc_row-o-columns-middle vc_row-flex wpex-relative\"><div class=\"wpb_column vc_column_container vc_col-sm-12\"><div class=\"vc_column-inner\"><div class=\"wpb_wrapper\"><style>.vcex-heading.vcex_69e0c96d1b342{color:#cccccc;font-size:100px;text-transform:uppercase;line-height:.9em;}@media (max-width:1024px){.vcex-heading.vcex_69e0c96d1b342{font-size:70px;}}@media (max-width:959px){.vcex-heading.vcex_69e0c96d1b342{font-size:60px;}}@media (max-width:767px){.vcex-heading.vcex_69e0c96d1b342{font-size:40px;}}@media (max-width:479px){.vcex-heading.vcex_69e0c96d1b342{font-size:25px;}}<\/style><div class=\"vcex-heading vcex-heading-plain vcex-module wpex-heading wpex-text-2xl wpex-div  wpb_animate_when_almost_visible wpb_fadeIn fadeIn vc_custom_1679929154848 hb-index vcex_69e0c96d1b342\"><span class=\"vcex-heading-inner wpex-inline-block\"><a href=\"\/sv\/vem-oeverblick\/vem-vi-aer-byraprofil\/\">vilka vi \u00e4r<\/a> <a href=\"\/sv\/vem-oeverblick\/vilka-vara-kunder-aer-referenser\/\">Vilka \u00e4r v\u00e5ra kunder<\/a><\/span><\/div><\/div><\/div><\/div><\/div>\n<\/div>","protected":false},"excerpt":{"rendered":"Vilka vi \u00e4r Vilka \u00e4r v\u00e5ra kunder","protected":false},"author":1,"featured_media":0,"parent":0,"menu_order":0,"comment_status":"closed","ping_status":"closed","template":"","meta":{"_seopress_robots_primary_cat":"","_seopress_titles_title":"\u1405 Agentur f\u00fcr Giveaways mit individueller Werbeanbringung \u2013 HAPPY BRANDS","_seopress_titles_desc":"\u1405 Agentur f\u00fcr Giveaways mit individueller Werbeanbringung mit Sitz in Hamburg","_seopress_robots_index":"","footnotes":""},"class_list":["post-68","page","type-page","status-publish","hentry","entry","no-media"],"_links":{"self":[{"href":"https:\/\/www.happy-brands.com\/sv\/wp-json\/wp\/v2\/pages\/68","targetHints":{"allow":["GET"]}}],"collection":[{"href":"https:\/\/www.happy-brands.com\/sv\/wp-json\/wp\/v2\/pages"}],"about":[{"href":"https:\/\/www.happy-brands.com\/sv\/wp-json\/wp\/v2\/types\/page"}],"author":[{"embeddable":true,"href":"https:\/\/www.happy-brands.com\/sv\/wp-json\/wp\/v2\/users\/1"}],"replies":[{"embeddable":true,"href":"https:\/\/www.happy-brands.com\/sv\/wp-json\/wp\/v2\/comments?post=68"}],"version-history":[{"count":0,"href":"https:\/\/www.happy-brands.com\/sv\/wp-json\/wp\/v2\/pages\/68\/revisions"}],"wp:attachment":[{"href":"https:\/\/www.happy-brands.com\/sv\/wp-json\/wp\/v2\/media?parent=68"}],"curies":[{"name":"wp","href":"https:\/\/api.w.org\/{rel}","templated":true}]}}