{"id":87,"date":"2018-11-27T09:08:46","date_gmt":"2018-11-27T09:08:46","guid":{"rendered":"https:\/\/www.happy-brands.com\/?page_id=87"},"modified":"2021-04-08T14:14:55","modified_gmt":"2021-04-08T12:14:55","slug":"vad-vi-goer","status":"publish","type":"page","link":"https:\/\/www.happy-brands.com\/sv\/vilken-oeverblick\/vad-vi-goer\/","title":{"rendered":"Vad vi g\u00f6r"},"content":{"rendered":"<div class=\"wpb-content-wrapper\"><div class=\"vc_row wpb_row vc_row-fluid wpex-relative\"><div class=\"wpb_column vc_column_container vc_col-sm-3\"><div class=\"vc_column-inner\"><div class=\"wpb_wrapper\"><h1 class=\"hb-heading\"><span class=\"vcex-heading-inner clr\">Vad<br \/>\nvi<br \/>\ng\u00f6ra<\/span><\/h1><\/div><\/div><\/div><div class=\"wpb_column vc_column_container vc_col-sm-9\"><div class=\"vc_column-inner\"><div class=\"wpb_wrapper\"><div class=\"vcex-spacing wpex-w-100 wpex-clear\" style=\"height:50px;\"><\/div>\n\t<div class=\"wpb_text_column wpb_content_element vc_custom_1564569851002\" >\n\t\t<div class=\"wpb_wrapper\">\n\t\t\t<p>H\u00f6gkvalitativt reklammaterial och varor.<br \/>\nP\u00e5 v\u00e5rt s\u00e4tt.<br \/>\nKreativ. Kompetent. Personlig.<br \/>\nMed stort fokus p\u00e5 h\u00e5llbarhet, etik och global r\u00e4ttvisa.<\/p>\n<p>Vi r\u00e5der.<br \/>\nVi uppfinner. Vi utvecklar. Vi f\u00f6rb\u00e4ttrar oss.<br \/>\nVi producerar.<\/p>\n<p>Vi s\u00e4tter h\u00f6gsta prioritet p\u00e5 produktkvalitet och produkts\u00e4kerhet, p\u00e5 att deadlines och avtal f\u00f6ljs och p\u00e5 att v\u00e5ra kunder \u00e4r fullst\u00e4ndiga n\u00f6jda.<\/p>\n<p>V\u00e5rt team och v\u00e5rt produktionsutbud \u00e4r extremt varierande. V\u00e5r portf\u00f6lj str\u00e4cker sig \u00f6ver m\u00e5nga olika typer av artiklar.<br \/>\nFr\u00e5n exklusiva smycken och modepresenter till h\u00e5llbara, ekologiska giveaways, till popul\u00e4ra bestsellerreklamartiklar och effektiva merchprodukter till f\u00f6rs\u00e4ljning.<br \/>\nAlltid utformad som en individuell skr\u00e4ddarsydd produkt och tillverkad f\u00f6r v\u00e5ra kunder i b\u00e4sta kvalitet.<\/p>\n\n\t\t<\/div>\n\t<\/div>\n<\/div><\/div><\/div><\/div><div class=\"vc_row wpb_row vc_row-fluid wpex-relative\"><div class=\"wpb_column vc_column_container vc_col-sm-3\"><div class=\"vc_column-inner\"><div class=\"wpb_wrapper\"><\/div><\/div><\/div><div class=\"wpb_column vc_column_container vc_col-sm-9\"><div class=\"vc_column-inner\"><div class=\"wpb_wrapper\"><div class=\"vc_separator wpb_content_element vc_separator_align_center vc_sep_width_100 vc_sep_pos_align_center vc_separator_no_text vc_sep_color_grey wpb_content_element  wpb_content_element\" ><span class=\"vc_sep_holder vc_sep_holder_l\"><span class=\"vc_sep_line\"><\/span><\/span><span class=\"vc_sep_holder vc_sep_holder_r\"><span class=\"vc_sep_line\"><\/span><\/span>\n<\/div><\/div><\/div><\/div><\/div><div class=\"vc_row wpb_row vc_row-fluid wpex-relative\"><div class=\"wpb_column vc_column_container vc_col-sm-3\"><div class=\"vc_column-inner\"><div class=\"wpb_wrapper\"><\/div><\/div><\/div><div class=\"wpb_column vc_column_container vc_col-sm-9\"><div class=\"vc_column-inner\"><div class=\"wpb_wrapper\"><h4 class=\"vcex-heading vcex-heading-plain vcex-module wpex-heading wpex-text-2xl wpex-h4\"><span class=\"vcex-heading-inner wpex-inline-block\">Fallstudier:<\/span><\/h4><div class=\"vcex-image-grid-wrap\"><div class=\"vcex-module vcex-image-grid grid-style-default wpex-row wpex-clr wpex-lightbox-group\" data-show_title=\"false\"><div class=\"id-9279 vcex-image-grid-entry vcex-grid-item wpex-text-center span_1_of_3 col col-1\"><figure class=\"vcex-image-grid-entry-figure wpex-last-mb-0 wpex-clr\"><div class=\"vcex-image-grid-entry-img entry-media wpex-relative wpex-mb-20\"><a href=\"https:\/\/www.happy-brands.com\/wp-content\/uploads\/2019\/07\/Werbegeschenk-Schmuck-Sonderanfertigung.jpg\" class=\"vcex-image-grid-entry-link wpex-lightbox-group-item\" data-show_title=\"false\" data-caption=\"Kunde: Vorwerk <br>Projekt: Silber-Halskette mit Swarowski Anh\u00e4nger in hochwertiger Schachtel\"><img loading=\"lazy\" class=\"wpex-align-middle\" alt=\"Reklampresentsmycken anpassad best\u00e4llning\" decoding=\"async\" src=\"https:\/\/www.happy-brands.com\/wp-content\/uploads\/2019\/07\/Werbegeschenk-Schmuck-Sonderanfertigung-420x300.jpg\" width=\"420\" height=\"300\"><\/a><\/div><figcaption class=\"vcex-image-grid-entry-title wpex-mb-10 wpex-clr\"><div class=\"entry-title\">Kund: Vorwerk <br>Projekt: Silverhalsband med Swarowski-h\u00e4nge i h\u00f6gkvalitativ ask<\/div><\/figcaption><\/figure><\/div><div class=\"id-9523 vcex-image-grid-entry vcex-grid-item wpex-text-center span_1_of_3 col col-2\"><figure class=\"vcex-image-grid-entry-figure wpex-last-mb-0 wpex-clr\"><div class=\"vcex-image-grid-entry-img entry-media wpex-relative wpex-mb-20\"><a href=\"https:\/\/www.happy-brands.com\/wp-content\/uploads\/2019\/07\/Werbeartikel-Badewannenstoepsel.jpg\" class=\"vcex-image-grid-entry-link wpex-lightbox-group-item\" data-show_title=\"false\" data-caption=\"Kunde: AIDA <br> Projekt: Badewannenst\u00f6psel mit Schwimmboje in Sonderform f\u00fcr Kinder\"><img loading=\"lazy\" class=\"wpex-align-middle\" alt=\"Reklambadkarspluggar\" decoding=\"async\" src=\"https:\/\/www.happy-brands.com\/wp-content\/uploads\/2019\/07\/Werbeartikel-Badewannenstoepsel-420x300.jpg\" width=\"420\" height=\"300\"><\/a><\/div><figcaption class=\"vcex-image-grid-entry-title wpex-mb-10 wpex-clr\"><div class=\"entry-title\">Kund: AIDA <br> Projekt: Badkarsplugg med simboj i specialform f\u00f6r barn<\/div><\/figcaption><\/figure><\/div><div class=\"id-9284 vcex-image-grid-entry vcex-grid-item wpex-text-center span_1_of_3 col col-3\"><figure class=\"vcex-image-grid-entry-figure wpex-last-mb-0 wpex-clr\"><div class=\"vcex-image-grid-entry-img entry-media wpex-relative wpex-mb-20\"><a href=\"https:\/\/www.happy-brands.com\/wp-content\/uploads\/2019\/07\/Kundengeschenk-Taschenlampe.jpg\" class=\"vcex-image-grid-entry-link wpex-lightbox-group-item\" data-show_title=\"false\" data-caption=\"Kunde: BMW <br> Projekt: Mini-Taschenlampe in hochwertiger Geschenkebox\"><img loading=\"lazy\" class=\"wpex-align-middle\" alt=\"Kundpresent ficklampa\" decoding=\"async\" src=\"https:\/\/www.happy-brands.com\/wp-content\/uploads\/2019\/07\/Kundengeschenk-Taschenlampe-420x300.jpg\" width=\"420\" height=\"300\"><\/a><\/div><figcaption class=\"vcex-image-grid-entry-title wpex-mb-10 wpex-clr\"><div class=\"entry-title\">Kund: BMW <br> Projekt: Minificklampa i h\u00f6gkvalitativ presentf\u00f6rpackning<\/div><\/figcaption><\/figure><\/div><\/div><\/div><\/div><\/div><\/div><\/div><div class=\"vc_row wpb_row vc_row-fluid wpex-relative\"><div class=\"wpb_column vc_column_container vc_col-sm-3\"><div class=\"vc_column-inner\"><div class=\"wpb_wrapper\"><\/div><\/div><\/div><div class=\"wpb_column vc_column_container vc_col-sm-9\"><div class=\"vc_column-inner\"><div class=\"wpb_wrapper\"><div class=\"vc_separator wpb_content_element vc_separator_align_center vc_sep_width_100 vc_sep_pos_align_center vc_separator_no_text vc_sep_color_grey wpb_content_element  wpb_content_element\" ><span class=\"vc_sep_holder vc_sep_holder_l\"><span class=\"vc_sep_line\"><\/span><\/span><span class=\"vc_sep_holder vc_sep_holder_r\"><span class=\"vc_sep_line\"><\/span><\/span>\n<\/div><\/div><\/div><\/div><\/div><div class=\"vc_row wpb_row vc_row-fluid wpex-relative\"><div class=\"wpb_column vc_column_container vc_col-sm-3\"><div class=\"vc_column-inner\"><div class=\"wpb_wrapper\"><\/div><\/div><\/div><div class=\"wpb_column vc_column_container vc_col-sm-9\"><div class=\"vc_column-inner\"><div class=\"wpb_wrapper\"><h4 class=\"vcex-heading vcex-heading-plain vcex-module wpex-heading wpex-text-2xl wpex-h4\"><span class=\"vcex-heading-inner wpex-inline-block\">Ink\u00f6p \/ Specialproduktioner \/ Bygg din egen<\/span><\/h4>\n\t<div class=\"wpb_text_column wpb_content_element\" >\n\t\t<div class=\"wpb_wrapper\">\n\t\t\t<div class=\"wpb_text_column wpb_content_element vc_custom_1564569882161\">\n<div class=\"wpb_wrapper\">\n<p>Vi f\u00f6r inte produktkataloger eftersom vi inte k\u00e4nner till n\u00e5gra gr\u00e4nser.<br \/>\nOavsett vad du beh\u00f6ver eller t\u00e4nker p\u00e5:<br \/>\nVi kommer att g\u00f6ra det!<\/p>\n<p>Letar du efter en specifik reklampresent eller merchandisingvara?<br \/>\n\u2013 Vi f\u00e5r det. Eller g\u00f6r det \u00e5t dig.<\/p>\n<p>Har du bara en vag id\u00e9?<br \/>\n\u2013 Vi kommer att utveckla det vidare tillsammans med dig. Och implementera det \u00e5t dig.<\/p>\n<p>Vi st\u00f6ttar dig fr\u00e5n b\u00f6rjan till slut. Fr\u00e5n den initiala utvecklingen av en id\u00e9, design och planering, via produktion, till montering och logistik.<\/p>\n<p>Build Your Own, vilket inneb\u00e4r att du kan t\u00e4nka ut, designa och producera ditt eget, helt individuella reklammaterial med v\u00e5r hj\u00e4lp, helt enligt dina specifikationer och p\u00e5 s\u00e5 s\u00e4tt f\u00e5 en reklamvara med maximalt igenk\u00e4nningsv\u00e4rde.<\/p>\n<p>Generellt sett drar vi oss inte f\u00f6r sv\u00e5ra utmaningar.<br \/>\nTv\u00e4rtom: vi tar g\u00e4rna emot dem och l\u00e5ter oss m\u00e4tas p\u00e5 resultaten.<br \/>\nDu kommer att bli n\u00f6jd. Garanterat.<\/p>\n<\/div>\n<\/div>\n\n\t\t<\/div>\n\t<\/div>\n<h4 class=\"vcex-heading vcex-heading-plain vcex-module wpex-heading wpex-text-2xl wpex-h4\"><span class=\"vcex-heading-inner wpex-inline-block\">Fallstudie \/ kund: Vorwerk \/ Projekt: Komplett specialproduktion av en leksaksrobot med LED-belysning<\/span><\/h4><div class=\"vcex-image-grid-wrap\"><div class=\"vcex-module vcex-image-grid grid-style-default wpex-row wpex-clr wpex-lightbox-group\" data-show_title=\"false\"><div class=\"id-9525 vcex-image-grid-entry vcex-grid-item wpex-text-center span_1_of_3 col col-1\"><figure class=\"vcex-image-grid-entry-figure wpex-last-mb-0 wpex-clr\"><div class=\"vcex-image-grid-entry-img entry-media wpex-relative wpex-mb-20\"><a href=\"https:\/\/www.happy-brands.com\/wp-content\/uploads\/2019\/07\/Merchandise-Spielzeug.jpg\" class=\"vcex-image-grid-entry-link wpex-lightbox-group-item\" data-show_title=\"false\"><img loading=\"lazy\" class=\"wpex-align-middle\" alt=\"Merchandise leksaker\" decoding=\"async\" src=\"https:\/\/www.happy-brands.com\/wp-content\/uploads\/2019\/07\/Merchandise-Spielzeug-420x300.jpg\" width=\"420\" height=\"300\"><\/a><\/div><\/figure><\/div><div class=\"id-6376 vcex-image-grid-entry vcex-grid-item wpex-text-center span_1_of_3 col col-2\"><figure class=\"vcex-image-grid-entry-figure wpex-last-mb-0 wpex-clr\"><div class=\"vcex-image-grid-entry-img entry-media wpex-relative wpex-mb-20\"><a href=\"https:\/\/www.happy-brands.com\/wp-content\/uploads\/2019\/07\/Werbemittel-Spielzeug.jpg\" class=\"vcex-image-grid-entry-link wpex-lightbox-group-item\" data-show_title=\"false\"><img loading=\"lazy\" class=\"wpex-align-middle\" alt=\"Reklamleksaker\" decoding=\"async\" src=\"https:\/\/www.happy-brands.com\/wp-content\/uploads\/2019\/07\/Werbemittel-Spielzeug-420x300.jpg\" width=\"420\" height=\"300\"><\/a><\/div><\/figure><\/div><div class=\"id-6375 vcex-image-grid-entry vcex-grid-item wpex-text-center span_1_of_3 col col-3\"><figure class=\"vcex-image-grid-entry-figure wpex-last-mb-0 wpex-clr\"><div class=\"vcex-image-grid-entry-img entry-media wpex-relative wpex-mb-20\"><a href=\"https:\/\/www.happy-brands.com\/wp-content\/uploads\/2019\/07\/Werbeartikel-Spielzeug.jpg\" class=\"vcex-image-grid-entry-link wpex-lightbox-group-item\" data-show_title=\"false\"><img loading=\"lazy\" class=\"wpex-align-middle\" alt=\"Reklamleksaker\" decoding=\"async\" src=\"https:\/\/www.happy-brands.com\/wp-content\/uploads\/2019\/07\/Werbeartikel-Spielzeug-420x300.jpg\" width=\"420\" height=\"300\"><\/a><\/div><\/figure><\/div><\/div><\/div><\/div><\/div><\/div><\/div>\n<\/div>","protected":false},"excerpt":{"rendered":"","protected":false},"author":1,"featured_media":0,"parent":70,"menu_order":0,"comment_status":"closed","ping_status":"closed","template":"","meta":{"_seopress_robots_primary_cat":"","_seopress_titles_title":"\u1405 Was wir machen: Herstellung von Werbemitteln, Werbeartikeln, Merch, Werbegeschenken & Giveaways - HAPPY BRANDS","_seopress_titles_desc":"\u1405 Was wir machen: Herstellung &amp; Beschaffung von Werbemitteln, Werbeartikeln, Merch, Werbegeschenken, Giveaways &amp; individuelle Sonderanfertigungen, zB Sonnenbrille, Schlauchtuch, Bio Baumwolltasche mit eigenem Logo, Funktionsstirnb\u00e4nder, Laufbeanies im eigenen Design","_seopress_robots_index":"","_seopress_analysis_target_kw":"herstellung,werbemittel,werbeartikel,sonderanfertigungen,sourcing","footnotes":""},"class_list":["post-87","page","type-page","status-publish","hentry","entry","no-media"],"_links":{"self":[{"href":"https:\/\/www.happy-brands.com\/sv\/wp-json\/wp\/v2\/pages\/87","targetHints":{"allow":["GET"]}}],"collection":[{"href":"https:\/\/www.happy-brands.com\/sv\/wp-json\/wp\/v2\/pages"}],"about":[{"href":"https:\/\/www.happy-brands.com\/sv\/wp-json\/wp\/v2\/types\/page"}],"author":[{"embeddable":true,"href":"https:\/\/www.happy-brands.com\/sv\/wp-json\/wp\/v2\/users\/1"}],"replies":[{"embeddable":true,"href":"https:\/\/www.happy-brands.com\/sv\/wp-json\/wp\/v2\/comments?post=87"}],"version-history":[{"count":0,"href":"https:\/\/www.happy-brands.com\/sv\/wp-json\/wp\/v2\/pages\/87\/revisions"}],"up":[{"embeddable":true,"href":"https:\/\/www.happy-brands.com\/sv\/wp-json\/wp\/v2\/pages\/70"}],"wp:attachment":[{"href":"https:\/\/www.happy-brands.com\/sv\/wp-json\/wp\/v2\/media?parent=87"}],"curies":[{"name":"wp","href":"https:\/\/api.w.org\/{rel}","templated":true}]}}