{"id":925,"date":"2018-12-10T09:11:54","date_gmt":"2018-12-10T09:11:54","guid":{"rendered":"https:\/\/www.happy-brands.com\/?page_id=925"},"modified":"2025-02-13T10:31:11","modified_gmt":"2025-02-13T09:31:11","slug":"hallbarhetsetik","status":"publish","type":"page","link":"https:\/\/www.happy-brands.com\/sv\/som-oeversikt\/hallbarhetsetik\/","title":{"rendered":"H\u00e5llbarhet &amp; etik"},"content":{"rendered":"<div class=\"wpb-content-wrapper\"><div class=\"vc_row wpb_row vc_row-fluid wpex-relative\"><div class=\"wpb_column vc_column_container vc_col-sm-3\"><div class=\"vc_column-inner\"><div class=\"wpb_wrapper\"><h1 class=\"hb-heading translation-block\"><span class=\"vcex-heading-inner clr\">Efter-<br> varaktighet<br> &amp;<br> etik<\/span><\/h1><\/div><\/div><\/div><div class=\"wpb_column vc_column_container vc_col-sm-9\"><div class=\"vc_column-inner\"><div class=\"wpb_wrapper\"><div class=\"vcex-spacing wpex-w-100 wpex-clear\" style=\"height:50px;\"><\/div>\n\t<div class=\"wpb_text_column wpb_content_element vc_custom_1569831618576\" >\n\t\t<div class=\"wpb_wrapper\">\n\t\t\t<p>Intill <a href=\"\/sv\/som-oeversikt\/produktsaekerhet-produktkvalitet\/\">Produkts\u00e4kerhet och produktkvalitet<\/a> Andra faktorer som blir allt viktigare f\u00f6r samh\u00e4llet i v\u00e5r tid spelar en betydande roll f\u00f6r HAPPY BRANDS strategiska inriktning, urval av produkter och produktionsanl\u00e4ggningar samt produktion och logistik av v\u00e5ra reklamartiklar: ekologiska, ekonomiska och sociala.<\/p>\n<p>Vi agerar och producerar s\u00e5 h\u00e5llbart, r\u00e4ttvist och etiskt som m\u00f6jligt.<\/p>\n<p>HAPPY BRANDS sj\u00e4lva s\u00e5v\u00e4l som dess partners och leverant\u00f6rer \u00e4r d\u00e4rf\u00f6r <a href=\"https:\/\/www.happy-brands.com\/sv\/som-oeversikt\/certifikat\/\">st\u00e4ndigt testade enligt milj\u00f6kriterier samt ekonomiska och sociala kriterier och \u00e4r officiellt certifierade<\/a>. Certifieringarna skiljer sig \u00e5t beroende p\u00e5 produktgrupp och ursprung, men de bekr\u00e4ftar alltid v\u00e5ra ambitioner att agera ekologiskt och r\u00e4ttvist och att f\u00f6rse v\u00e5ra kunder med h\u00e5llbart och r\u00e4ttvist producerat reklammaterial.<\/p>\n<p><strong>Milj\u00f6kriterier<\/strong> omfatta bland annat f\u00f6rbud mot milj\u00f6farliga metaller, kemikalier, bek\u00e4mpningsmedel och genetiskt modifierade organismer. Alla tillsatser m\u00e5ste vara biologiskt nedbrytbara. Generellt sett b\u00f6r man s\u00e4kerst\u00e4lla en milj\u00f6v\u00e4nlig, resursbesparande odlings- och produktionsmetod som anv\u00e4nder s\u00e5 lite vatten som m\u00f6jligt och skapar s\u00e5 lite avfall som m\u00f6jligt.<\/p>\n<p><strong>Sociala och etiska kriterier<\/strong> s\u00e4kerst\u00e4lla s\u00e4kra och h\u00e4lsosamma arbetsf\u00f6rh\u00e5llanden, en sk\u00e4lig minimil\u00f6n och humana arbetstider. Naturligtvis \u00e4r barnarbete, tv\u00e5ngsarbete och diskriminering uttryckligen f\u00f6rbjudet.<\/p>\n<p>I den <strong>ekonomiskt omr\u00e5de<\/strong> det handlar fr\u00e4mst om r\u00e4ttvis global handel och transparenta handelsrelationer. L\u00e4mpliga och r\u00e4ttvisa priser betalas p\u00e5 produktionsplatserna och det finns officiella bevis p\u00e5 fl\u00f6det av varor och pengar.<\/p>\n<p>Det viktigaste <a href=\"\/sv\/som-oeversikt\/certifikat\/\">Certifieringar<\/a>som kontrollerar och bekr\u00e4ftar dessa punkter <a href=\"https:\/\/www.global-standard.org\/de\/\" target=\"_blank\" rel=\"noopener\">GOTS (Global Organic Textile Standard)<\/a>, <a href=\"https:\/\/www.fairtrade-deutschland.de\/produkte\/baumwolle-und-textilien\/hintergrund-fairtrade-baumwolle\" target=\"_blank\" rel=\"noopener\">R\u00e4ttvisem\u00e4rkt bomull<\/a>, BSCI, <a href=\"https:\/\/www.bureauveritas.de\/\" target=\"_blank\" rel=\"noopener\">Bureau Veritas<\/a> och <a href=\"https:\/\/www.oeko-tex.com\/de\/business\/certifications_and_services\/ots_100\/ots_100_start.xhtml\" target=\"_blank\" rel=\"noopener\">OEKO-TEX\u00ae<\/a>. Du hittar mer information om de enskilda organisationerna och deras riktlinjer under &quot;<a href=\"\/sv\/som-oeversikt\/certifikat\/\">Certifikat<\/a>&quot;.<\/p>\n<p>\u00c4nnu mer.<br \/>\n\u00c4ven <strong>Djurskydd<\/strong> \u00e4r mycket viktigt f\u00f6r oss. Vi undviker d\u00e4rf\u00f6r medvetet allt material av animaliskt ursprung, s\u00e5som \u00e4kta l\u00e4der, p\u00e4ls eller liknande.<\/p>\n<p>Vi f\u00f6rs\u00f6ker arbeta s\u00e5 h\u00e5llbart som m\u00f6jligt, inte bara p\u00e5 v\u00e5ra produktionsanl\u00e4ggningar, som vi regelbundet bes\u00f6ker personligen.<br \/>\nV\u00e5r flygfrakt med <a href=\"https:\/\/about.ups.com\/de\/de\/our-company\/governance\/carbon-neutral-credentials.html\" target=\"_blank\" rel=\"noopener\">POSTEN<\/a> \u00e4r <a href=\"https:\/\/www.carbonneutral.com\/\" target=\"_blank\" rel=\"noopener\">koldioxid neutral<\/a>, vi anv\u00e4nder endast \u00e5tervunna produkter inom tryck- och fraktomr\u00e5det <a href=\"https:\/\/www.greenpeace-energy.de\/privatkunden.html\" target=\"_blank\" rel=\"noopener\">Gr\u00f6n el (Greenpeace Energy)<\/a> och v\u00e5ra bud k\u00f6r elfordon eller lastcyklar.<\/p>\n<p>Som HAPPY BRANDS \u00e4r vi medvetna om v\u00e5rt ekologiska och sociala ansvar och g\u00f6r v\u00e5rt yttersta f\u00f6r att handla och producera p\u00e5 ett milj\u00f6v\u00e4nligt och r\u00e4ttvist s\u00e4tt. Vi \u00e4r l\u00e5ngt ifr\u00e5n att n\u00e5 m\u00e5let med v\u00e5ra anstr\u00e4ngningar, det \u00e4r mer en st\u00e4ndig process, en st\u00e4ndig optimering. Men &quot;ekoandan&quot; finns redan djupt inom oss och vi lever den passionerat varje dag.<\/p>\n<p>Och s\u00e5 f\u00f6rs\u00f6ker vi f\u00e5 v\u00e5ra kunder med och motivera dem att vara mer uppm\u00e4rksamma och d\u00e4rf\u00f6r oftast ocks\u00e5 lite mer budget f\u00f6r h\u00e5llbara, r\u00e4ttvist producerade versioner av reklampresenter och handelsvaror.<\/p>\n<p>Kanske du ocks\u00e5? V\u00e5r planet \u2013 och din m\u00e5lgrupps acceptans och reaktion \u2013 kommer att tacka dig.<br \/>\nMycket v\u00e4l investerade merkostnader, enligt oss!<\/p>\n\n\t\t<\/div>\n\t<\/div>\n<\/div><\/div><\/div><\/div><div class=\"vc_row wpb_row vc_row-fluid wpex-relative\"><div class=\"wpb_column vc_column_container vc_col-sm-3\"><div class=\"vc_column-inner\"><div class=\"wpb_wrapper\"><\/div><\/div><\/div><div class=\"wpb_column vc_column_container vc_col-sm-9\"><div class=\"vc_column-inner\"><div class=\"wpb_wrapper\"><div class=\"vc_separator wpb_content_element vc_separator_align_center vc_sep_width_100 vc_sep_pos_align_center vc_separator_no_text vc_sep_color_grey wpb_content_element  wpb_content_element\" ><span class=\"vc_sep_holder vc_sep_holder_l\"><span class=\"vc_sep_line\"><\/span><\/span><span class=\"vc_sep_holder vc_sep_holder_r\"><span class=\"vc_sep_line\"><\/span><\/span>\n<\/div><\/div><\/div><\/div><\/div><div class=\"vc_row wpb_row vc_row-fluid wpex-relative\"><div class=\"wpb_column vc_column_container vc_col-sm-3\"><div class=\"vc_column-inner\"><div class=\"wpb_wrapper\"><\/div><\/div><\/div><div class=\"wpb_column vc_column_container vc_col-sm-9\"><div class=\"vc_column-inner\"><div class=\"wpb_wrapper\"><div class=\"vc_row wpb_row vc_inner vc_row-fluid wpex-relative\"><div class=\"wpb_column vc_column_container vc_col-sm-6\"><div class=\"vc_column-inner\"><div class=\"wpb_wrapper\"><h4 class=\"vcex-heading vcex-heading-plain vcex-module wpex-heading wpex-text-2xl wpex-h4 wpex-text-left\"><span class=\"vcex-heading-inner wpex-inline-block\">Fallstudie 1 _ Ekologisk bomullsp\u00e5se med Fairtrade-m\u00e4rkning<\/span><\/h4><figure class=\"vcex-image vcex-module\"><div class=\"vcex-image-inner wpex-relative wpex-inline-block\"><img width=\"500\" height=\"375\" src=\"https:\/\/www.happy-brands.com\/wp-content\/uploads\/2019\/07\/Baumwolltasche-mit-FAIRTRADE-Label.jpg\" class=\"vcex-image-img wpex-align-middle\" alt=\"Bomullsv\u00e4ska med FAIRTRADE-etikett\" loading=\"lazy\" decoding=\"async\" \/><\/div><\/figure><\/div><\/div><\/div><div class=\"wpb_column vc_column_container vc_col-sm-6\"><div class=\"vc_column-inner\"><div class=\"wpb_wrapper\"><h4 class=\"vcex-heading vcex-heading-plain vcex-module wpex-heading wpex-text-2xl wpex-h4 wpex-text-left\"><span class=\"vcex-heading-inner wpex-inline-block\">Fallstudie 2 _ Ekologisk bomullsv\u00e4ska med GOTS-etikett<\/span><\/h4><figure class=\"vcex-image vcex-module\"><div class=\"vcex-image-inner wpex-relative wpex-inline-block\"><img width=\"800\" height=\"600\" src=\"https:\/\/www.happy-brands.com\/wp-content\/uploads\/2019\/07\/Jutebeutel-mit-GOTS-Label.jpg\" class=\"vcex-image-img wpex-align-middle\" alt=\"Jutev\u00e4ska med GOTS-etikett\" loading=\"lazy\" decoding=\"async\" \/><\/div><\/figure><\/div><\/div><\/div><\/div><\/div><\/div><\/div><\/div>\n<\/div>","protected":false},"excerpt":{"rendered":"H\u00e5llbarhet &amp; etik F\u00f6rutom produkts\u00e4kerhet och produktkvalitet spelar andra faktorer som blir allt viktigare f\u00f6r samh\u00e4llet i v\u00e5r tid en betydande roll f\u00f6r HAPPY BRANDS strategiska inriktning, valet av produkter och produktionsplatser samt produktionen och logistiken av v\u00e5r marknadsf\u00f6ringskampanj. poster: ekologiska, ekonomiska och sociala . Vi agerar och producerar s\u00e5 h\u00e5llbart, r\u00e4ttvist och etiskt som m\u00f6jligt. LYCKLIG...","protected":false},"author":1,"featured_media":0,"parent":72,"menu_order":0,"comment_status":"closed","ping_status":"closed","template":"","meta":{"_seopress_robots_primary_cat":"","_seopress_titles_title":"\u1405 Nachhaltigkeit & Ethik | Fair & \u00f6kologisch produzierte Werbeartikel - HAPPY BRANDS","_seopress_titles_desc":"Als Hersteller von \"gr\u00fcnen\u201c, nachhaltig &amp; fair produzierten Werbeartikeln, Werbemittel &amp; Giveaways spielen Nachhaltigkeit, Ethik &amp; Fairness eine gewichtige Rolle","_seopress_robots_index":"","footnotes":""},"class_list":["post-925","page","type-page","status-publish","hentry","entry","no-media"],"_links":{"self":[{"href":"https:\/\/www.happy-brands.com\/sv\/wp-json\/wp\/v2\/pages\/925","targetHints":{"allow":["GET"]}}],"collection":[{"href":"https:\/\/www.happy-brands.com\/sv\/wp-json\/wp\/v2\/pages"}],"about":[{"href":"https:\/\/www.happy-brands.com\/sv\/wp-json\/wp\/v2\/types\/page"}],"author":[{"embeddable":true,"href":"https:\/\/www.happy-brands.com\/sv\/wp-json\/wp\/v2\/users\/1"}],"replies":[{"embeddable":true,"href":"https:\/\/www.happy-brands.com\/sv\/wp-json\/wp\/v2\/comments?post=925"}],"version-history":[{"count":1,"href":"https:\/\/www.happy-brands.com\/sv\/wp-json\/wp\/v2\/pages\/925\/revisions"}],"predecessor-version":[{"id":51858,"href":"https:\/\/www.happy-brands.com\/sv\/wp-json\/wp\/v2\/pages\/925\/revisions\/51858"}],"up":[{"embeddable":true,"href":"https:\/\/www.happy-brands.com\/sv\/wp-json\/wp\/v2\/pages\/72"}],"wp:attachment":[{"href":"https:\/\/www.happy-brands.com\/sv\/wp-json\/wp\/v2\/media?parent=925"}],"curies":[{"name":"wp","href":"https:\/\/api.w.org\/{rel}","templated":true}]}}