{"id":927,"date":"2018-12-10T09:12:15","date_gmt":"2018-12-10T09:12:15","guid":{"rendered":"https:\/\/www.happy-brands.com\/?page_id=927"},"modified":"2025-02-13T10:31:11","modified_gmt":"2025-02-13T09:31:11","slug":"produktsaekerhet-produktkvalitet","status":"publish","type":"page","link":"https:\/\/www.happy-brands.com\/sv\/som-oeversikt\/produktsaekerhet-produktkvalitet\/","title":{"rendered":"Produkts\u00e4kerhet och produktkvalitet"},"content":{"rendered":"<div class=\"wpb-content-wrapper\"><div class=\"vc_row wpb_row vc_row-fluid wpex-relative\"><div class=\"wpb_column vc_column_container vc_col-sm-3\"><div class=\"vc_column-inner\"><div class=\"wpb_wrapper\"><h1 class=\"hb-heading\"><span class=\"vcex-heading-inner clr\">Produkt-<br \/>\ns\u00e4kerhet<br \/>\n&amp;<br \/>\nProdukt-<br \/>\nKvalitet<\/span><\/h1><\/div><\/div><\/div><div class=\"wpb_column vc_column_container vc_col-sm-9\"><div class=\"vc_column-inner\"><div class=\"wpb_wrapper\"><div class=\"vcex-spacing wpex-w-100 wpex-clear\" style=\"height:50px;\"><\/div>\n\t<div class=\"wpb_text_column wpb_content_element vc_custom_1566467823946\" >\n\t\t<div class=\"wpb_wrapper\">\n\t\t\t<p>Som producent av h\u00f6gkvalitativt reklammaterial vet vi om v\u00e5rt ansvar.<br \/>\nVi arbetar f\u00f6r <a href=\"\/sv\/vem-oeverblick\/vilka-vara-kunder-aer-referenser\/\">v\u00e4lk\u00e4nda varum\u00e4rken, f\u00f6retag, statliga institutioner och st\u00f6rre evenemang<\/a>.<br \/>\nI synnerhet har v\u00e5r m\u00e5ng\u00e5riga erfarenhet av design och produktion av reklamartiklar f\u00f6r barn f\u00f6rt v\u00e5r omsorg och v\u00e5ra egna standarder n\u00e4r det g\u00e4ller produktionss\u00e4kerhet och produktkvalitet till det maximala.<\/p>\n<p>F\u00f6rutom expansionen av v\u00e5r eko-division, med exklusivt &quot;gr\u00f6na&quot; reklamg\u00e5vor som uppfyller alla samtida krav <a href=\"\/sv\/som-oeversikt\/hallbarhetsetik\/\">H\u00e5llbarhet, milj\u00f6kompatibilitet, etik och r\u00e4ttvis global handel<\/a> uppfylla. Den h\u00e4r typen av reklammaterial kr\u00e4ver ocks\u00e5 mer av oss som tillverkare \u00e4n vad som kr\u00e4vs n\u00e4r man tar fram klassiska give-aways. \u00c4nnu mer omsorg, mer anstr\u00e4ngning, mer kontroller och detta resulterade i transparens, och \u00e4nnu mer noggrant t\u00e4nkande och agerande. Men det passar bra ihop f\u00f6r det \u00e4r precis s\u00e5 vi gillar att arbeta passionerat. Det \u00e4r precis det vi \u00e4r s\u00e4rskilt bra p\u00e5.<\/p>\n<p>Generellt sett levererar vi vad\/hur\/n\u00e4r vi lovar!<\/p>\n<p>Men inte till vilket pris som helst.<br \/>\nF\u00f6r det \u00e4r lika viktigt f\u00f6r oss:<br \/>\nHur och under vilka omst\u00e4ndigheter produceras v\u00e5ra varor?<br \/>\nUppfyller de skapade produkterna europeiska standarder och riktlinjer?<\/p>\n<p>Vi kontrollerar detta hela tiden.<br \/>\nPersonligt, p\u00e5 plats.<br \/>\nVi l\u00e5ter regelbundet andra experter kontrollera och granska detta.<br \/>\nFr\u00e5n tyska och internationellt verksamma institut.<br \/>\n<a href=\"https:\/\/www.tuv.com\/germany\/de\/index.html\" target=\"_blank\" rel=\"noopener\">T\u00dcV Rheinland<\/a>. <a href=\"https:\/\/www.hermesworld.com\/de\/unsere-dienstleistungen\/sourcing-product\/produktpruefung\/pruefungen-im-ueberblick\/\" target=\"_blank\" rel=\"noopener\">Hermes Hanseatic Control<\/a>. <a href=\"https:\/\/www.sgsgroup.de\/\" target=\"_blank\" rel=\"noopener\">SGS<\/a>. <a href=\"http:\/\/www.intertek.de\/\" target=\"_blank\" rel=\"noopener\">Intertek<\/a>. BSCI. <a href=\"https:\/\/www.bureauveritas.de\/\" target=\"_blank\" rel=\"noopener\">Bureau Veritas<\/a>.<br \/>\nF\u00f6r att n\u00e4mna n\u00e5gra stycken.<\/p>\n<p>Alla resultat bevisar:<br \/>\nJa.<\/p>\n<p>Vill du ha detaljer?<br \/>\nKontakta oss.<br \/>\nVi svarar g\u00e4rna p\u00e5 dina fr\u00e5gor eller ger dig r\u00e5d om alla aspekter av produkts\u00e4kerhet.<\/p>\n\n\t\t<\/div>\n\t<\/div>\n<\/div><\/div><\/div><\/div><div class=\"vc_row wpb_row vc_row-fluid wpex-relative\"><div class=\"wpb_column vc_column_container vc_col-sm-3\"><div class=\"vc_column-inner\"><div class=\"wpb_wrapper\"><\/div><\/div><\/div><div class=\"wpb_column vc_column_container vc_col-sm-9\"><div class=\"vc_column-inner\"><div class=\"wpb_wrapper\"><div class=\"vc_separator wpb_content_element vc_separator_align_center vc_sep_width_100 vc_sep_pos_align_center vc_separator_no_text vc_sep_color_grey wpb_content_element  wpb_content_element\" ><span class=\"vc_sep_holder vc_sep_holder_l\"><span class=\"vc_sep_line\"><\/span><\/span><span class=\"vc_sep_holder vc_sep_holder_r\"><span class=\"vc_sep_line\"><\/span><\/span>\n<\/div><\/div><\/div><\/div><\/div><div class=\"vc_row wpb_row vc_row-fluid wpex-relative\"><div class=\"wpb_column vc_column_container vc_col-sm-3\"><div class=\"vc_column-inner\"><div class=\"wpb_wrapper\"><\/div><\/div><\/div><div class=\"wpb_column vc_column_container vc_col-sm-9\"><div class=\"vc_column-inner\"><div class=\"wpb_wrapper\"><h4 class=\"vcex-heading vcex-heading-plain vcex-module wpex-heading wpex-text-2xl wpex-h4\"><span class=\"vcex-heading-inner wpex-inline-block\">Fallstudier _ Intern produkttester och kvalitetskontroller<\/span><\/h4><div class=\"vcex-image-grid-wrap\"><div class=\"vcex-module vcex-image-grid grid-style-default wpex-row wpex-clr no-hover\"><div class=\"id-9541 vcex-image-grid-entry vcex-grid-item wpex-text-center span_1_of_2 span_1_of_2_tl span_1_of_2_tp span_1_of_2_pl span_1_of_2_pp col  wpb_animate_when_almost_visible wpb_fadeIn fadeIn col-1\"><figure class=\"vcex-image-grid-entry-figure wpex-last-mb-0 wpex-clr\"><div class=\"vcex-image-grid-entry-img entry-media wpex-relative wpex-mb-20\"><img width=\"800\" height=\"573\" src=\"https:\/\/www.happy-brands.com\/wp-content\/uploads\/2019\/07\/Werbeartikel-Schmuck.jpg\" class=\"wpex-align-middle\" alt=\"Reklamsmycken\" loading=\"lazy\" decoding=\"async\" \/><\/div><\/figure><\/div><div class=\"id-9542 vcex-image-grid-entry vcex-grid-item wpex-text-center span_1_of_2 span_1_of_2_tl span_1_of_2_tp span_1_of_2_pl span_1_of_2_pp col  wpb_animate_when_almost_visible wpb_fadeIn fadeIn col-2\"><figure class=\"vcex-image-grid-entry-figure wpex-last-mb-0 wpex-clr\"><div class=\"vcex-image-grid-entry-img entry-media wpex-relative wpex-mb-20\"><img width=\"800\" height=\"573\" src=\"https:\/\/www.happy-brands.com\/wp-content\/uploads\/2019\/07\/Werbemittel-Schmuck.jpg\" class=\"wpex-align-middle\" alt=\"Reklamsmycken\" loading=\"lazy\" decoding=\"async\" \/><\/div><\/figure><\/div><div class=\"id-9544 vcex-image-grid-entry vcex-grid-item wpex-text-center span_1_of_2 span_1_of_2_tl span_1_of_2_tp span_1_of_2_pl span_1_of_2_pp col  wpb_animate_when_almost_visible wpb_fadeIn fadeIn col-1\"><figure class=\"vcex-image-grid-entry-figure wpex-last-mb-0 wpex-clr\"><div class=\"vcex-image-grid-entry-img entry-media wpex-relative wpex-mb-20\"><img width=\"800\" height=\"533\" src=\"https:\/\/www.happy-brands.com\/wp-content\/uploads\/2019\/07\/Merchandising-Schlauchtuch.jpg\" class=\"wpex-align-middle\" alt=\"Merchandising tubscarf\" loading=\"lazy\" decoding=\"async\" \/><\/div><\/figure><\/div><div class=\"id-9543 vcex-image-grid-entry vcex-grid-item wpex-text-center span_1_of_2 span_1_of_2_tl span_1_of_2_tp span_1_of_2_pl span_1_of_2_pp col  wpb_animate_when_almost_visible wpb_fadeIn fadeIn col-2\"><figure class=\"vcex-image-grid-entry-figure wpex-last-mb-0 wpex-clr\"><div class=\"vcex-image-grid-entry-img entry-media wpex-relative wpex-mb-20\"><img width=\"800\" height=\"533\" src=\"https:\/\/www.happy-brands.com\/wp-content\/uploads\/2019\/07\/Fanartikel-Schweissband.jpg\" class=\"wpex-align-middle\" alt=\"Fl\u00e4ktartikel svettband\" loading=\"lazy\" decoding=\"async\" \/><\/div><\/figure><\/div><\/div><\/div><\/div><\/div><\/div><\/div>\n<\/div>","protected":false},"excerpt":{"rendered":"","protected":false},"author":1,"featured_media":0,"parent":72,"menu_order":0,"comment_status":"closed","ping_status":"closed","template":"","meta":{"_seopress_robots_primary_cat":"","_seopress_titles_title":"\u1405 Produktsicherheit | Hersteller von Werbeartikel & Messe-Giveaways - HAPPY BRANDS","_seopress_titles_desc":"\u1405 Wie wir als Hersteller von Werbeartikeln, Messe-Giveaways &amp; Promotion-Artikeln mit Werbeaufdruck Produktsicherheit &amp; einwandfreie Qualit\u00e4t gew\u00e4hrleisten &amp; garantieren","_seopress_robots_index":"","footnotes":""},"class_list":["post-927","page","type-page","status-publish","hentry","entry","no-media"],"_links":{"self":[{"href":"https:\/\/www.happy-brands.com\/sv\/wp-json\/wp\/v2\/pages\/927","targetHints":{"allow":["GET"]}}],"collection":[{"href":"https:\/\/www.happy-brands.com\/sv\/wp-json\/wp\/v2\/pages"}],"about":[{"href":"https:\/\/www.happy-brands.com\/sv\/wp-json\/wp\/v2\/types\/page"}],"author":[{"embeddable":true,"href":"https:\/\/www.happy-brands.com\/sv\/wp-json\/wp\/v2\/users\/1"}],"replies":[{"embeddable":true,"href":"https:\/\/www.happy-brands.com\/sv\/wp-json\/wp\/v2\/comments?post=927"}],"version-history":[{"count":1,"href":"https:\/\/www.happy-brands.com\/sv\/wp-json\/wp\/v2\/pages\/927\/revisions"}],"predecessor-version":[{"id":51859,"href":"https:\/\/www.happy-brands.com\/sv\/wp-json\/wp\/v2\/pages\/927\/revisions\/51859"}],"up":[{"embeddable":true,"href":"https:\/\/www.happy-brands.com\/sv\/wp-json\/wp\/v2\/pages\/72"}],"wp:attachment":[{"href":"https:\/\/www.happy-brands.com\/sv\/wp-json\/wp\/v2\/media?parent=927"}],"curies":[{"name":"wp","href":"https:\/\/api.w.org\/{rel}","templated":true}]}}